{"id":18061,"date":"2025-07-25T10:43:57","date_gmt":"2025-07-25T10:43:57","guid":{"rendered":"https:\/\/boreait.com\/hr\/?post_type=product&#038;p=18061"},"modified":"2026-01-31T12:38:04","modified_gmt":"2026-01-31T12:38:04","slug":"hynix-hma41gs6afr8n-tf-8-gb-ram-za-prijenosno-racunalo-ddr4","status":"publish","type":"product","link":"https:\/\/boreait.com\/hr\/product\/hynix-hma41gs6afr8n-tf-8-gb-ram-za-prijenosno-racunalo-ddr4\/","title":{"rendered":"Hynix hma41gs6afr8n-tf 8 GB Ram za prijenosno ra\u010dunalo DDR4"},"content":{"rendered":"<p>Hynix hma41gs6afr8n-tf 8 GB Laptop Ram DDR4 je visokokvalitetni memorijski modul dizajniran za kori\u0161tenje u prijenosnim ra\u010dunalima. Ima kapacitet od 8gb\u00a0 i radi na frekvenciji od 2133MHz, pru\u017eaju\u0107i brzu i u\u010dinkovitu izvedbu. Ovaj memorijski modul koristi DDR4 memorijsku tehnologiju i ima SODIMM oblik, \u0161to ga \u010dini jednostavnim za ugradnju u kompatibilna prijenosna ra\u010dunala. Idealan je za multitasking i rad sa zahtjevnim aplikacijama kao \u0161to su video ure\u0111ivanje, igranje i obrada podataka. Ovaj memorijski modul je pouzdan i visokokvalitetan proizvod koji mo\u017ee zna\u010dajno pobolj\u0161ati performanse prijenosnog ra\u010dunala. To je savr\u0161ena opcija nadogradnje za korisnike koji \u017eele pove\u0107ati ukupnu izvedbu i brzinu svojih prijenosnih ra\u010dunala. Uz veliki kapacitet i veliku brzinu, s lako\u0107om se mo\u017ee nositi i s najzahtjevnijim ra\u010dunalnim zadacima.<\/p>\n","protected":false},"excerpt":{"rendered":"<p>Hynix hma41gs6afr8n-tf 8 GB Laptop Ram DDR4 je visokokvalitetni memorijski modul dizajniran za kori\u0161tenje u prijenosnim ra\u010dunalima. Ima kapacitet od 8 GB i radi na frekvenciji od 2133MHz, pru\u017eaju\u0107i brzu i u\u010dinkovitu izvedbu. Lako se instalira u kompatibilna prijenosna ra\u010dunala i idealan je za multitasking i pokretanje zahtjevnih aplikacija kao \u0161to su ure\u0111ivanje videa, igranje i obrada podataka. Ovaj memorijski modul pouzdan je i visokokvalitetan proizvod koji mo\u017ee zna\u010dajno pobolj\u0161ati performanse prijenosnog ra\u010dunala, \u0161to ga \u010dini savr\u0161enom opcijom nadogradnje za korisnike koji \u017eele pove\u0107ati ukupnu izvedbu i brzinu prijenosnog ra\u010dunala.<\/p>\n","protected":false},"featured_media":18099,"template":"","meta":[],"product_brand":[],"product_cat":[75,71],"product_tag":[],"class_list":{"0":"post-18061","1":"product","2":"type-product","3":"status-publish","4":"has-post-thumbnail","6":"product_cat-ddr4","7":"product_cat-ram-memory","9":"first","10":"outofstock","11":"taxable","12":"shipping-taxable","13":"purchasable","14":"product-type-simple"},"_links":{"self":[{"href":"https:\/\/boreait.com\/hr\/wp-json\/wp\/v2\/product\/18061","targetHints":{"allow":["GET"]}}],"collection":[{"href":"https:\/\/boreait.com\/hr\/wp-json\/wp\/v2\/product"}],"about":[{"href":"https:\/\/boreait.com\/hr\/wp-json\/wp\/v2\/types\/product"}],"wp:featuredmedia":[{"embeddable":true,"href":"https:\/\/boreait.com\/hr\/wp-json\/wp\/v2\/media\/18099"}],"wp:attachment":[{"href":"https:\/\/boreait.com\/hr\/wp-json\/wp\/v2\/media?parent=18061"}],"wp:term":[{"taxonomy":"product_brand","embeddable":true,"href":"https:\/\/boreait.com\/hr\/wp-json\/wp\/v2\/product_brand?post=18061"},{"taxonomy":"product_cat","embeddable":true,"href":"https:\/\/boreait.com\/hr\/wp-json\/wp\/v2\/product_cat?post=18061"},{"taxonomy":"product_tag","embeddable":true,"href":"https:\/\/boreait.com\/hr\/wp-json\/wp\/v2\/product_tag?post=18061"}],"curies":[{"name":"wp","href":"https:\/\/api.w.org\/{rel}","templated":true}]}}