{"id":18020,"date":"2025-07-25T10:43:36","date_gmt":"2025-07-25T10:43:36","guid":{"rendered":"https:\/\/boreait.com\/hr\/?post_type=product&#038;p=18020"},"modified":"2025-07-25T10:44:08","modified_gmt":"2025-07-25T10:44:08","slug":"intel-i3-2328m-22-ghz-procesor-fcpga988","status":"publish","type":"product","link":"https:\/\/boreait.com\/hr\/product\/intel-i3-2328m-22-ghz-procesor-fcpga988\/","title":{"rendered":"Intel i3-2328M 2,2 GHz procesor FCPGA988"},"content":{"rendered":"<p>Intel i3-2328M je dvojezgreni procesor od 2,2 GHz koji je objavljen 2012. Temelji se na arhitekturi Sandy Bridge i prvenstveno je dizajniran za kori\u0161tenje u prijenosnim ra\u010dunalima i mobilnim ure\u0111ajima. Procesor ima termalnu snagu (TDP) od 35 vata i podr\u017eava do 16 GB DDR3 memorije.<\/p>\n<p>I3-2328M ima Intelovu tehnologiju Hyper-Threading, koja svakoj fizi\u010dkoj jezgri omogu\u0107uje istovremeno izvr\u0161avanje dvije niti, \u0161to rezultira pobolj\u0161anim performansama u aplikacijama s vi\u0161e niti. Tako\u0111er ima integriranu Intel HD Graphics 3000, koja podr\u017eava DirectX 10.1 i mo\u017ee pru\u017eiti pristojne grafi\u010dke performanse za osnovne zadatke i lagano igranje.<\/p>\n<p>Sve u svemu, i3-2328M procesor je srednje klase koji pru\u017ea dobre performanse za svakodnevne ra\u010dunalne zadatke kao \u0161to su pregledavanje weba, obrada teksta i kori\u0161tenje multimedije, ali mo\u017ee imati problema sa zahtjevnijim aplikacijama kao \u0161to su ure\u0111ivanje videa i igranje.<\/p>\n<p><strong>Uti\u010dnica: FCPGA988<\/strong><\/p>\n","protected":false},"excerpt":{"rendered":"<p>Intel i3-2328M je dvojezgreni procesor od 2,2 GHz izdan 2012., dizajniran za kori\u0161tenje u prijenosnim ra\u010dunalima i mobilnim ure\u0111ajima. Ima TDP od 35 W, podr\u017eava do 16 GB DDR3 memorije i ima Hyper-Threading tehnologiju za pobolj\u0161ane performanse u vi\u0161enitnim aplikacijama. Tako\u0111er ima integriranu Intel HD Graphics 3000 za osnovne grafi\u010dke zadatke i lagano igranje. i3-2328M pru\u017ea dobre performanse za svakodnevne ra\u010dunalne zadatke, ali mo\u017ee imati problema sa zahtjevnijim aplikacijama.<\/p>\n","protected":false},"featured_media":18092,"template":"","meta":[],"product_brand":[],"product_cat":[74],"product_tag":[],"class_list":{"0":"post-18020","1":"product","2":"type-product","3":"status-publish","4":"has-post-thumbnail","6":"product_cat-processors-cpu","8":"first","9":"instock","10":"taxable","11":"shipping-taxable","12":"purchasable","13":"product-type-simple"},"_links":{"self":[{"href":"https:\/\/boreait.com\/hr\/wp-json\/wp\/v2\/product\/18020","targetHints":{"allow":["GET"]}}],"collection":[{"href":"https:\/\/boreait.com\/hr\/wp-json\/wp\/v2\/product"}],"about":[{"href":"https:\/\/boreait.com\/hr\/wp-json\/wp\/v2\/types\/product"}],"wp:featuredmedia":[{"embeddable":true,"href":"https:\/\/boreait.com\/hr\/wp-json\/wp\/v2\/media\/18092"}],"wp:attachment":[{"href":"https:\/\/boreait.com\/hr\/wp-json\/wp\/v2\/media?parent=18020"}],"wp:term":[{"taxonomy":"product_brand","embeddable":true,"href":"https:\/\/boreait.com\/hr\/wp-json\/wp\/v2\/product_brand?post=18020"},{"taxonomy":"product_cat","embeddable":true,"href":"https:\/\/boreait.com\/hr\/wp-json\/wp\/v2\/product_cat?post=18020"},{"taxonomy":"product_tag","embeddable":true,"href":"https:\/\/boreait.com\/hr\/wp-json\/wp\/v2\/product_tag?post=18020"}],"curies":[{"name":"wp","href":"https:\/\/api.w.org\/{rel}","templated":true}]}}