{"id":18015,"date":"2025-07-25T10:43:36","date_gmt":"2025-07-25T10:43:36","guid":{"rendered":"https:\/\/boreait.com\/hr\/?post_type=product&#038;p=18015"},"modified":"2025-07-25T10:44:02","modified_gmt":"2025-07-25T10:44:02","slug":"originalni-dell-latitude-e7470-naslon-za-ruku-touch-pad-gornji-poklopac-kucista-m2mh8","status":"publish","type":"product","link":"https:\/\/boreait.com\/hr\/product\/originalni-dell-latitude-e7470-naslon-za-ruku-touch-pad-gornji-poklopac-kucista-m2mh8\/","title":{"rendered":"ORIGINALNI Dell Latitude E7470 naslon za ruku TOUCH PAD gornji poklopac ku\u0107i\u0161ta M2MH8"},"content":{"rendered":"<p><strong>ISTI PROIZVOD KAO \u0160TO SE VIDI NA FOTOGRAFIJI!<\/strong><\/p>\n<p>ORIGINALNI Dell Latitude E7470 naslon za ruku TOUCH PAD gornji poklopac ku\u0107i\u0161ta s brojem dijela M2MH8 zamjenski je dio dizajniran za kori\u0161tenje u prijenosnim ra\u010dunalima Dell Latitude E7470. Poklopac podloga za oslonac za dlanove izra\u0111en je od izdr\u017eljivih materijala i to\u010dna je zamjena za originalni dio.<\/p>\n<p>Ova je komponenta dizajnirana tako da se lako instalira i ima ugra\u0111enu dodirnu plohu koja omogu\u0107uje jednostavnu navigaciju i kontrolu prijenosnog ra\u010dunala. To je va\u017ean dio prijenosnog ra\u010dunala jer pru\u017ea udobnu i stabilnu platformu za ruke korisnika dok tipka i koristi dodirnu podlogu.<\/p>\n<p>ORIGINALNI Dell Latitude E7470 oslonac za ruku TOUCH PAD gornji poklopac ku\u0107i\u0161ta M2MH8 je dizajniran da odgovara izvornom dizajnu i estetici prijenosnog ra\u010dunala, osiguravaju\u0107i da se zamjenski dio besprijekorno uklopi u cjelokupni izgled prijenosnog ra\u010dunala. To je idealan zamjenski dio za korisnike koji su o\u0161tetili ili istro\u0161ili originalni poklopac touchpada oslonca za dlanove svog prijenosnog ra\u010dunala.<\/p>\n<p>Ukratko, ORIGINALNI Dell Latitude E7470 oslonac za dlanove TOUCH PAD gornji poklopac ku\u0107i\u0161ta M2MH8 je visokokvalitetni zamjenski dio koji je dizajniran da bude jednostavan za instalaciju i pru\u017ea stabilnu platformu za ruke korisnika dok tipka i koristi touchpad. To\u010dno odgovara originalnom dijelu, osiguravaju\u0107i da dizajn i estetika prijenosnog ra\u010dunala nisu ugro\u017eeni.<\/p>\n","protected":false},"excerpt":{"rendered":"<p>ORIGINALNI Dell Latitude E7470 oslonac za dlanove TOUCH PAD gornji poklopac ku\u0107i\u0161ta s brojem dijela M2MH8 zamjenska je komponenta za prijenosna ra\u010dunala Dell Latitude E7470. Dizajniran je da pru\u017ei stabilnu i udobnu platformu za ruke korisnika dok tipka i koristi touchpad. Poklopac podloge za oslonac za dlan izra\u0111en je od izdr\u017eljivih materijala i ima ugra\u0111enu podlogu za dodir koja omogu\u0107uje jednostavnu navigaciju i kontrolu prijenosnog ra\u010dunala. Lako se postavlja i odgovara originalnom dizajnu i estetici prijenosnog ra\u010dunala. Sve u svemu, ORIGINALNI Dell Latitude E7470 oslonac za dlanove TOUCH PAD gornji poklopac ku\u0107i\u0161ta M2MH8 je visokokvalitetni zamjenski dio koji osigurava stalnu upotrebljivost i izgled prijenosnih ra\u010dunala Dell Latitude E7470.<\/p>\n","protected":false},"featured_media":18083,"template":"","meta":[],"product_brand":[],"product_cat":[51],"product_tag":[52,60],"class_list":{"0":"post-18015","1":"product","2":"type-product","3":"status-publish","4":"has-post-thumbnail","6":"product_cat-laptop-housing","7":"product_tag-dell","8":"product_tag-hp","10":"first","11":"instock","12":"taxable","13":"shipping-taxable","14":"purchasable","15":"product-type-simple"},"_links":{"self":[{"href":"https:\/\/boreait.com\/hr\/wp-json\/wp\/v2\/product\/18015","targetHints":{"allow":["GET"]}}],"collection":[{"href":"https:\/\/boreait.com\/hr\/wp-json\/wp\/v2\/product"}],"about":[{"href":"https:\/\/boreait.com\/hr\/wp-json\/wp\/v2\/types\/product"}],"wp:featuredmedia":[{"embeddable":true,"href":"https:\/\/boreait.com\/hr\/wp-json\/wp\/v2\/media\/18083"}],"wp:attachment":[{"href":"https:\/\/boreait.com\/hr\/wp-json\/wp\/v2\/media?parent=18015"}],"wp:term":[{"taxonomy":"product_brand","embeddable":true,"href":"https:\/\/boreait.com\/hr\/wp-json\/wp\/v2\/product_brand?post=18015"},{"taxonomy":"product_cat","embeddable":true,"href":"https:\/\/boreait.com\/hr\/wp-json\/wp\/v2\/product_cat?post=18015"},{"taxonomy":"product_tag","embeddable":true,"href":"https:\/\/boreait.com\/hr\/wp-json\/wp\/v2\/product_tag?post=18015"}],"curies":[{"name":"wp","href":"https:\/\/api.w.org\/{rel}","templated":true}]}}