{"id":18013,"date":"2025-07-25T10:43:35","date_gmt":"2025-07-25T10:43:35","guid":{"rendered":"https:\/\/boreait.com\/hr\/?post_type=product&#038;p=18013"},"modified":"2025-07-25T10:44:00","modified_gmt":"2025-07-25T10:44:00","slug":"straznja-maska-ekrana-0vgcfj-za-dell-latitude-e6520-lcd-kuciste","status":"publish","type":"product","link":"https:\/\/boreait.com\/hr\/product\/straznja-maska-ekrana-0vgcfj-za-dell-latitude-e6520-lcd-kuciste\/","title":{"rendered":"Stra\u017enja maska ekrana 0VGCFJ za DELL Latitude E6520 &#8211; lcd ku\u0107i\u0161te"},"content":{"rendered":"<p>Stra\u017enja maska zaslona 0VGCFJ je originalni Dell dio koji je dizajniran za kori\u0161tenje s modelom prijenosnog ra\u010dunala Latitude E6520. Ovaj dio slu\u017ei kao za\u0161titni vanjski omota\u010d sklopa zaslona i odgovoran je za za\u0161titu LCD zaslona od vanjskih o\u0161te\u0107enja. Stra\u017enji poklopac izra\u0111en je od visokokvalitetnih materijala koji osiguravaju izdr\u017eljivost i dugotrajnost. Ima elegantan i moderan dizajn koji pobolj\u0161ava cjelokupnu estetiku prijenosnog ra\u010dunala. Ovaj stra\u017enji poklopac zaslona lako se postavlja i mijenja, \u0161to ga \u010dini prakti\u010dnim rje\u0161enjem za korisnike koji trebaju popraviti o\u0161te\u0107eni ili napuknuti stra\u017enji poklopac. Pomo\u0107u ovog dijela korisnici mogu vratiti izvorni izgled i funkcionalnost svojih prijenosnih ra\u010dunala Latitude E6520.<\/p>\n","protected":false},"excerpt":{"rendered":"<p>Stra\u017enja maska zaslona 0VGCFJ je originalni Dell zamjenski dio dizajniran za Latitude E6520 model prijenosnog ra\u010dunala. To je vanjski omota\u010d sklopa zaslona i \u0161titi LCD zaslon od vanjskih o\u0161te\u0107enja. Navlaka je izra\u0111ena od visokokvalitetnih materijala koji osiguravaju izdr\u017eljivost i dugotrajnost. Tako\u0111er ima elegantan dizajn koji prijenosnom ra\u010dunalu daje elegantan izgled. Ovaj stra\u017enji poklopac lako se postavlja i mijenja, \u0161to ga \u010dini prakti\u010dnim rje\u0161enjem za korisnike koji trebaju popraviti o\u0161te\u0107eni ili napuknuti stra\u017enji poklopac zaslona.<\/p>\n","protected":false},"featured_media":18080,"template":"","meta":[],"product_brand":[],"product_cat":[51],"product_tag":[52],"class_list":{"0":"post-18013","1":"product","2":"type-product","3":"status-publish","4":"has-post-thumbnail","6":"product_cat-laptop-housing","7":"product_tag-dell","9":"first","10":"instock","11":"taxable","12":"shipping-taxable","13":"purchasable","14":"product-type-simple"},"_links":{"self":[{"href":"https:\/\/boreait.com\/hr\/wp-json\/wp\/v2\/product\/18013","targetHints":{"allow":["GET"]}}],"collection":[{"href":"https:\/\/boreait.com\/hr\/wp-json\/wp\/v2\/product"}],"about":[{"href":"https:\/\/boreait.com\/hr\/wp-json\/wp\/v2\/types\/product"}],"wp:featuredmedia":[{"embeddable":true,"href":"https:\/\/boreait.com\/hr\/wp-json\/wp\/v2\/media\/18080"}],"wp:attachment":[{"href":"https:\/\/boreait.com\/hr\/wp-json\/wp\/v2\/media?parent=18013"}],"wp:term":[{"taxonomy":"product_brand","embeddable":true,"href":"https:\/\/boreait.com\/hr\/wp-json\/wp\/v2\/product_brand?post=18013"},{"taxonomy":"product_cat","embeddable":true,"href":"https:\/\/boreait.com\/hr\/wp-json\/wp\/v2\/product_cat?post=18013"},{"taxonomy":"product_tag","embeddable":true,"href":"https:\/\/boreait.com\/hr\/wp-json\/wp\/v2\/product_tag?post=18013"}],"curies":[{"name":"wp","href":"https:\/\/api.w.org\/{rel}","templated":true}]}}