{"id":18012,"date":"2025-07-25T10:43:35","date_gmt":"2025-07-25T10:43:35","guid":{"rendered":"https:\/\/boreait.com\/hr\/?post_type=product&#038;p=18012"},"modified":"2025-07-25T10:43:59","modified_gmt":"2025-07-25T10:43:59","slug":"kamera-web-kamera-cn-0cj3p2-cj3p2-za-dell-e5420-e6420-e5520-e6520-m6600-m4600","status":"publish","type":"product","link":"https:\/\/boreait.com\/hr\/product\/kamera-web-kamera-cn-0cj3p2-cj3p2-za-dell-e5420-e6420-e5520-e6520-m6600-m4600\/","title":{"rendered":"Kamera &#8211; web kamera CN-0CJ3P2 CJ3P2 za Dell E5420 E6420 E5520 E6520 M6600 M4600"},"content":{"rendered":"<p>Kamera &#8211; Web kamera CN-0CJ3P2 CJ3P2 Za Dell E5420 E6420 E5520 E6520 M6600 M4600.<\/p>\n","protected":false},"excerpt":{"rendered":"<p>CN-0CJ3P2 ili CJ3P2 je Dell broj dijela za mati\u010dnu plo\u010du koja se koristi u raznim Dell modelima prijenosnih ra\u010dunala, uklju\u010duju\u0107i E5420, E6420, E5520, E6520, M6600 i M4600. To je bitna komponenta u kojoj se nalaze razli\u010diti klju\u010dni dijelovi prijenosnog ra\u010dunala, kao \u0161to su CPU, RAM i drugi priklju\u010dci. Ovaj je dio dizajniran posebno za prijenosna ra\u010dunala Dell i mo\u017eda ne\u0107e biti kompatibilan s drugim modelima ili markama.<\/p>\n","protected":false},"featured_media":18079,"template":"","meta":[],"product_brand":[],"product_cat":[58],"product_tag":[52],"class_list":{"0":"post-18012","1":"product","2":"type-product","3":"status-publish","4":"has-post-thumbnail","6":"product_cat-laptop-camera","7":"product_tag-dell","9":"first","10":"instock","11":"taxable","12":"shipping-taxable","13":"purchasable","14":"product-type-simple"},"_links":{"self":[{"href":"https:\/\/boreait.com\/hr\/wp-json\/wp\/v2\/product\/18012","targetHints":{"allow":["GET"]}}],"collection":[{"href":"https:\/\/boreait.com\/hr\/wp-json\/wp\/v2\/product"}],"about":[{"href":"https:\/\/boreait.com\/hr\/wp-json\/wp\/v2\/types\/product"}],"wp:featuredmedia":[{"embeddable":true,"href":"https:\/\/boreait.com\/hr\/wp-json\/wp\/v2\/media\/18079"}],"wp:attachment":[{"href":"https:\/\/boreait.com\/hr\/wp-json\/wp\/v2\/media?parent=18012"}],"wp:term":[{"taxonomy":"product_brand","embeddable":true,"href":"https:\/\/boreait.com\/hr\/wp-json\/wp\/v2\/product_brand?post=18012"},{"taxonomy":"product_cat","embeddable":true,"href":"https:\/\/boreait.com\/hr\/wp-json\/wp\/v2\/product_cat?post=18012"},{"taxonomy":"product_tag","embeddable":true,"href":"https:\/\/boreait.com\/hr\/wp-json\/wp\/v2\/product_tag?post=18012"}],"curies":[{"name":"wp","href":"https:\/\/api.w.org\/{rel}","templated":true}]}}