{"id":18010,"date":"2025-07-25T10:43:35","date_gmt":"2025-07-25T10:43:35","guid":{"rendered":"https:\/\/boreait.com\/hr\/?post_type=product&#038;p=18010"},"modified":"2025-07-25T10:43:55","modified_gmt":"2025-07-25T10:43:55","slug":"dell-latitude-e6520-zvucna-kartica-usbx2-vga-pal60-ls-6561p","status":"publish","type":"product","link":"https:\/\/boreait.com\/hr\/product\/dell-latitude-e6520-zvucna-kartica-usbx2-vga-pal60-ls-6561p\/","title":{"rendered":"Dell Latitude E6520 zvu\u010dna kartica USBx2 VGA PAL60 LS-6561P"},"content":{"rendered":"<p>Dell Latitude E6420 14&#8243; zvu\u010dnici L + R 0T3MY1 PK23000E900 set su zamjenskih zvu\u010dnika proizvo\u0111a\u010da originalne opreme (OEM) dizajniranih posebno za prijenosno ra\u010dunalo Dell Latitude E6420. Zvu\u010dnici isporu\u010duju jasan stereo zvuk visoke kvalitete i smje\u0161teni su na lijevoj i desnoj strani prijenosnog ra\u010dunala. Lako ih je instalirati i povezati s audio sustavom prijenosnog ra\u010dunala putem standardni audio priklju\u010dak od 3,5 mm.<\/p>\n<p>Dell Latitude E6420 14&#8243; zvu\u010dnici L + R 0T3MY1 PK23000E900 izra\u0111eni su od visokokvalitetnih materijala i dizajnirani su da budu izdr\u017eljivi i dugotrajni. Oni su idealna zamjena za o\u0161te\u0107ene ili neispravne zvu\u010dnike i mogu pobolj\u0161ati ukupnu audio izvedbu prijenosnog ra\u010dunala.<\/p>\n<p>Zvu\u010dnici imaju nazivnu snagu od 2 vata i impedanciju od 4 ohma, pru\u017eaju\u0107i dovoljnu glasno\u0107u i jasno\u0107u za razne audio potrebe. Zvu\u010dnici su tako\u0111er kompatibilni s nizom operativnih sustava i audio softvera, \u0161to ih \u010dini svestranom opcijom nadogradnje za korisnike prijenosnih ra\u010dunala Dell Latitude E6420.<\/p>\n<p>Sve u svemu, Dell Latitude E6420 14&#8243; zvu\u010dnici L + R 0T3MY1 PK23000E900 su visokokvalitetna i pouzdana zamjena za originalne zvu\u010dnike prijenosnog ra\u010dunala Dell Latitude E6420, isporu\u010duju\u0107i jasan i sna\u017ean zvuk za pobolj\u0161anje audio iskustva korisnika.<\/p>\n","protected":false},"excerpt":{"rendered":"<p>Dell Latitude E6420 14&#8243; zvu\u010dnici L + R 0T3MY1 PK23000E900 su set visokokvalitetnih stereo zvu\u010dnika dizajniranih kao zamjena proizvo\u0111a\u010da originalne opreme (OEM) za prijenosno ra\u010dunalo Dell Latitude E6420. Zvu\u010dnici isporu\u010duju jasan i mo\u0107an zvuk i smje\u0161teni su na lijevoj i desnoj strani prijenosnog ra\u010dunala. Lako ih je instalirati i povezati s audio sustavom prijenosnog ra\u010dunala putem Standardni zvu\u010dnici od 3,5 mm imaju ocjenu snage od 4 oma, \u0161to pru\u017ea dovoljnu glasno\u0107u i jasno\u0107u za razli\u010dite audio potrebe, osiguravaju\u0107i izdr\u017eljivost i pouzdanost. Zvu\u010dnici Dell Latitude E6420 0T3MY1 izvrsna su opcija za nadogradnju. korisnici koji \u017eele pobolj\u0161ati audio performanse svog prijenosnog ra\u010dunala.<\/p>\n","protected":false},"featured_media":18055,"template":"","meta":[],"product_brand":[],"product_cat":[62],"product_tag":[52],"class_list":{"0":"post-18010","1":"product","2":"type-product","3":"status-publish","4":"has-post-thumbnail","6":"product_cat-motherboards-board-parts","7":"product_tag-dell","9":"first","10":"instock","11":"taxable","12":"shipping-taxable","13":"purchasable","14":"product-type-simple"},"_links":{"self":[{"href":"https:\/\/boreait.com\/hr\/wp-json\/wp\/v2\/product\/18010","targetHints":{"allow":["GET"]}}],"collection":[{"href":"https:\/\/boreait.com\/hr\/wp-json\/wp\/v2\/product"}],"about":[{"href":"https:\/\/boreait.com\/hr\/wp-json\/wp\/v2\/types\/product"}],"wp:featuredmedia":[{"embeddable":true,"href":"https:\/\/boreait.com\/hr\/wp-json\/wp\/v2\/media\/18055"}],"wp:attachment":[{"href":"https:\/\/boreait.com\/hr\/wp-json\/wp\/v2\/media?parent=18010"}],"wp:term":[{"taxonomy":"product_brand","embeddable":true,"href":"https:\/\/boreait.com\/hr\/wp-json\/wp\/v2\/product_brand?post=18010"},{"taxonomy":"product_cat","embeddable":true,"href":"https:\/\/boreait.com\/hr\/wp-json\/wp\/v2\/product_cat?post=18010"},{"taxonomy":"product_tag","embeddable":true,"href":"https:\/\/boreait.com\/hr\/wp-json\/wp\/v2\/product_tag?post=18010"}],"curies":[{"name":"wp","href":"https:\/\/api.w.org\/{rel}","templated":true}]}}