{"id":18008,"date":"2025-07-25T10:43:35","date_gmt":"2025-07-25T10:43:35","guid":{"rendered":"https:\/\/boreait.com\/hr\/?post_type=product&#038;p=18008"},"modified":"2025-07-25T10:43:53","modified_gmt":"2025-07-25T10:43:53","slug":"nanya-nt4gc64b8hg0ns-di-4gb-ddr3-ram-memorija-za-prijenosno-racunalo","status":"publish","type":"product","link":"https:\/\/boreait.com\/hr\/product\/nanya-nt4gc64b8hg0ns-di-4gb-ddr3-ram-memorija-za-prijenosno-racunalo\/","title":{"rendered":"Nanya NT4GC64B8HG0NS-DI 4GB DDR3 RAM memorija za prijenosno ra\u010dunalo"},"content":{"rendered":"<p>Nanya NT4GC64B8HG0NS-DI je 4GB DDR3 RAM memorijski modul za prijenosna ra\u010dunala. Osmi\u0161ljen je za nadogradnju performansi prijenosnih i prijenosnih ra\u010dunala pove\u0107anjem njihovog kapaciteta memorije. Memorijski modul proizvodi Nanya, vode\u0107i proizvo\u0111a\u010d memorije koji posluje preko 25 godina.<\/p>\n<p>Memorijski modul ima radni takt od 1333 MHz, \u0161to omogu\u0107uje brz prijenos podataka i vi\u0161ezada\u0107nost. Tako\u0111er je dizajniran za rad na niskom naponu od 1,5 V, \u0161to ga \u010dini energetski u\u010dinkovitim i smanjuje stvaranje topline. Memorijski modul tako\u0111er je kompatibilan s ve\u0107inom DDR3 prijenosnih i prijenosnih ra\u010dunala, \u0161to ga \u010dini idealnom opcijom nadogradnje za korisnike koji \u017eele pobolj\u0161ati performanse svog ra\u010dunala.<\/p>\n<p>Nanya NT4GC64B8HG0NS-DI 4GB DDR3 RAM memorija za prijenosna ra\u010dunala je tako\u0111er jednostavna za instalaciju, s plug-and-play dizajnom koji ne zahtijeva posebne alate ili stru\u010dnost. Modul je izra\u0111en od visokokvalitetnih materijala koji osiguravaju njegovu izdr\u017eljivost i pouzdanost. Tako\u0111er je podr\u017ean ograni\u010denim do\u017eivotnim jamstvom tvrtke Nanya, \u0161to korisnicima daje mir pri kupnji.<\/p>\n<p>Sve u svemu, Nanya NT4GC64B8HG0NS-DI 4GB DDR3 RAM memorija za prijenosna ra\u010dunala pouzdan je memorijski modul visokih performansi koji mo\u017ee pobolj\u0161ati performanse prijenosnih i prijenosnih ra\u010dunala.<\/p>\n","protected":false},"excerpt":{"rendered":"<p>Nanya NT4GC64B8HG0NS-DI je 4GB DDR3 RAM memorijski modul za prijenosna ra\u010dunala dizajniran za pove\u0107anje kapaciteta memorije i performansi prijenosnih i prijenosnih ra\u010dunala. Ima radni takt od 1333 MHz i radi na niskom naponu od 1,5 V, \u0161to ga \u010dini energetski u\u010dinkovitim i brzim. Modul je jednostavan za instalaciju, s plug-and-play dizajnom i kompatibilan je s ve\u0107inom DDR3 prijenosnih i prijenosnih ra\u010dunala. Proizveden je od visokokvalitetnih materijala i ima ograni\u010deno do\u017eivotno jamstvo, \u0161to jam\u010di njegovu trajnost i pouzdanost.<\/p>\n","protected":false},"featured_media":18051,"template":"","meta":[],"product_brand":[],"product_cat":[72,71],"product_tag":[],"class_list":{"0":"post-18008","1":"product","2":"type-product","3":"status-publish","4":"has-post-thumbnail","6":"product_cat-ddr3-ddr3l","7":"product_cat-ram-memory","9":"first","10":"instock","11":"taxable","12":"shipping-taxable","13":"purchasable","14":"product-type-simple"},"_links":{"self":[{"href":"https:\/\/boreait.com\/hr\/wp-json\/wp\/v2\/product\/18008","targetHints":{"allow":["GET"]}}],"collection":[{"href":"https:\/\/boreait.com\/hr\/wp-json\/wp\/v2\/product"}],"about":[{"href":"https:\/\/boreait.com\/hr\/wp-json\/wp\/v2\/types\/product"}],"wp:featuredmedia":[{"embeddable":true,"href":"https:\/\/boreait.com\/hr\/wp-json\/wp\/v2\/media\/18051"}],"wp:attachment":[{"href":"https:\/\/boreait.com\/hr\/wp-json\/wp\/v2\/media?parent=18008"}],"wp:term":[{"taxonomy":"product_brand","embeddable":true,"href":"https:\/\/boreait.com\/hr\/wp-json\/wp\/v2\/product_brand?post=18008"},{"taxonomy":"product_cat","embeddable":true,"href":"https:\/\/boreait.com\/hr\/wp-json\/wp\/v2\/product_cat?post=18008"},{"taxonomy":"product_tag","embeddable":true,"href":"https:\/\/boreait.com\/hr\/wp-json\/wp\/v2\/product_tag?post=18008"}],"curies":[{"name":"wp","href":"https:\/\/api.w.org\/{rel}","templated":true}]}}