{"id":18007,"date":"2025-07-25T10:43:35","date_gmt":"2025-07-25T10:43:35","guid":{"rendered":"https:\/\/boreait.com\/hr\/?post_type=product&#038;p=18007"},"modified":"2025-07-25T10:43:52","modified_gmt":"2025-07-25T10:43:52","slug":"dell-latitude-e6520-oem-ventilator-i-hladnjak-0gt9xp","status":"publish","type":"product","link":"https:\/\/boreait.com\/hr\/product\/dell-latitude-e6520-oem-ventilator-i-hladnjak-0gt9xp\/","title":{"rendered":"Dell Latitude E6520 OEM ventilator i hladnjak 0GT9XP"},"content":{"rendered":"<p>Dell Latitude E6520 OEM ventilator i hladnjak 0GT9XP sustav je hla\u0111enja dizajniran za prijenosno ra\u010dunalo Dell Latitude E6520. Sastoji se od ventilatora i hladnjaka koji zajedno odvode toplinu koju stvara CPU prijenosnog ra\u010dunala.<\/p>\n<p>Ventilator je 4-pinski ventilator visokih performansi koji radi pri brzini od 4500 RPM. Dizajniran je za u\u010dinkovito hla\u0111enje CPU-a prijenosnog ra\u010dunala, osiguravaju\u0107i njegov rad na optimalnim temperaturama. Ventilator je tako\u0111er relativno tih, proizvode\u0107i niske razine buke \u010dak i pri velikim brzinama.<\/p>\n<p>Hladnjak je izra\u0111en od visokokvalitetnog aluminija i ima veliku povr\u0161inu za maksimalnu disipaciju topline. Hladnjak je dizajniran da bude u izravnom kontaktu s CPU-om prijenosnog ra\u010dunala, omogu\u0107uju\u0107i mu da brzo apsorbira i odvodi toplinu s CPU-a. Hladnjak je tako\u0111er dizajniran s rebrima i kanalima koji pove\u0107avaju protok zraka i pobolj\u0161avaju performanse hla\u0111enja.<\/p>\n<p>Sve u svemu, Dell Latitude E6520 OEM ventilator i hladnjak 0GT9XP pouzdan je i u\u010dinkovit sustav hla\u0111enja koji poma\u017ee u sprje\u010davanju pregrijavanja i produljuje \u017eivotni vijek procesora prijenosnog ra\u010dunala.<\/p>\n","protected":false},"excerpt":{"rendered":"<p>Dell Latitude E6520 OEM ventilator i hladnjak 0GT9XP sustav je hla\u0111enja koji se sastoji od ventilatora i hladnjaka dizajniran za u\u010dinkovito raspr\u0161ivanje topline koju stvara CPU prijenosnog ra\u010dunala Dell Latitude E6520. Ventilator radi brzinom od 4500 RPM i relativno je tih, dok je hladnjak izra\u0111en od visokokvalitetnog aluminija i ima veliku povr\u0161inu za maksimalnu disipaciju topline. Zajedno, ventilator i hladnjak poma\u017eu sprije\u010diti pregrijavanje i produ\u017euju \u017eivotni vijek procesora prijenosnog ra\u010dunala.<\/p>\n","protected":false},"featured_media":18049,"template":"","meta":[],"product_brand":[],"product_cat":[68],"product_tag":[52],"class_list":{"0":"post-18007","1":"product","2":"type-product","3":"status-publish","4":"has-post-thumbnail","6":"product_cat-cpu-fans-heatsinks","7":"product_tag-dell","9":"first","10":"instock","11":"taxable","12":"shipping-taxable","13":"purchasable","14":"product-type-simple"},"_links":{"self":[{"href":"https:\/\/boreait.com\/hr\/wp-json\/wp\/v2\/product\/18007","targetHints":{"allow":["GET"]}}],"collection":[{"href":"https:\/\/boreait.com\/hr\/wp-json\/wp\/v2\/product"}],"about":[{"href":"https:\/\/boreait.com\/hr\/wp-json\/wp\/v2\/types\/product"}],"wp:featuredmedia":[{"embeddable":true,"href":"https:\/\/boreait.com\/hr\/wp-json\/wp\/v2\/media\/18049"}],"wp:attachment":[{"href":"https:\/\/boreait.com\/hr\/wp-json\/wp\/v2\/media?parent=18007"}],"wp:term":[{"taxonomy":"product_brand","embeddable":true,"href":"https:\/\/boreait.com\/hr\/wp-json\/wp\/v2\/product_brand?post=18007"},{"taxonomy":"product_cat","embeddable":true,"href":"https:\/\/boreait.com\/hr\/wp-json\/wp\/v2\/product_cat?post=18007"},{"taxonomy":"product_tag","embeddable":true,"href":"https:\/\/boreait.com\/hr\/wp-json\/wp\/v2\/product_tag?post=18007"}],"curies":[{"name":"wp","href":"https:\/\/api.w.org\/{rel}","templated":true}]}}