{"id":17972,"date":"2025-07-25T10:43:14","date_gmt":"2025-07-25T10:43:14","guid":{"rendered":"https:\/\/boreait.com\/hr\/?post_type=product&#038;p=17972"},"modified":"2026-01-14T07:02:47","modified_gmt":"2026-01-14T07:02:47","slug":"originalni-dell-n2vfr-wireless-ac-3160-3160ngw-dual-band","status":"publish","type":"product","link":"https:\/\/boreait.com\/hr\/product\/originalni-dell-n2vfr-wireless-ac-3160-3160ngw-dual-band\/","title":{"rendered":"Originalni Dell N2VFR Wireless-AC 3160 3160NGW Dual Band"},"content":{"rendered":"<p>Originalni Dell N2VFR Wireless-AC 3160 3160NGW Dual Band be\u017ei\u010dni je mre\u017eni adapter dizajniran za pru\u017eanje pouzdane i brze Wi-Fi veze za Dell prijenosna i stolna ra\u010dunala. Podr\u017eava najnoviji 802.11ac Wi-Fi standard i kompatibilan je s frekvencijskim pojasima od 2,4 GHz i 5 GHz.<\/p>\n<p>Ovaj mre\u017eni adapter koristi napredne tehnologije kao \u0161to su Multiple Input Multiple Output (MIMO) i oblikovanje snopa za pru\u017eanje pobolj\u0161anih be\u017ei\u010dnih performansi i pokrivenosti. Tako\u0111er podr\u017eava Bluetooth 4.0, \u0161to vam omogu\u0107uje povezivanje s ure\u0111ajima koji podr\u017eavaju Bluetooth kao \u0161to su pametni telefoni, tableti i zvu\u010dnici.<\/p>\n<p>Dell N2VFR Wireless-AC 3160 3160NGW je originalni Dell proizvod, \u0161to zna\u010di da ga je proizveo Dell i dizajniran je posebno za rad s Dell ra\u010dunalima. To osigurava kompatibilnost i pouzdanost, a tako\u0111er omogu\u0107uje jednostavnu instalaciju i postavljanje.<\/p>\n<p>Sve u svemu, Genuine Dell N2VFR Wireless-AC 3160 3160NGW Dual Band je visokokvalitetni be\u017ei\u010dni mre\u017eni adapter koji pru\u017ea brzu i pouzdanu Wi-Fi i Bluetooth vezu za Dell ra\u010dunala.<\/p>\n","protected":false},"excerpt":{"rendered":"<p>Originalni Dell N2VFR Wireless-AC 3160 3160NGW Dual Band be\u017ei\u010dni je mre\u017eni adapter koji pru\u017ea pouzdanu i brzu Wi-Fi vezu za Dell prijenosna i stolna ra\u010dunala. Podr\u017eava 802.11ac Wi-Fi standard, frekvencijske pojaseve od 2,4 GHz i 5 GHz te Bluetooth 4.0. To je originalni Dell proizvod, koji osigurava kompatibilnost i jednostavnu instalaciju.<\/p>\n","protected":false},"featured_media":18042,"template":"","meta":[],"product_brand":[],"product_cat":[62],"product_tag":[52],"class_list":{"0":"post-17972","1":"product","2":"type-product","3":"status-publish","4":"has-post-thumbnail","6":"product_cat-motherboards-board-parts","7":"product_tag-dell","9":"first","10":"instock","11":"taxable","12":"shipping-taxable","13":"purchasable","14":"product-type-simple"},"_links":{"self":[{"href":"https:\/\/boreait.com\/hr\/wp-json\/wp\/v2\/product\/17972","targetHints":{"allow":["GET"]}}],"collection":[{"href":"https:\/\/boreait.com\/hr\/wp-json\/wp\/v2\/product"}],"about":[{"href":"https:\/\/boreait.com\/hr\/wp-json\/wp\/v2\/types\/product"}],"wp:featuredmedia":[{"embeddable":true,"href":"https:\/\/boreait.com\/hr\/wp-json\/wp\/v2\/media\/18042"}],"wp:attachment":[{"href":"https:\/\/boreait.com\/hr\/wp-json\/wp\/v2\/media?parent=17972"}],"wp:term":[{"taxonomy":"product_brand","embeddable":true,"href":"https:\/\/boreait.com\/hr\/wp-json\/wp\/v2\/product_brand?post=17972"},{"taxonomy":"product_cat","embeddable":true,"href":"https:\/\/boreait.com\/hr\/wp-json\/wp\/v2\/product_cat?post=17972"},{"taxonomy":"product_tag","embeddable":true,"href":"https:\/\/boreait.com\/hr\/wp-json\/wp\/v2\/product_tag?post=17972"}],"curies":[{"name":"wp","href":"https:\/\/api.w.org\/{rel}","templated":true}]}}