{"id":17970,"date":"2025-07-25T10:43:14","date_gmt":"2025-07-25T10:43:14","guid":{"rendered":"https:\/\/boreait.com\/hr\/?post_type=product&#038;p=17970"},"modified":"2025-09-23T13:51:38","modified_gmt":"2025-09-23T13:51:38","slug":"tipkovnica-za-prijenosno-racunalo-za-lenovo-25214806-25214807-25214808-25214809-b70-80-slo-slovenski","status":"publish","type":"product","link":"https:\/\/boreait.com\/hr\/product\/tipkovnica-za-prijenosno-racunalo-za-lenovo-25214806-25214807-25214808-25214809-b70-80-slo-slovenski\/","title":{"rendered":"Tipkovnica za prijenosno ra\u010dunalo za Lenovo 25214806 25214807 25214808 25214809 B70-80 SLO &#8211; slovenski"},"content":{"rendered":"<p>Jezik: SLO &#8211; Slovenski &#8211; Slovenska tipkovnica<\/p>\n<p>Tipkovnica prijenosnog ra\u010dunala za Lenovo 25214806 25214807 25214808 25214809 B70-80 je visokokvalitetna tipkovnica dizajnirana posebno za ovaj model prijenosnog ra\u010dunala. Ima standardni raspored s tipkama pune veli\u010dine i numeri\u010dkom tipkovnicom, pru\u017eaju\u0107i udobno i u\u010dinkovito iskustvo tipkanja.<\/p>\n<p>Tipkovnica je izra\u0111ena od izdr\u017eljivih materijala i ima elegantan, crni dizajn koji se besprijekorno stapa s ostatkom estetike prijenosnog ra\u010dunala. Svaka je tipka zasebno osvijetljena bijelim LED svjetlom, \u0161to olak\u0161ava tipkanje u uvjetima slabog osvjetljenja.<\/p>\n<p>Tipkovnica Lenovo 25214806 25214807 25214808 25214809 B70-80 dizajnirana je za jednostavnu instalaciju, s plug-and-play su\u010deljem koje ne zahtijeva poseban softver ili upravlja\u010dke programe. Tako\u0111er se lako \u010disti i odr\u017eava, s klju\u010devima otpornim na prolijevanje koji mogu podnijeti slu\u010dajno prolijevanje i mrvice.<\/p>\n<p>Op\u0107enito, tipkovnica Lenovo 25214806 25214807 25214808 25214809 B70-80 je visokokvalitetan, pouzdan i ergonomski ure\u0111aj za unos koji je idealan za korisnike koji moraju tipkati du\u017ee vrijeme.<\/p>\n","protected":false},"excerpt":{"rendered":"<p>Tipkovnica za prijenosno ra\u010dunalo za Lenovo 25214806 25214807 25214808 25214809 B70-80 je izdr\u017eljiva i elegantna tipkovnica dizajnirana za ovaj odre\u0111eni model prijenosnog ra\u010dunala. Ima standardni raspored s tipkama pune veli\u010dine, numeri\u010dkom tipkovnicom i tipkama s pojedina\u010dnim pozadinskim osvjetljenjem. Plug-and-play su\u010delje olak\u0161ava instalaciju i kori\u0161tenje, a tipke otporne na prolijevanje olak\u0161avaju \u010di\u0161\u0107enje i odr\u017eavanje. Ova je tipkovnica idealna za korisnike koji moraju tipkati du\u017ee vrijeme.<\/p>\n","protected":false},"featured_media":18038,"template":"","meta":[],"product_brand":[],"product_cat":[70],"product_tag":[61],"class_list":{"0":"post-17970","1":"product","2":"type-product","3":"status-publish","4":"has-post-thumbnail","6":"product_cat-laptop-keyboard","7":"product_tag-lenovo","9":"first","10":"instock","11":"taxable","12":"shipping-taxable","13":"purchasable","14":"product-type-simple"},"_links":{"self":[{"href":"https:\/\/boreait.com\/hr\/wp-json\/wp\/v2\/product\/17970","targetHints":{"allow":["GET"]}}],"collection":[{"href":"https:\/\/boreait.com\/hr\/wp-json\/wp\/v2\/product"}],"about":[{"href":"https:\/\/boreait.com\/hr\/wp-json\/wp\/v2\/types\/product"}],"wp:featuredmedia":[{"embeddable":true,"href":"https:\/\/boreait.com\/hr\/wp-json\/wp\/v2\/media\/18038"}],"wp:attachment":[{"href":"https:\/\/boreait.com\/hr\/wp-json\/wp\/v2\/media?parent=17970"}],"wp:term":[{"taxonomy":"product_brand","embeddable":true,"href":"https:\/\/boreait.com\/hr\/wp-json\/wp\/v2\/product_brand?post=17970"},{"taxonomy":"product_cat","embeddable":true,"href":"https:\/\/boreait.com\/hr\/wp-json\/wp\/v2\/product_cat?post=17970"},{"taxonomy":"product_tag","embeddable":true,"href":"https:\/\/boreait.com\/hr\/wp-json\/wp\/v2\/product_tag?post=17970"}],"curies":[{"name":"wp","href":"https:\/\/api.w.org\/{rel}","templated":true}]}}