{"id":17966,"date":"2025-07-25T10:43:13","date_gmt":"2025-07-25T10:43:13","guid":{"rendered":"https:\/\/boreait.com\/hr\/?post_type=product&#038;p=17966"},"modified":"2025-07-25T10:43:41","modified_gmt":"2025-07-25T10:43:41","slug":"lenovo-g70-80-g70-70-b70-80-g70-85-poklopac-kucista-donje-baze-ap0u1000300","status":"publish","type":"product","link":"https:\/\/boreait.com\/hr\/product\/lenovo-g70-80-g70-70-b70-80-g70-85-poklopac-kucista-donje-baze-ap0u1000300\/","title":{"rendered":"Lenovo G70-80 G70-70 B70-80 G70-85 Poklopac ku\u0107i\u0161ta donje baze AP0U1000300"},"content":{"rendered":"<p>Lenovo G70-80 G70-70 B70-80 G70-85 poklopac ku\u0107i\u0161ta donje baze AP0U1000300 je zamjenski dio dizajniran za prijenosna ra\u010dunala Lenovo. Posebno je napravljen da odgovara donjem poklopcu ku\u0107i\u0161ta modela Lenovo G70-80, G70-70, B70-80 i G70-85. Navlaka je izra\u0111ena od visokokvalitetnih materijala koji osiguravaju izdr\u017eljivost i dugotrajnu upotrebu.<\/p>\n<p>Donji poklopac ku\u0107i\u0161ta \u0161titi unutarnje komponente prijenosnog ra\u010dunala, kao \u0161to su mati\u010dna plo\u010da i tvrdi disk, od pra\u0161ine, krhotina i drugih \u010dimbenika iz okoli\u0161a. Tako\u0111er pobolj\u0161ava izgled prijenosnog ra\u010dunala daju\u0107i mu elegantan i ujedna\u010den izgled. Lenovo G70-80 G70-70 B70-80 G70-85 Bottom Base Case Cover AP0U1000300 originalni je Lenovo proizvod i podvrgava se strogim ispitivanjima kvalitete kako bi se osigurala njegova kompatibilnost i pouzdanost s navedenim modelima prijenosnih ra\u010dunala.<\/p>\n<p>Sve u svemu, Lenovo G70-80 G70-70 B70-80 G70-85 Bottom Base Case Cover AP0U1000300 je visokokvalitetni zamjenski dio koji pru\u017ea za\u0161titu unutarnjim komponentama prijenosnog ra\u010dunala i pobolj\u0161ava njegov izgled. Njegova izdr\u017eljivost, kompatibilnost i pouzdanost \u010dine ga idealnim izborom za one koji tra\u017ee dugotrajno rje\u0161enje za svoje prijenosno ra\u010dunalo Lenovo.<\/p>\n","protected":false},"excerpt":{"rendered":"<p>Poklopac donjeg ku\u0107i\u0161ta Lenovo G70-80 G70-70 B70-80 G70-85 AP0U1000300 je zamjenski dio za poklopac donjeg ku\u0107i\u0161ta prijenosnog ra\u010dunala Lenovo G70-80, G70-70, B70-80 i G70-85. Izra\u0111ena od visokokvalitetnih materijala, ova maska je dizajnirana da savr\u0161eno pristaje na dno prijenosnog ra\u010dunala, \u0161tite\u0107i njegove unutarnje komponente i pobolj\u0161avaju\u0107i njegov izgled. To je originalni Lenovo proizvod i podvrgnut je strogim ispitivanjima kvalitete kako bi se osigurala njegova izdr\u017eljivost i kompatibilnost s navedenim modelima prijenosnih ra\u010dunala.<\/p>\n","protected":false},"featured_media":18030,"template":"","meta":[],"product_brand":[],"product_cat":[51],"product_tag":[61],"class_list":{"0":"post-17966","1":"product","2":"type-product","3":"status-publish","4":"has-post-thumbnail","6":"product_cat-laptop-housing","7":"product_tag-lenovo","9":"first","10":"instock","11":"taxable","12":"shipping-taxable","13":"purchasable","14":"product-type-simple"},"_links":{"self":[{"href":"https:\/\/boreait.com\/hr\/wp-json\/wp\/v2\/product\/17966","targetHints":{"allow":["GET"]}}],"collection":[{"href":"https:\/\/boreait.com\/hr\/wp-json\/wp\/v2\/product"}],"about":[{"href":"https:\/\/boreait.com\/hr\/wp-json\/wp\/v2\/types\/product"}],"wp:featuredmedia":[{"embeddable":true,"href":"https:\/\/boreait.com\/hr\/wp-json\/wp\/v2\/media\/18030"}],"wp:attachment":[{"href":"https:\/\/boreait.com\/hr\/wp-json\/wp\/v2\/media?parent=17966"}],"wp:term":[{"taxonomy":"product_brand","embeddable":true,"href":"https:\/\/boreait.com\/hr\/wp-json\/wp\/v2\/product_brand?post=17966"},{"taxonomy":"product_cat","embeddable":true,"href":"https:\/\/boreait.com\/hr\/wp-json\/wp\/v2\/product_cat?post=17966"},{"taxonomy":"product_tag","embeddable":true,"href":"https:\/\/boreait.com\/hr\/wp-json\/wp\/v2\/product_tag?post=17966"}],"curies":[{"name":"wp","href":"https:\/\/api.w.org\/{rel}","templated":true}]}}