{"id":17965,"date":"2025-07-25T10:43:13","date_gmt":"2025-07-25T10:43:13","guid":{"rendered":"https:\/\/boreait.com\/hr\/?post_type=product&#038;p=17965"},"modified":"2025-07-25T10:43:40","modified_gmt":"2025-07-25T10:43:40","slug":"originalni-lenovo-g70-80-oslon-za-dlan-gornja-baza-poklopac-sasije-plastika","status":"publish","type":"product","link":"https:\/\/boreait.com\/hr\/product\/originalni-lenovo-g70-80-oslon-za-dlan-gornja-baza-poklopac-sasije-plastika\/","title":{"rendered":"ORIGINALNI LENOVO G70-80 OSLON ZA DLAN GORNJA BAZA POKLOPAC \u0160ASIJE PLASTIKA"},"content":{"rendered":"<p>Originalni plasti\u010dni gornji poklopac ku\u0107i\u0161ta naslona za dlanove Lenovo G70-80 je visokokvalitetni zamjenski dio za prijenosno ra\u010dunalo Lenovo G70-80. Izra\u0111eno od izdr\u017eljivih plasti\u010dnih materijala, ovo ku\u0107i\u0161te gornjeg postolja oslonca za dlanove dizajnirano je tako da neprimjetno pristaje na okvir prijenosnog ra\u010dunala, \u0161tite\u0107i njegove unutarnje komponente i pobolj\u0161avaju\u0107i njegov ukupni izgled.<\/p>\n<p>Sasija gornjeg osnovnog poklopca oslonca za dlan bitan je dio vanjskog izgleda prijenosnog ra\u010dunala, pru\u017eaju\u0107i stabilnu platformu za tipkovnicu i dodirnu podlogu, a istovremeno nudi udobno mjesto za odmaranje dlanova korisnika. Lenovo G70-80 ku\u0107i\u0161te gornjeg osnovnog poklopca naslona za dlan posebno je dizajnirano da odgovara izvornim specifikacijama prijenosnog ra\u010dunala, osiguravaju\u0107i savr\u0161eno pristajanje i maksimalnu kompatibilnost.<\/p>\n<p>Originalni Lenovo G70-80 oslonac za dlanove s gornjom bazom ku\u0107i\u0161ta proizveden je prema najvi\u0161im standardima kvalitete i izdr\u017eljivosti. Podvrgava se rigoroznom testiranju i inspekciji kako bi se osiguralo da zadovoljava ili prema\u0161uje sve industrijske standarde za performanse i pouzdanost. Ukratko, plasti\u010dni gornji poklopac ku\u0107i\u0161ta originalnog naslona za dlanove Lenovo G70-80 je visokokvalitetni zamjenski dio koji pru\u017ea pouzdanu za\u0161titu i pobolj\u0161ava izgled prijenosnog ra\u010dunala Lenovo G70-80. Njegova kompatibilnost i izdr\u017eljivost \u010dine ga izvrsnim izborom za one koji tra\u017ee dugotrajno rje\u0161enje za ku\u0107i\u0161te gornje baze oslonca za dlanove svog prijenosnog ra\u010dunala.<\/p>\n","protected":false},"excerpt":{"rendered":"<p>Originalni Lenovo G70-80 naslon za dlanove, plasti\u010dni gornji poklopac ku\u0107i\u0161ta je zamjenski dio izra\u0111en od izdr\u017eljivih plasti\u010dnih materijala, dizajniran za za\u0161titu unutarnjih komponenti i pobolj\u0161anje izgleda prijenosnog ra\u010dunala Lenovo G70-80. Proizveden je prema najvi\u0161im standardima kvalitete i podvrgnut je rigoroznim testiranjima kako bi se osigurala pouzdanost i u\u010dinkovitost.<\/p>\n","protected":false},"featured_media":18028,"template":"","meta":[],"product_brand":[],"product_cat":[51],"product_tag":[60,61],"class_list":{"0":"post-17965","1":"product","2":"type-product","3":"status-publish","4":"has-post-thumbnail","6":"product_cat-laptop-housing","7":"product_tag-hp","8":"product_tag-lenovo","10":"first","11":"instock","12":"taxable","13":"shipping-taxable","14":"purchasable","15":"product-type-simple"},"_links":{"self":[{"href":"https:\/\/boreait.com\/hr\/wp-json\/wp\/v2\/product\/17965","targetHints":{"allow":["GET"]}}],"collection":[{"href":"https:\/\/boreait.com\/hr\/wp-json\/wp\/v2\/product"}],"about":[{"href":"https:\/\/boreait.com\/hr\/wp-json\/wp\/v2\/types\/product"}],"wp:featuredmedia":[{"embeddable":true,"href":"https:\/\/boreait.com\/hr\/wp-json\/wp\/v2\/media\/18028"}],"wp:attachment":[{"href":"https:\/\/boreait.com\/hr\/wp-json\/wp\/v2\/media?parent=17965"}],"wp:term":[{"taxonomy":"product_brand","embeddable":true,"href":"https:\/\/boreait.com\/hr\/wp-json\/wp\/v2\/product_brand?post=17965"},{"taxonomy":"product_cat","embeddable":true,"href":"https:\/\/boreait.com\/hr\/wp-json\/wp\/v2\/product_cat?post=17965"},{"taxonomy":"product_tag","embeddable":true,"href":"https:\/\/boreait.com\/hr\/wp-json\/wp\/v2\/product_tag?post=17965"}],"curies":[{"name":"wp","href":"https:\/\/api.w.org\/{rel}","templated":true}]}}