{"id":17943,"date":"2025-07-25T10:42:52","date_gmt":"2025-07-25T10:42:52","guid":{"rendered":"https:\/\/boreait.com\/hr\/?post_type=product&#038;p=17943"},"modified":"2025-07-25T10:43:39","modified_gmt":"2025-07-25T10:43:39","slug":"originalni-ventilator-za-hladenje-procesora-hp-355-g2-746657-001-dfs531005pl0t","status":"publish","type":"product","link":"https:\/\/boreait.com\/hr\/product\/originalni-ventilator-za-hladenje-procesora-hp-355-g2-746657-001-dfs531005pl0t\/","title":{"rendered":"Originalni ventilator za hla\u0111enje procesora HP 355 G2 746657-001 Dfs531005pl0t"},"content":{"rendered":"<p>Originalni ventilator za hla\u0111enje procesora HP 355 G2 746657-001 Dfs531005pl0t je komponenta rashladnog sustava u prijenosnom ra\u010dunalu HP 355 G2. Njegova primarna funkcija je raspr\u0161ivanje topline koju stvara CPU prijenosnog ra\u010dunala, sprje\u010davaju\u0107i njegovo pregrijavanje i potencijalno o\u0161te\u0107enje sustava. Ovaj ventilator originalni je HP-ov dio i dizajniran je da zadovolji specifikacije proizvo\u0111a\u010da, osiguravaju\u0107i pouzdan rad i optimalnu u\u010dinkovitost hla\u0111enja. Broj modela ventilatora je DFS531005PL0T, a broj dijela je 746657-001. Njegova kompaktna veli\u010dina i izdr\u017eljiva konstrukcija \u010dine ga bitnom komponentom u odr\u017eavanju performansi i dugovje\u010dnosti prijenosnog ra\u010dunala HP 355 G2.<\/p>\n","protected":false},"excerpt":{"rendered":"<p>Originalni ventilator za hla\u0111enje procesora HP 355 G2 746657-001 Dfs531005pl0t je pouzdana i u\u010dinkovita komponenta rashladnog sustava u prijenosnom ra\u010dunalu HP 355 G2. Njegova primarna svrha je sprije\u010diti pregrijavanje CPU-a, osiguravaju\u0107i optimalne performanse i dugovje\u010dnost prijenosnog ra\u010dunala. To je originalni HP-ov dio dizajniran da zadovolji specifikacije proizvo\u0111a\u010da, jam\u010de\u0107i pouzdan rad i u\u010dinkovito hla\u0111enje.<\/p>\n","protected":false},"featured_media":18027,"template":"","meta":[],"product_brand":[],"product_cat":[68],"product_tag":[60],"class_list":{"0":"post-17943","1":"product","2":"type-product","3":"status-publish","4":"has-post-thumbnail","6":"product_cat-cpu-fans-heatsinks","7":"product_tag-hp","9":"first","10":"instock","11":"taxable","12":"shipping-taxable","13":"purchasable","14":"product-type-simple"},"_links":{"self":[{"href":"https:\/\/boreait.com\/hr\/wp-json\/wp\/v2\/product\/17943","targetHints":{"allow":["GET"]}}],"collection":[{"href":"https:\/\/boreait.com\/hr\/wp-json\/wp\/v2\/product"}],"about":[{"href":"https:\/\/boreait.com\/hr\/wp-json\/wp\/v2\/types\/product"}],"wp:featuredmedia":[{"embeddable":true,"href":"https:\/\/boreait.com\/hr\/wp-json\/wp\/v2\/media\/18027"}],"wp:attachment":[{"href":"https:\/\/boreait.com\/hr\/wp-json\/wp\/v2\/media?parent=17943"}],"wp:term":[{"taxonomy":"product_brand","embeddable":true,"href":"https:\/\/boreait.com\/hr\/wp-json\/wp\/v2\/product_brand?post=17943"},{"taxonomy":"product_cat","embeddable":true,"href":"https:\/\/boreait.com\/hr\/wp-json\/wp\/v2\/product_cat?post=17943"},{"taxonomy":"product_tag","embeddable":true,"href":"https:\/\/boreait.com\/hr\/wp-json\/wp\/v2\/product_tag?post=17943"}],"curies":[{"name":"wp","href":"https:\/\/api.w.org\/{rel}","templated":true}]}}