{"id":17942,"date":"2025-07-25T10:42:52","date_gmt":"2025-07-25T10:42:52","guid":{"rendered":"https:\/\/boreait.com\/hr\/?post_type=product&#038;p=17942"},"modified":"2025-10-05T08:34:05","modified_gmt":"2025-10-05T08:34:05","slug":"toshiba-satellite-l300-l3000d-originalni-cpu-ventilator-za-hladenje-v000120460__trashed","status":"publish","type":"product","link":"https:\/\/boreait.com\/hr\/product\/toshiba-satellite-l300-l3000d-originalni-cpu-ventilator-za-hladenje-v000120460__trashed\/","title":{"rendered":"TOSHIBA SATELLITE L300 L3000D ORIGINALNI CPU VENTILATOR ZA HLA\u0110ENJE V000120460"},"content":{"rendered":"<p>Toshiba Satellite L300 L3000D originalni ventilator za hla\u0111enje procesora V000120460 komponenta je rashladnog sustava prijenosnog ra\u010dunala koji je posebno dizajniran za sprje\u010davanje pregrijavanja procesora. Ovaj ventilator je autenti\u010dni Toshibin dio i namijenjen je zamjeni neispravnog ili o\u0161te\u0107enog ventilatora u Toshiba Satellite L300 ili L3000D prijenosnom ra\u010dunalu. Ventilator je izra\u0111en od visokokvalitetnih materijala i projektiran kako bi zadovoljio Toshibine stroge standarde kvalitete. Njegova kompaktna veli\u010dina i u\u010dinkovit dizajn \u010dine ga bitnim dijelom rashladnog sustava prijenosnog ra\u010dunala, poma\u017eu\u0107i u odr\u017eavanju optimalnih performansi i sprje\u010davanju o\u0161te\u0107enja uzrokovanih pregrijavanjem.<\/p>\n","protected":false},"excerpt":{"rendered":"<p>TOSHIBA SATELLITE L300 L3000D ORIGINALNI CPU VENTILATOR V000120460 autenti\u010dna je komponenta rashladnog sustava prijenosnog ra\u010dunala koja sprje\u010dava pregrijavanje CPU-a. To je visokokvalitetan i u\u010dinkovit ventilator dizajniran da zadovolji Toshibine stroge standarde kvalitete.<\/p>\n","protected":false},"featured_media":18026,"template":"","meta":[],"product_brand":[],"product_cat":[68],"product_tag":[69],"class_list":{"0":"post-17942","1":"product","2":"type-product","3":"status-publish","4":"has-post-thumbnail","6":"product_cat-cpu-fans-heatsinks","7":"product_tag-toshiba","9":"first","10":"instock","11":"taxable","12":"shipping-taxable","13":"purchasable","14":"product-type-simple"},"_links":{"self":[{"href":"https:\/\/boreait.com\/hr\/wp-json\/wp\/v2\/product\/17942","targetHints":{"allow":["GET"]}}],"collection":[{"href":"https:\/\/boreait.com\/hr\/wp-json\/wp\/v2\/product"}],"about":[{"href":"https:\/\/boreait.com\/hr\/wp-json\/wp\/v2\/types\/product"}],"wp:featuredmedia":[{"embeddable":true,"href":"https:\/\/boreait.com\/hr\/wp-json\/wp\/v2\/media\/18026"}],"wp:attachment":[{"href":"https:\/\/boreait.com\/hr\/wp-json\/wp\/v2\/media?parent=17942"}],"wp:term":[{"taxonomy":"product_brand","embeddable":true,"href":"https:\/\/boreait.com\/hr\/wp-json\/wp\/v2\/product_brand?post=17942"},{"taxonomy":"product_cat","embeddable":true,"href":"https:\/\/boreait.com\/hr\/wp-json\/wp\/v2\/product_cat?post=17942"},{"taxonomy":"product_tag","embeddable":true,"href":"https:\/\/boreait.com\/hr\/wp-json\/wp\/v2\/product_tag?post=17942"}],"curies":[{"name":"wp","href":"https:\/\/api.w.org\/{rel}","templated":true}]}}