{"id":17940,"date":"2025-07-25T10:42:52","date_gmt":"2025-07-25T10:42:52","guid":{"rendered":"https:\/\/boreait.com\/hr\/?post_type=product&#038;p=17940"},"modified":"2025-07-25T10:43:37","modified_gmt":"2025-07-25T10:43:37","slug":"okvir-zaslona-lenovo-thinkpad-x250","status":"publish","type":"product","link":"https:\/\/boreait.com\/hr\/product\/okvir-zaslona-lenovo-thinkpad-x250\/","title":{"rendered":"Okvir zaslona Lenovo ThinkPad X250"},"content":{"rendered":"<p>Okvir zaslona Lenovo ThinkPad X250 bitna je komponenta dizajnirana za za\u0161titu i podr\u0161ku zaslonu prijenosnog ra\u010dunala. Ovaj originalni zamjenski dio napravljen je da zadovolji to\u010dne specifikacije proizvo\u0111a\u010da originalne opreme i kompatibilan je s modelom prijenosnog ra\u010dunala ThinkPad X250.<\/p>\n<p>Okvir zaslona izra\u0111en je od visokokvalitetnih materijala koji osiguravaju izdr\u017eljivost, pouzdanost i dugotrajnu upotrebu. Okvir \u010dvrsto pristaje oko zaslona prijenosnog ra\u010dunala, pru\u017eaju\u0107i za\u0161titu od slu\u010dajnih udaraca i ogrebotina, a istovremeno nudi potrebnu potporu da zaslon ostane na mjestu. To poma\u017ee osigurati da prijenosno ra\u010dunalo radi glatko i dosljedno.<\/p>\n<p>Postupak instalacije za okvir zaslona Lenovo ThinkPad X250 jednostavan je i ne zahtijeva nikakve posebne vje\u0161tine ili alate. Jednostavno uklonite o\u0161te\u0107eni ili slomljeni okvir i zamijenite ga novim okvirom zaslona. Ovaj se proces mo\u017ee dovr\u0161iti brzo i u\u010dinkovito, minimiziraju\u0107i vrijeme zastoja prijenosnog ra\u010dunala.<\/p>\n<p>Va\u017eno je napomenuti da je okvir zaslona Lenovo ThinkPad X250 originalni proizvod tvrtke Lenovo, a ne krivotvorina ili imitacija drugog proizvo\u0111a\u010da. Autenti\u010dnost okvira zaslona osigurava da zadovoljava standarde visoke kvalitete koje postavlja Lenovo, te da je u potpunosti kompatibilan s modelom prijenosnog ra\u010dunala ThinkPad X250. Kori\u0161tenjem originalnog okvira zaslona Lenovo ThinkPad X250, korisnici mogu osigurati da zaslon njihova prijenosnog ra\u010dunala ostane za\u0161ti\u0107en i podr\u017ean, omogu\u0107uju\u0107i optimalne performanse i dugovje\u010dnost.<\/p>\n","protected":false},"excerpt":{"rendered":"<p>Okvir zaslona Lenovo ThinkPad X250 originalni je zamjenski dio dizajniran za oblaganje i za\u0161titu zaslona modela laptopa ThinkPad X250. Izra\u0111en je od visokokvalitetnih materijala kako bi se osigurala izdr\u017eljivost i pouzdanost, a konstruiran je da zadovolji to\u010dne specifikacije proizvo\u0111a\u010da originalne opreme. Ovaj okvir zaslona jednostavan je za postavljanje i ne zahtijeva posebne alate ili vje\u0161tine. Va\u017eno je napomenuti da je okvir zaslona Lenovo ThinkPad X250 autenti\u010dan proizvod tvrtke Lenovo i nije krivotvoren ili kopiran od bilo kojeg drugog proizvo\u0111a\u010da.<\/p>\n","protected":false},"featured_media":18022,"template":"","meta":[],"product_brand":[],"product_cat":[51],"product_tag":[61],"class_list":{"0":"post-17940","1":"product","2":"type-product","3":"status-publish","4":"has-post-thumbnail","6":"product_cat-laptop-housing","7":"product_tag-lenovo","9":"first","10":"instock","11":"taxable","12":"shipping-taxable","13":"purchasable","14":"product-type-simple"},"_links":{"self":[{"href":"https:\/\/boreait.com\/hr\/wp-json\/wp\/v2\/product\/17940","targetHints":{"allow":["GET"]}}],"collection":[{"href":"https:\/\/boreait.com\/hr\/wp-json\/wp\/v2\/product"}],"about":[{"href":"https:\/\/boreait.com\/hr\/wp-json\/wp\/v2\/types\/product"}],"wp:featuredmedia":[{"embeddable":true,"href":"https:\/\/boreait.com\/hr\/wp-json\/wp\/v2\/media\/18022"}],"wp:attachment":[{"href":"https:\/\/boreait.com\/hr\/wp-json\/wp\/v2\/media?parent=17940"}],"wp:term":[{"taxonomy":"product_brand","embeddable":true,"href":"https:\/\/boreait.com\/hr\/wp-json\/wp\/v2\/product_brand?post=17940"},{"taxonomy":"product_cat","embeddable":true,"href":"https:\/\/boreait.com\/hr\/wp-json\/wp\/v2\/product_cat?post=17940"},{"taxonomy":"product_tag","embeddable":true,"href":"https:\/\/boreait.com\/hr\/wp-json\/wp\/v2\/product_tag?post=17940"}],"curies":[{"name":"wp","href":"https:\/\/api.w.org\/{rel}","templated":true}]}}