{"id":17938,"date":"2025-07-25T10:42:52","date_gmt":"2025-07-25T10:42:52","guid":{"rendered":"https:\/\/boreait.com\/hr\/?post_type=product&#038;p=17938"},"modified":"2026-01-14T07:01:54","modified_gmt":"2026-01-14T07:01:54","slug":"04w6808-za-lenovo-thinkpad-x230-tablet-x230i-u-frame-cover-case","status":"publish","type":"product","link":"https:\/\/boreait.com\/hr\/product\/04w6808-za-lenovo-thinkpad-x230-tablet-x230i-u-frame-cover-case\/","title":{"rendered":"04W6808 ZA Lenovo ThinkPad X230 Tablet X230i U Frame Cover Case"},"content":{"rendered":"<p>04W6808 je maska s U okvirom koju je dizajnirao Lenovo za svoje prijenosno ra\u010dunalo ThinkPad X230 Tablet i X230i. Ova maska dizajnirana je za za\u0161titu stra\u017enje strane prijenosnog ra\u010dunala i strukturnu potporu ure\u0111aju. Izra\u0111en je od visokokvalitetnih materijala i prilago\u0111en je dimenzijama X230 Tablet i X230i prijenosnih ra\u010dunala. Ova maska originalni je proizvod tvrtke Lenovo i nije replika ili kopija bilo koje druge marke ili proizvoda. To je pouzdan i izdr\u017eljiv dodatak koji mo\u017ee produ\u017eiti vijek trajanja va\u0161eg prijenosnog ra\u010dunala.<\/p>\n","protected":false},"excerpt":{"rendered":"<p>04W6808 je maska s U okvirom za prijenosna ra\u010dunala Lenovo ThinkPad X230 Tablet i X230i. Dizajniran je za za\u0161titu stra\u017enje strane prijenosnog ra\u010dunala i strukturnu potporu za ure\u0111aj. Poklopac je izra\u0111en od visokokvalitetnih materijala i posebno je skrojen kako bi odgovarao dimenzijama X230 Tablet i X230i prijenosnih ra\u010dunala. Ova maska s U okvirom originalni je proizvod tvrtke Lenovo i nije kopija ili imitacija bilo koje druge marke ili proizvoda.<\/p>\n","protected":false},"featured_media":18002,"template":"","meta":[],"product_brand":[],"product_cat":[51],"product_tag":[61],"class_list":{"0":"post-17938","1":"product","2":"type-product","3":"status-publish","4":"has-post-thumbnail","6":"product_cat-laptop-housing","7":"product_tag-lenovo","9":"first","10":"instock","11":"taxable","12":"shipping-taxable","13":"purchasable","14":"product-type-simple"},"_links":{"self":[{"href":"https:\/\/boreait.com\/hr\/wp-json\/wp\/v2\/product\/17938","targetHints":{"allow":["GET"]}}],"collection":[{"href":"https:\/\/boreait.com\/hr\/wp-json\/wp\/v2\/product"}],"about":[{"href":"https:\/\/boreait.com\/hr\/wp-json\/wp\/v2\/types\/product"}],"wp:featuredmedia":[{"embeddable":true,"href":"https:\/\/boreait.com\/hr\/wp-json\/wp\/v2\/media\/18002"}],"wp:attachment":[{"href":"https:\/\/boreait.com\/hr\/wp-json\/wp\/v2\/media?parent=17938"}],"wp:term":[{"taxonomy":"product_brand","embeddable":true,"href":"https:\/\/boreait.com\/hr\/wp-json\/wp\/v2\/product_brand?post=17938"},{"taxonomy":"product_cat","embeddable":true,"href":"https:\/\/boreait.com\/hr\/wp-json\/wp\/v2\/product_cat?post=17938"},{"taxonomy":"product_tag","embeddable":true,"href":"https:\/\/boreait.com\/hr\/wp-json\/wp\/v2\/product_tag?post=17938"}],"curies":[{"name":"wp","href":"https:\/\/api.w.org\/{rel}","templated":true}]}}