{"id":17935,"date":"2025-07-25T10:42:52","date_gmt":"2025-07-25T10:42:52","guid":{"rendered":"https:\/\/boreait.com\/hr\/?post_type=product&#038;p=17935"},"modified":"2025-07-25T10:43:30","modified_gmt":"2025-07-25T10:43:30","slug":"koristena-tipkovnica-za-hp-elitebook-x360-830-g5-830-g6-laptop-oslonac-za-dlanove-gornje-kuciste-gornji-poklopac-l56442-001-kuciste-srebrno-l56443-001","status":"publish","type":"product","link":"https:\/\/boreait.com\/hr\/product\/koristena-tipkovnica-za-hp-elitebook-x360-830-g5-830-g6-laptop-oslonac-za-dlanove-gornje-kuciste-gornji-poklopac-l56442-001-kuciste-srebrno-l56443-001\/","title":{"rendered":"Kori\u0161tena tipkovnica za HP EliteBook X360 830 G5 830 G6 Laptop Oslonac za dlanove Gornje ku\u0107i\u0161te Gornji poklopac L56442-001 Ku\u0107i\u0161te Srebrno L56443-001"},"content":{"rendered":"<p><strong>Isti oslonac za dlan kao \u0161to je prikazano na fotografiji na slici!<\/strong><\/p>\n<p>Rabljena tipkovnica za prijenosno ra\u010dunalo HP EliteBook X360 830 G5 830 G6 Oslonac za ruku Gornje ku\u0107i\u0161te Gornji poklopac L56442-001 Ku\u0107i\u0161te Srebrna L56443-001 je rabljeni zamjenski dio koji je kompatibilan s prijenosnim ra\u010dunalima HP EliteBook X360 830 G5 i 830 G6.<\/p>\n<p>Gornji poklopac gornjeg ku\u0107i\u0161ta oslonca za dlan tipkovnice dizajniran je za za\u0161titu unutarnjih komponenti prijenosnog ra\u010dunala, istovremeno pru\u017eaju\u0107i elegantan, profesionalan izgled. Ima srebrnu boju koja odgovara estetici laptopa. Ku\u0107i\u0161te je izra\u0111eno od visokokvalitetnih materijala koji su izdr\u017eljivi i dugovje\u010dni.<\/p>\n<p>Ovaj zamjenski dio testiran je i potvr\u0111eno da je u ispravnom stanju, te se lako postavlja. Zamjenom istro\u0161enog ili o\u0161te\u0107enog gornjeg poklopca mo\u017eete produljiti vijek trajanja prijenosnog ra\u010dunala i vratiti mu izgled i funkcionalnost. Sve u svemu, rabljena tipkovnica za prijenosno ra\u010dunalo HP EliteBook X360 830 G5 830 G6, oslonac za ruku, gornje ku\u0107i\u0161te, gornji poklopac L56442-001, srebrno ku\u0107i\u0161te L56443-001 izvrstan je izbor za svakoga tko \u017eeli popraviti ili nadograditi svoje prijenosno ra\u010dunalo HP EliteBook X360.<\/p>\n","protected":false},"excerpt":{"rendered":"<p>Kori\u0161tena tipkovnica za prijenosno ra\u010dunalo HP EliteBook X360 830 G5 830 G6, oslonac za dlanove, gornje ku\u0107i\u0161te, gornji poklopac, L56442-001, srebrno ku\u0107i\u0161te, L56443-001 je zamjenski dio za gornji poklopac HP EliteBook X360 830 G5 i 830 G6 prijenosnih ra\u010dunala. Ovaj gornji poklopac gornjeg ku\u0107i\u0161ta naslona za dlan tipkovnice je rabljen i srebrne je boje.<\/p>\n<p>Ku\u0107i\u0161te je dizajnirano za za\u0161titu unutarnjih komponenti prijenosnog ra\u010dunala, istovremeno pru\u017eaju\u0107i elegantan, profesionalan izgled. Kompatibilan je s tipkovnicom i touchpadom modela HP EliteBook X360 830 G5 i 830 G6.<\/p>\n<p>Ovaj zamjenski dio testiran je i potvr\u0111eno da radi. Jednostavan je za instalaciju i pomo\u0107i \u0107e produljiti vijek va\u0161eg prijenosnog ra\u010dunala pru\u017eaju\u0107i izgled i funkcionalnost kao nov.<\/p>\n","protected":false},"featured_media":17996,"template":"","meta":[],"product_brand":[],"product_cat":[51],"product_tag":[60],"class_list":{"0":"post-17935","1":"product","2":"type-product","3":"status-publish","4":"has-post-thumbnail","6":"product_cat-laptop-housing","7":"product_tag-hp","9":"first","10":"instock","11":"taxable","12":"shipping-taxable","13":"purchasable","14":"product-type-simple"},"_links":{"self":[{"href":"https:\/\/boreait.com\/hr\/wp-json\/wp\/v2\/product\/17935","targetHints":{"allow":["GET"]}}],"collection":[{"href":"https:\/\/boreait.com\/hr\/wp-json\/wp\/v2\/product"}],"about":[{"href":"https:\/\/boreait.com\/hr\/wp-json\/wp\/v2\/types\/product"}],"wp:featuredmedia":[{"embeddable":true,"href":"https:\/\/boreait.com\/hr\/wp-json\/wp\/v2\/media\/17996"}],"wp:attachment":[{"href":"https:\/\/boreait.com\/hr\/wp-json\/wp\/v2\/media?parent=17935"}],"wp:term":[{"taxonomy":"product_brand","embeddable":true,"href":"https:\/\/boreait.com\/hr\/wp-json\/wp\/v2\/product_brand?post=17935"},{"taxonomy":"product_cat","embeddable":true,"href":"https:\/\/boreait.com\/hr\/wp-json\/wp\/v2\/product_cat?post=17935"},{"taxonomy":"product_tag","embeddable":true,"href":"https:\/\/boreait.com\/hr\/wp-json\/wp\/v2\/product_tag?post=17935"}],"curies":[{"name":"wp","href":"https:\/\/api.w.org\/{rel}","templated":true}]}}