{"id":17933,"date":"2025-07-25T10:42:51","date_gmt":"2025-07-25T10:42:51","guid":{"rendered":"https:\/\/boreait.com\/hr\/?post_type=product&#038;p=17933"},"modified":"2025-08-19T08:52:46","modified_gmt":"2025-08-19T08:52:46","slug":"0tyvfg-za-dell-latitude-5490-5590-precision-7730-7530","status":"publish","type":"product","link":"https:\/\/boreait.com\/hr\/product\/0tyvfg-za-dell-latitude-5490-5590-precision-7730-7530\/","title":{"rendered":"0TYVFG za Dell Latitude 5490 5590 Precision 7730 7530"},"content":{"rendered":"<p data-start=\"283\" data-end=\"519\">Rabljena <strong data-start=\"292\" data-end=\"309\">kamera 0TYVFG<\/strong> je originalni zamjenski dio za prijenosna ra\u010dunala <strong data-start=\"361\" data-end=\"389\">Dell Latitude 5490, 5590<\/strong> te <strong data-start=\"393\" data-end=\"423\">Dell Precision 7730 i 7530<\/strong>. Idealna je za popravak ili zamjenu postoje\u0107e kamere, bez potrebe za skupim novim dijelovima.<\/p>\n<p data-start=\"521\" data-end=\"537\">Specifikacije:<\/p>\n<ul data-start=\"538\" data-end=\"745\">\n<li data-start=\"538\" data-end=\"565\">\n<p data-start=\"540\" data-end=\"565\">Dell oznaka: <strong data-start=\"553\" data-end=\"563\">0TYVFG<\/strong><\/p>\n<\/li>\n<li data-start=\"566\" data-end=\"628\">\n<p data-start=\"568\" data-end=\"628\">Kompatibilnost: Latitude 5490, 5590 \/ Precision 7730, 7530<\/p>\n<\/li>\n<li data-start=\"629\" data-end=\"687\">\n<p data-start=\"631\" data-end=\"687\">Stanje: rabljena, ali testirana i potpuno funkcionalna<\/p>\n<\/li>\n<li data-start=\"688\" data-end=\"745\">\n<p data-start=\"690\" data-end=\"745\">Jednostavna ugradnja (spajanje postoje\u0107im konektorom)<\/p>\n<\/li>\n<\/ul>\n<p data-start=\"747\" data-end=\"839\">\u2705 Odli\u010dan izbor za servise i korisnike koji \u017eele brzo i povoljno rije\u0161iti kvar na laptopu.<\/p>\n","protected":false},"excerpt":{"rendered":"<p>Rabljena kamera 0TYVFG za Dell Latitude 5490, 5590 i Precision 7730, 7530. Testirana i potpuno ispravna.<\/p>\n","protected":false},"featured_media":17993,"template":"","meta":[],"product_brand":[],"product_cat":[58],"product_tag":[52],"class_list":{"0":"post-17933","1":"product","2":"type-product","3":"status-publish","4":"has-post-thumbnail","6":"product_cat-laptop-camera","7":"product_tag-dell","9":"first","10":"instock","11":"taxable","12":"shipping-taxable","13":"purchasable","14":"product-type-simple"},"_links":{"self":[{"href":"https:\/\/boreait.com\/hr\/wp-json\/wp\/v2\/product\/17933","targetHints":{"allow":["GET"]}}],"collection":[{"href":"https:\/\/boreait.com\/hr\/wp-json\/wp\/v2\/product"}],"about":[{"href":"https:\/\/boreait.com\/hr\/wp-json\/wp\/v2\/types\/product"}],"wp:featuredmedia":[{"embeddable":true,"href":"https:\/\/boreait.com\/hr\/wp-json\/wp\/v2\/media\/17993"}],"wp:attachment":[{"href":"https:\/\/boreait.com\/hr\/wp-json\/wp\/v2\/media?parent=17933"}],"wp:term":[{"taxonomy":"product_brand","embeddable":true,"href":"https:\/\/boreait.com\/hr\/wp-json\/wp\/v2\/product_brand?post=17933"},{"taxonomy":"product_cat","embeddable":true,"href":"https:\/\/boreait.com\/hr\/wp-json\/wp\/v2\/product_cat?post=17933"},{"taxonomy":"product_tag","embeddable":true,"href":"https:\/\/boreait.com\/hr\/wp-json\/wp\/v2\/product_tag?post=17933"}],"curies":[{"name":"wp","href":"https:\/\/api.w.org\/{rel}","templated":true}]}}