{"id":17930,"date":"2025-07-25T10:42:51","date_gmt":"2025-07-25T10:42:51","guid":{"rendered":"https:\/\/boreait.com\/hr\/?post_type=product&#038;p=17930"},"modified":"2025-07-25T10:43:25","modified_gmt":"2025-07-25T10:43:25","slug":"hp-elitebook-folio-9470m-9480m-lcd-zaslon-sarke-lijevo-desno-sarke","status":"publish","type":"product","link":"https:\/\/boreait.com\/hr\/product\/hp-elitebook-folio-9470m-9480m-lcd-zaslon-sarke-lijevo-desno-sarke\/","title":{"rendered":"HP Elitebook Folio 9470M 9480M LCD zaslon \u0161arke lijevo desno &#8211; \u0161arke"},"content":{"rendered":"<p>Komplet \u0161arki za LCD zaslon HP Elitebook Folio 9470M 9480M uklju\u010duje i lijeve i desne \u0161arke za zaslon prijenosnog ra\u010dunala. Ove su \u0161arke dizajnirane za sigurno pri\u010dvr\u0161\u0107ivanje LCD zaslona prijenosnog ra\u010dunala na njegovu bazu i omogu\u0107uju korisniku pode\u0161avanje kuta zaslona.<\/p>\n<p>\u0160arke su izra\u0111ene od visokokvalitetnih materijala i projektirane su da izdr\u017ee \u010destu upotrebu i pomicanje, osiguravaju\u0107i izdr\u017eljivost i dugovje\u010dnost. Posebno su dizajnirani da pristaju na prijenosna ra\u010dunala HP Elitebook Folio 9470M i 9480M i lako se postavljaju uz odgovaraju\u0107e alate.<\/p>\n<p>Posjedovanje funkcionalnog kompleta \u0161arki klju\u010dno je za svako prijenosno ra\u010dunalo jer osigurava stabilnost zaslona tijekom upotrebe i sprje\u010dava o\u0161te\u0107enje uslijed slu\u010dajnih padova ili udaraca. HP Elitebook Folio 9470M 9480M set \u0161arki za LCD zaslon pouzdana je i bitna komponenta za svakog korisnika koji \u017eeli odr\u017eavati ili popraviti sustav \u0161arki za zaslon prijenosnog ra\u010dunala.<\/p>\n","protected":false},"excerpt":{"rendered":"<p>HP Elitebook Folio 9470M 9480M set \u0161arki lijevo desno zamjenski je dio za lijeve i desne \u0161arke LCD zaslona prijenosnog ra\u010dunala. To je originalni dio proizveden od strane HP-a i kompatibilan je s modelima Elitebook Folio 9470M i 9480M. Ovaj set \u0161arki dizajniran je da omogu\u0107i glatko otvaranje i zatvaranje zaslona prijenosnog ra\u010dunala, dok ga tako\u0111er dr\u017ei sigurno na mjestu kada je u upotrebi. Komplet \u0161arki jednostavan je za instalaciju i bitna je komponenta za osiguravanje ispravnog rada zaslona va\u0161eg prijenosnog ra\u010dunala. Preporu\u010duje se svima koji trebaju zamijeniti neispravan ili o\u0161te\u0107en set \u0161arki za LCD zaslon prijenosnog ra\u010dunala.<\/p>\n","protected":false},"featured_media":17987,"template":"","meta":[],"product_brand":[],"product_cat":[54],"product_tag":[60],"class_list":{"0":"post-17930","1":"product","2":"type-product","3":"status-publish","4":"has-post-thumbnail","6":"product_cat-screen-hinge","7":"product_tag-hp","9":"first","10":"instock","11":"taxable","12":"shipping-taxable","13":"purchasable","14":"product-type-simple"},"_links":{"self":[{"href":"https:\/\/boreait.com\/hr\/wp-json\/wp\/v2\/product\/17930","targetHints":{"allow":["GET"]}}],"collection":[{"href":"https:\/\/boreait.com\/hr\/wp-json\/wp\/v2\/product"}],"about":[{"href":"https:\/\/boreait.com\/hr\/wp-json\/wp\/v2\/types\/product"}],"wp:featuredmedia":[{"embeddable":true,"href":"https:\/\/boreait.com\/hr\/wp-json\/wp\/v2\/media\/17987"}],"wp:attachment":[{"href":"https:\/\/boreait.com\/hr\/wp-json\/wp\/v2\/media?parent=17930"}],"wp:term":[{"taxonomy":"product_brand","embeddable":true,"href":"https:\/\/boreait.com\/hr\/wp-json\/wp\/v2\/product_brand?post=17930"},{"taxonomy":"product_cat","embeddable":true,"href":"https:\/\/boreait.com\/hr\/wp-json\/wp\/v2\/product_cat?post=17930"},{"taxonomy":"product_tag","embeddable":true,"href":"https:\/\/boreait.com\/hr\/wp-json\/wp\/v2\/product_tag?post=17930"}],"curies":[{"name":"wp","href":"https:\/\/api.w.org\/{rel}","templated":true}]}}