{"id":17929,"date":"2025-07-25T10:42:51","date_gmt":"2025-07-25T10:42:51","guid":{"rendered":"https:\/\/boreait.com\/hr\/?post_type=product&#038;p=17929"},"modified":"2025-07-25T10:43:24","modified_gmt":"2025-07-25T10:43:24","slug":"dell-latitude-e5570-precision-3510-edp-09tkmn-dc02c00b600-kabelski-zaslon-bez-dodira","status":"publish","type":"product","link":"https:\/\/boreait.com\/hr\/product\/dell-latitude-e5570-precision-3510-edp-09tkmn-dc02c00b600-kabelski-zaslon-bez-dodira\/","title":{"rendered":"DELL LATITUDE E5570 &#8211; PRECISION 3510 EDP 09TKMN DC02C00B600 Kabelski zaslon bez dodira"},"content":{"rendered":"<p>Dell LCD kabel s brojem dijela 09TKMN je kabel koji povezuje LCD zaslon s mati\u010dnom plo\u010dom prijenosnog ra\u010dunala Dell. Ovaj kabel je kompatibilan s nekoliko Dell modela prijenosnih ra\u010dunala, uklju\u010duju\u0107i Dell Inspiron 15-3521, 15-3537 i 15R-5537, Latitude E5570 i Precision 3510.<\/p>\n","protected":false},"excerpt":{"rendered":"<p>Dell LCD kabel s brojem dijela 09TKMN je kabel koji povezuje LCD zaslon s mati\u010dnom plo\u010dom prijenosnog ra\u010dunala Dell. Ovaj je kabel kompatibilan s nekoliko Dell modela prijenosnih ra\u010dunala, uklju\u010duju\u0107i Dell Inspiron 15-3521, 15-3537 i 15R-5537.<\/p>\n","protected":false},"featured_media":17985,"template":"","meta":[],"product_brand":[],"product_cat":[55],"product_tag":[52],"class_list":{"0":"post-17929","1":"product","2":"type-product","3":"status-publish","4":"has-post-thumbnail","6":"product_cat-cables","7":"product_tag-dell","9":"first","10":"instock","11":"taxable","12":"shipping-taxable","13":"purchasable","14":"product-type-simple"},"_links":{"self":[{"href":"https:\/\/boreait.com\/hr\/wp-json\/wp\/v2\/product\/17929","targetHints":{"allow":["GET"]}}],"collection":[{"href":"https:\/\/boreait.com\/hr\/wp-json\/wp\/v2\/product"}],"about":[{"href":"https:\/\/boreait.com\/hr\/wp-json\/wp\/v2\/types\/product"}],"wp:featuredmedia":[{"embeddable":true,"href":"https:\/\/boreait.com\/hr\/wp-json\/wp\/v2\/media\/17985"}],"wp:attachment":[{"href":"https:\/\/boreait.com\/hr\/wp-json\/wp\/v2\/media?parent=17929"}],"wp:term":[{"taxonomy":"product_brand","embeddable":true,"href":"https:\/\/boreait.com\/hr\/wp-json\/wp\/v2\/product_brand?post=17929"},{"taxonomy":"product_cat","embeddable":true,"href":"https:\/\/boreait.com\/hr\/wp-json\/wp\/v2\/product_cat?post=17929"},{"taxonomy":"product_tag","embeddable":true,"href":"https:\/\/boreait.com\/hr\/wp-json\/wp\/v2\/product_tag?post=17929"}],"curies":[{"name":"wp","href":"https:\/\/api.w.org\/{rel}","templated":true}]}}