{"id":17927,"date":"2025-07-25T10:42:51","date_gmt":"2025-07-25T10:42:51","guid":{"rendered":"https:\/\/boreait.com\/hr\/?post_type=product&#038;p=17927"},"modified":"2025-07-25T10:43:22","modified_gmt":"2025-07-25T10:43:22","slug":"intel-dual-band-ac-8260-8260ngw-802-11ac-wifi-wlan-kartica-bluetooth-4-2-modul","status":"publish","type":"product","link":"https:\/\/boreait.com\/hr\/product\/intel-dual-band-ac-8260-8260ngw-802-11ac-wifi-wlan-kartica-bluetooth-4-2-modul\/","title":{"rendered":"INTEL DUAL BAND AC 8260 8260NGW 802.11ac WIFI WLAN KARTICA &#8211; bluetooth 4.2 modul"},"content":{"rendered":"<p>8260NGW je Intel Wireless-AC mre\u017eni adapter. To je dvopojasni adapter koji podr\u017eava frekvencije od 2,4 GHz i 5 GHz i kompatibilan je sa standardom 802.11ac, pru\u017eaju\u0107i velike be\u017ei\u010dne brzine i pobolj\u0161ani mre\u017eni kapacitet. Adapter tako\u0111er podr\u017eava Bluetooth 4.2, koji omogu\u0107uje jednostavno povezivanje s drugim ure\u0111ajima koji podr\u017eavaju Bluetooth. Obi\u010dno se koristi u prijenosnim ra\u010dunalima i drugim mobilnim ure\u0111ajima za be\u017ei\u010dno povezivanje.<\/p>\n<p>Ovdje je popis nekih prijenosnih ra\u010dunala koja su kompatibilna s ovom WI-FI karticom:<\/p>\n<ol>\n<li>Dell XPS 13<\/li>\n<li>HP Spectre x360<\/li>\n<li>Lenovo ThinkPad T480<\/li>\n<li>Asus Zenbook UX305<\/li>\n<li>Acer Aspire R14<\/li>\n<li>MSI GS63VR Stealth Pro<\/li>\n<li>Razer Blade Stealth<\/li>\n<li>Alienware 13 R3<\/li>\n<li>Lenovo Yoga 720<\/li>\n<li>HP EliteBook x360<\/li>\n<li>Asus ROG Strix GL702VM<\/li>\n<li>Dell Inspiron 15 5000 serija<\/li>\n<li>Acer Swift 7<\/li>\n<li>MSI GP62MVRX Leopard Pro<\/li>\n<li>HP Omen 17<\/li>\n<li>LG Gram 15Z970<\/li>\n<li>Lenovo Legion Y520<\/li>\n<li>HP Pavilion 15<\/li>\n<li>Dell Latitude E7470<\/li>\n<li>Asus VivoBook Pro N580VD<\/li>\n<li>Acer Aspire E15<\/li>\n<li>MSI GE62VR Apache Pro<\/li>\n<li>LG Gram 14Z970<\/li>\n<li>Razer Blade Pro<\/li>\n<li>Dell Latitude E5270 E5470 E5570 E7270 E7470<\/li>\n<li>\n<div class=\"s-item__title\"><span role=\"heading\" aria-level=\"3\">Lenovo Thinkpad X1 YOGA Carbon X260 T460 T560<\/span><\/div>\n<\/li>\n<li>\n<div class=\"s-item__title\"><span role=\"heading\" aria-level=\"3\">Lenovo L460 L470 900-13\u00a0<\/span><\/div>\n<\/li>\n<\/ol>\n<p>HP SPS je kratica za &#8220;Broj rezervnog dijela&#8221; i odnosi se na broj dijela koji HP koristi za identifikaciju odre\u0111enih dijelova koji se koriste u njihovim proizvodima. HP SPS za Intel 8260NGW mre\u017eni adapter razlikuje se ovisno o specifi\u010dnom modelu i konfiguraciji HP prijenosnog ra\u010dunala na kojem je instaliran. Evo nekoliko primjera HP SPS brojeva za Intel 8260NGW:<\/p>\n<ul>\n<li>806721-001<\/li>\n<li>8260NGWSPS<\/li>\n<li>792202-001<\/li>\n<li>793840-001<\/li>\n<li>831511-001<\/li>\n<li>806722-001<\/li>\n<li>793840-005<\/li>\n<li>806723-001<\/li>\n<li>806722-005<\/li>\n<li>8260NGWSNX<\/li>\n<li>806721-001<\/li>\n<\/ul>\n<p>Imajte na umu da ovaj popis nije iscrpan i da mogu postojati i druga prijenosna ra\u010dunala i ure\u0111aji koji su kompatibilni s karticom 8260NGW.<\/p>\n","protected":false},"excerpt":{"rendered":"<p>8260NGW je Intel be\u017ei\u010dni mre\u017eni adapter koji podr\u017eava dual-band Wi-Fi i Bluetooth povezivanje, koji se obi\u010dno koristi u prijenosnim ra\u010dunalima i mobilnim ure\u0111ajima za brzu i pouzdanu be\u017ei\u010dnu komunikaciju.<\/p>\n","protected":false},"featured_media":17982,"template":"","meta":[],"product_brand":[],"product_cat":[62],"product_tag":[64,65,52,60,61],"class_list":{"0":"post-17927","1":"product","2":"type-product","3":"status-publish","4":"has-post-thumbnail","6":"product_cat-motherboards-board-parts","7":"product_tag-acer","8":"product_tag-asus","9":"product_tag-dell","10":"product_tag-hp","11":"product_tag-lenovo","13":"first","14":"instock","15":"taxable","16":"shipping-taxable","17":"purchasable","18":"product-type-simple"},"_links":{"self":[{"href":"https:\/\/boreait.com\/hr\/wp-json\/wp\/v2\/product\/17927","targetHints":{"allow":["GET"]}}],"collection":[{"href":"https:\/\/boreait.com\/hr\/wp-json\/wp\/v2\/product"}],"about":[{"href":"https:\/\/boreait.com\/hr\/wp-json\/wp\/v2\/types\/product"}],"wp:featuredmedia":[{"embeddable":true,"href":"https:\/\/boreait.com\/hr\/wp-json\/wp\/v2\/media\/17982"}],"wp:attachment":[{"href":"https:\/\/boreait.com\/hr\/wp-json\/wp\/v2\/media?parent=17927"}],"wp:term":[{"taxonomy":"product_brand","embeddable":true,"href":"https:\/\/boreait.com\/hr\/wp-json\/wp\/v2\/product_brand?post=17927"},{"taxonomy":"product_cat","embeddable":true,"href":"https:\/\/boreait.com\/hr\/wp-json\/wp\/v2\/product_cat?post=17927"},{"taxonomy":"product_tag","embeddable":true,"href":"https:\/\/boreait.com\/hr\/wp-json\/wp\/v2\/product_tag?post=17927"}],"curies":[{"name":"wp","href":"https:\/\/api.w.org\/{rel}","templated":true}]}}