{"id":17923,"date":"2025-07-25T10:42:51","date_gmt":"2025-07-25T10:42:51","guid":{"rendered":"https:\/\/boreait.com\/hr\/?post_type=product&#038;p=17923"},"modified":"2025-07-25T10:43:12","modified_gmt":"2025-07-25T10:43:12","slug":"originalni-oslonac-za-ruku-za-prijenosno-racunalo-lenovo-thinkpad-t460s-bez-dodirne-podloge-sm10h22112","status":"publish","type":"product","link":"https:\/\/boreait.com\/hr\/product\/originalni-oslonac-za-ruku-za-prijenosno-racunalo-lenovo-thinkpad-t460s-bez-dodirne-podloge-sm10h22112\/","title":{"rendered":"Originalni oslonac za ruku za prijenosno ra\u010dunalo Lenovo ThinkPad T460s bez dodirne podloge SM10H22112"},"content":{"rendered":"<p><strong>Naslon za dlan je isti kao na fotografiji u popisu!<\/strong><\/p>\n<p>Oslonac za dlanove prijenosnog ra\u010dunala Lenovo ThinkPad T460s bez touchpada SM10H22112 je zamjenski dio za originalni oslonac za dlanove prijenosnog ra\u010dunala Lenovo ThinkPad T460s. Ovaj oslonac za dlan je dizajniran da savr\u0161eno pristaje uz model prijenosnog ra\u010dunala T460s i ne uklju\u010duje touchpad.<\/p>\n<p>Oslonac za dlan izra\u0111en je od visokokvalitetnih materijala i ima glatku povr\u0161inu na koju mo\u017eete udobno nasloniti dlanove dok tipkate. Ima crni zavr\u0161ni sloj koji odgovara shemi boja prijenosnog ra\u010dunala T460s.<\/p>\n<p>Oslonac za ruku prijenosnog ra\u010dunala Lenovo ThinkPad T460s bez dodirne podloge SM10H22112 jednostavno se postavlja i dolazi sa svim potrebnim vijcima i dr\u017ea\u010dima za sigurno prianjanje. Ovaj zamjenski dio idealan je za korisnike koji su o\u0161tetili ili istro\u0161ili svoj izvorni oslonac za ruku prijenosnog ra\u010dunala T460s i \u017eele vratiti prijenosno ra\u010dunalo u izvorno stanje.<\/p>\n<p>Sve u svemu, oslonac za ruku prijenosnog ra\u010dunala Lenovo ThinkPad T460s bez dodirne podloge SM10H22112 je izdr\u017eljiv, visokokvalitetan zamjenski dio koji pru\u017ea udobno iskustvo tipkanja i neprimjetno se integrira s prijenosnim ra\u010dunalom T460s.<\/p>\n","protected":false},"excerpt":{"rendered":"<p>Oslonac za dlanove prijenosnog ra\u010dunala Lenovo ThinkPad T460s bez dodirne podloge SM10H22112 je zamjenski dio dizajniran da odgovara modelu prijenosnog ra\u010dunala T460s. Ima crnu zavr\u0161nicu i glatku povr\u0161inu za udobno tipkanje. Ovaj visokokvalitetni oslonac za dlan lako se postavlja i dolazi sa svim potrebnim vijcima i dr\u017ea\u010dima.<\/p>\n","protected":false},"featured_media":17963,"template":"","meta":[],"product_brand":[],"product_cat":[51],"product_tag":[60,61],"class_list":{"0":"post-17923","1":"product","2":"type-product","3":"status-publish","4":"has-post-thumbnail","6":"product_cat-laptop-housing","7":"product_tag-hp","8":"product_tag-lenovo","10":"first","11":"instock","12":"taxable","13":"shipping-taxable","14":"purchasable","15":"product-type-simple"},"_links":{"self":[{"href":"https:\/\/boreait.com\/hr\/wp-json\/wp\/v2\/product\/17923","targetHints":{"allow":["GET"]}}],"collection":[{"href":"https:\/\/boreait.com\/hr\/wp-json\/wp\/v2\/product"}],"about":[{"href":"https:\/\/boreait.com\/hr\/wp-json\/wp\/v2\/types\/product"}],"wp:featuredmedia":[{"embeddable":true,"href":"https:\/\/boreait.com\/hr\/wp-json\/wp\/v2\/media\/17963"}],"wp:attachment":[{"href":"https:\/\/boreait.com\/hr\/wp-json\/wp\/v2\/media?parent=17923"}],"wp:term":[{"taxonomy":"product_brand","embeddable":true,"href":"https:\/\/boreait.com\/hr\/wp-json\/wp\/v2\/product_brand?post=17923"},{"taxonomy":"product_cat","embeddable":true,"href":"https:\/\/boreait.com\/hr\/wp-json\/wp\/v2\/product_cat?post=17923"},{"taxonomy":"product_tag","embeddable":true,"href":"https:\/\/boreait.com\/hr\/wp-json\/wp\/v2\/product_tag?post=17923"}],"curies":[{"name":"wp","href":"https:\/\/api.w.org\/{rel}","templated":true}]}}