{"id":17922,"date":"2025-07-25T10:42:51","date_gmt":"2025-07-25T10:42:51","guid":{"rendered":"https:\/\/boreait.com\/hr\/?post_type=product&#038;p=17922"},"modified":"2025-07-25T10:43:10","modified_gmt":"2025-07-25T10:43:10","slug":"originalni-oslonac-za-ruku-za-prijenosno-racunalo-lenovo-thinkpad-t460s-s-touchpadom-sm10h22112","status":"publish","type":"product","link":"https:\/\/boreait.com\/hr\/product\/originalni-oslonac-za-ruku-za-prijenosno-racunalo-lenovo-thinkpad-t460s-s-touchpadom-sm10h22112\/","title":{"rendered":"Originalni oslonac za ruku za prijenosno ra\u010dunalo Lenovo ThinkPad T460s s touchpadom SM10H22112"},"content":{"rendered":"<p><strong>Isti proizvod kao na fotografiji u popisu!<\/strong><\/p>\n<p>Originalni naslon za ruku prijenosnog ra\u010dunala Lenovo ThinkPad T460s s podlogom osjetljivom na dodir SM10H22112 zamjenski je dio za gornji poklopac prijenosnog ra\u010dunala Lenovo ThinkPad T460s. Uklju\u010duje touchpad i oslonac za dlanove, pru\u017eaju\u0107i udobno i prakti\u010dno korisni\u010dko iskustvo.<\/p>\n<p>Oslonac za dlan izra\u0111en je od izdr\u017eljivih materijala i ima glatku, udobnu povr\u0161inu na koju korisnik mo\u017ee odmarati dlanove dok tipka. Touchpad je tako\u0111er visoke kvalitete i omogu\u0107uje preciznu kontrolu pokaziva\u010da prijenosnog ra\u010dunala.<\/p>\n<p>Ovaj zamjenski dio je originalni Lenovo proizvod i ve\u0107 je kori\u0161ten, ali je u dobrom stanju. Dizajniran je da savr\u0161eno pristaje na prijenosno ra\u010dunalo ThinkPad T460s, osiguravaju\u0107i besprijekornu i jednostavnu instalaciju.<\/p>\n<p>Op\u0107enito, originalni oslonac za ruku prijenosnog ra\u010dunala Lenovo ThinkPad T460s s dodirnom plo\u010dom SM10H22112 klju\u010dna je komponenta za ispravno funkcioniranje i korisni\u010dko iskustvo prijenosnog ra\u010dunala ThinkPad T460s.<\/p>\n","protected":false},"excerpt":{"rendered":"<p>Originalni naslon za ruku prijenosnog ra\u010dunala Lenovo ThinkPad T460s s podlogom osjetljivom na dodir SM10H22112 zamjenski je dio za gornji poklopac prijenosnog ra\u010dunala Lenovo ThinkPad T460s. Sadr\u017ei udoban oslonac za dlanove i visokokvalitetnu dodirnu plohu za preciznu kontrolu kursora. Ovaj originalni Lenovo proizvod dizajniran je da savr\u0161eno pristaje na prijenosno ra\u010dunalo ThinkPad T460s i izra\u0111en je od izdr\u017eljivih materijala.<\/p>\n","protected":false},"featured_media":17961,"template":"","meta":[],"product_brand":[],"product_cat":[51],"product_tag":[60,61],"class_list":{"0":"post-17922","1":"product","2":"type-product","3":"status-publish","4":"has-post-thumbnail","6":"product_cat-laptop-housing","7":"product_tag-hp","8":"product_tag-lenovo","10":"first","11":"instock","12":"taxable","13":"shipping-taxable","14":"purchasable","15":"product-type-simple"},"_links":{"self":[{"href":"https:\/\/boreait.com\/hr\/wp-json\/wp\/v2\/product\/17922","targetHints":{"allow":["GET"]}}],"collection":[{"href":"https:\/\/boreait.com\/hr\/wp-json\/wp\/v2\/product"}],"about":[{"href":"https:\/\/boreait.com\/hr\/wp-json\/wp\/v2\/types\/product"}],"wp:featuredmedia":[{"embeddable":true,"href":"https:\/\/boreait.com\/hr\/wp-json\/wp\/v2\/media\/17961"}],"wp:attachment":[{"href":"https:\/\/boreait.com\/hr\/wp-json\/wp\/v2\/media?parent=17922"}],"wp:term":[{"taxonomy":"product_brand","embeddable":true,"href":"https:\/\/boreait.com\/hr\/wp-json\/wp\/v2\/product_brand?post=17922"},{"taxonomy":"product_cat","embeddable":true,"href":"https:\/\/boreait.com\/hr\/wp-json\/wp\/v2\/product_cat?post=17922"},{"taxonomy":"product_tag","embeddable":true,"href":"https:\/\/boreait.com\/hr\/wp-json\/wp\/v2\/product_tag?post=17922"}],"curies":[{"name":"wp","href":"https:\/\/api.w.org\/{rel}","templated":true}]}}