{"id":17919,"date":"2025-07-25T10:42:51","date_gmt":"2025-07-25T10:42:51","guid":{"rendered":"https:\/\/boreait.com\/hr\/?post_type=product&#038;p=17919"},"modified":"2025-10-06T05:45:21","modified_gmt":"2025-10-06T05:45:21","slug":"0j8nnp-web-kamera-za-dell-latitude-e5570-e7270-e5270-e7470-e5470","status":"publish","type":"product","link":"https:\/\/boreait.com\/hr\/product\/0j8nnp-web-kamera-za-dell-latitude-e5570-e7270-e5270-e7470-e5470\/","title":{"rendered":"0J8NNP Web kamera za DELL Latitude E5570, E7270, E5270, E7470, E5470"},"content":{"rendered":"<p>Op\u0107enito, web-kamere Dell Latitude imaju razlu\u010divost od najmanje 720p, \u0161to je prikladno za video konferencije, strujanje i snimanje. Neki noviji modeli mogu imati web-kamere ve\u0107e rezolucije, poput 1080p ili \u010dak 4K.<\/p>\n<p>Uz razlu\u010divost, web kamere Dell Latitude tako\u0111er mogu sadr\u017eavati autofokus, korekciju slabog osvjetljenja i tehnologiju smanjenja buke za pru\u017eanje jasnog i visokokvalitetnog videa i zvuka. Neki modeli tako\u0111er mogu imati zatvara\u010d za privatnost ili fizi\u010dki prekida\u010d za blokiranje kamere kada nije u upotrebi.<\/p>\n<p>Sve u svemu, web-kamera na prijenosnom ra\u010dunalu Dell Latitude dizajnirana je kako bi korisnicima pru\u017eila pouzdano i visokokvalitetno videokonferencijsko iskustvo i iskustvo snimanja.<\/p>\n","protected":false},"excerpt":{"rendered":"<p>Web kamera ugra\u0111ena u Dell Latitude nudi jasnu i pouzdanu video kvalitetu, sa zna\u010dajkama kao \u0161to su autofokus, smanjenje buke i opcije privatnosti, pru\u017eaju\u0107i izvrsno iskustvo video konferencije.<\/p>\n","protected":false},"featured_media":17953,"template":"","meta":[],"product_brand":[],"product_cat":[58],"product_tag":[52],"class_list":{"0":"post-17919","1":"product","2":"type-product","3":"status-publish","4":"has-post-thumbnail","6":"product_cat-laptop-camera","7":"product_tag-dell","9":"first","10":"instock","11":"taxable","12":"shipping-taxable","13":"purchasable","14":"product-type-simple"},"_links":{"self":[{"href":"https:\/\/boreait.com\/hr\/wp-json\/wp\/v2\/product\/17919","targetHints":{"allow":["GET"]}}],"collection":[{"href":"https:\/\/boreait.com\/hr\/wp-json\/wp\/v2\/product"}],"about":[{"href":"https:\/\/boreait.com\/hr\/wp-json\/wp\/v2\/types\/product"}],"wp:featuredmedia":[{"embeddable":true,"href":"https:\/\/boreait.com\/hr\/wp-json\/wp\/v2\/media\/17953"}],"wp:attachment":[{"href":"https:\/\/boreait.com\/hr\/wp-json\/wp\/v2\/media?parent=17919"}],"wp:term":[{"taxonomy":"product_brand","embeddable":true,"href":"https:\/\/boreait.com\/hr\/wp-json\/wp\/v2\/product_brand?post=17919"},{"taxonomy":"product_cat","embeddable":true,"href":"https:\/\/boreait.com\/hr\/wp-json\/wp\/v2\/product_cat?post=17919"},{"taxonomy":"product_tag","embeddable":true,"href":"https:\/\/boreait.com\/hr\/wp-json\/wp\/v2\/product_tag?post=17919"}],"curies":[{"name":"wp","href":"https:\/\/api.w.org\/{rel}","templated":true}]}}