{"id":17918,"date":"2025-07-25T10:42:51","date_gmt":"2025-07-25T10:42:51","guid":{"rendered":"https:\/\/boreait.com\/hr\/?post_type=product&#038;p=17918"},"modified":"2025-07-25T10:42:58","modified_gmt":"2025-07-25T10:42:58","slug":"b156xtn02-6-lcd-zaslon-hd-1366x768-zaslon-156","status":"publish","type":"product","link":"https:\/\/boreait.com\/hr\/product\/b156xtn02-6-lcd-zaslon-hd-1366x768-zaslon-156\/","title":{"rendered":"B156XTN02.6 LCD zaslon HD 1366&#215;768 zaslon 15,6&#8243;"},"content":{"rendered":"<p><strong>Isti zaslon kao na fotografiji u popisu! Bez mrtvih piksela ili ogrebotina!<\/strong><\/p>\n<p>B156XTN02.6 je visokokvalitetni LCD zaslon koji pru\u017ea jasne i \u017eivopisne slike za prijenosna ra\u010dunala i druge ure\u0111aje. Uz veli\u010dinu zaslona od 15,6 in\u010da i razlu\u010divost od 1366&#215;768 piksela, ovaj zaslon daje o\u0161tre i detaljne slike sa svijetlim bojama i dubokom crnom. Mat zavr\u0161ni sloj poma\u017ee u smanjenju blje\u0161tanja i refleksije, pru\u017eaju\u0107i ugodno iskustvo gledanja \u010dak iu svijetlim okru\u017eenjima. Tanak dizajn i lagana konstrukcija \u010dine ga idealnim za kori\u0161tenje u prijenosnim ure\u0111ajima, dok \u0161iroki kutovi gledanja pru\u017eaju impresivno iskustvo gledanja iz bilo kojeg polo\u017eaja. Bilo za posao ili zabavu, B156XTN02.6 izvrstan je izbor za one koji tra\u017ee visokokvalitetni LCD zaslon za svoje prijenosno ra\u010dunalo.<\/p>\n<p>Ovdje su neki kompatibilni zasloni za B156XTN02.6 LCD zaslon HD 1366&#215;768 zaslon 15,6&#8243;:<\/p>\n<ol>\n<li>LP156WHB(TP)(A1)<\/li>\n<li>N156BGE-EB2<\/li>\n<li>B156XTN03.1<\/li>\n<li>N156BGE-EB1<\/li>\n<li>LP156WHB(TP)(C1)<\/li>\n<li>N156BGE-EB2 Rev.C2<\/li>\n<li>LP156WHB(TP)(D1)<\/li>\n<li>B156XTN03.2<\/li>\n<li>N156BGE-EB3<\/li>\n<li>LP156WHB(TP)(E1)<\/li>\n<\/ol>\n","protected":false},"excerpt":{"rendered":"<p>B156XTN02.6 je 15,6&#8243; LCD zaslon koji pru\u017ea jasne i o\u0161tre slike sa svojom HD rezolucijom od 1366&#215;768 piksela. Njegova mat zavr\u0161na obrada poma\u017ee u smanjenju odbljeska i refleksije, pru\u017eaju\u0107i ugodno iskustvo gledanja u razli\u010ditim uvjetima osvjetljenja. Tanak dizajn i lagana konstrukcija zaslona \u010dine ga savr\u0161enim za prijenosne ure\u0111aje, dok \u0161iroki kutovi gledanja osiguravaju impresivno iskustvo gledanja iz bilo koje pozicije.<\/p>\n","protected":false},"featured_media":17952,"template":"","meta":[],"product_brand":[],"product_cat":[57,56],"product_tag":[],"class_list":{"0":"post-17918","1":"product","2":"type-product","3":"status-publish","4":"has-post-thumbnail","6":"product_cat-15-6","7":"product_cat-laptop-screens-lcd-panels","9":"first","10":"instock","11":"taxable","12":"shipping-taxable","13":"purchasable","14":"product-type-simple"},"_links":{"self":[{"href":"https:\/\/boreait.com\/hr\/wp-json\/wp\/v2\/product\/17918","targetHints":{"allow":["GET"]}}],"collection":[{"href":"https:\/\/boreait.com\/hr\/wp-json\/wp\/v2\/product"}],"about":[{"href":"https:\/\/boreait.com\/hr\/wp-json\/wp\/v2\/types\/product"}],"wp:featuredmedia":[{"embeddable":true,"href":"https:\/\/boreait.com\/hr\/wp-json\/wp\/v2\/media\/17952"}],"wp:attachment":[{"href":"https:\/\/boreait.com\/hr\/wp-json\/wp\/v2\/media?parent=17918"}],"wp:term":[{"taxonomy":"product_brand","embeddable":true,"href":"https:\/\/boreait.com\/hr\/wp-json\/wp\/v2\/product_brand?post=17918"},{"taxonomy":"product_cat","embeddable":true,"href":"https:\/\/boreait.com\/hr\/wp-json\/wp\/v2\/product_cat?post=17918"},{"taxonomy":"product_tag","embeddable":true,"href":"https:\/\/boreait.com\/hr\/wp-json\/wp\/v2\/product_tag?post=17918"}],"curies":[{"name":"wp","href":"https:\/\/api.w.org\/{rel}","templated":true}]}}