{"id":17917,"date":"2025-07-25T10:42:50","date_gmt":"2025-07-25T10:42:50","guid":{"rendered":"https:\/\/boreait.com\/hr\/?post_type=product&#038;p=17917"},"modified":"2026-01-14T07:01:16","modified_gmt":"2026-01-14T07:01:16","slug":"dell-precision-7710-m7710-lcd-video-edp-fhd-kabel","status":"publish","type":"product","link":"https:\/\/boreait.com\/hr\/product\/dell-precision-7710-m7710-lcd-video-edp-fhd-kabel\/","title":{"rendered":"DELL Precision 7710 M7710 LCD VIDEO EDP FHD KABEL"},"content":{"rendered":"<p>PN: 03GPF4<\/p>\n<p>DELL Precision 7710 M7710 LCD VIDEO EDP FHD KABEL je visokokvalitetan i pouzdan video kabel dizajniran za kori\u0161tenje s prijenosnim ra\u010dunalom Dell Precision 7710. Ovaj kabel je odgovoran za prijenos video signala visoke rezolucije s grafi\u010dke kartice prijenosnog ra\u010dunala na njegovu Full HD (FHD) zaslonsku plo\u010du preko ugra\u0111enog Display Port (EDP) su\u010delja. To je originalni Dell dio koji je temeljito testiran i zajam\u010deno pru\u017ea jasne i jasne slike bez izobli\u010denja ili gubitka signala. Zamjenom o\u0161te\u0107enog ili neispravnog kabela ovim, korisnici mogu vratiti video performanse svog prijenosnog ra\u010dunala i u\u017eivati u besprijekornom iskustvu gledanja.<\/p>\n","protected":false},"excerpt":{"rendered":"<p>DELL Precision 7710 M7710 LCD VIDEO EDP FHD KABEL je originalni Dell zamjenski kabel koji pru\u017ea jasne video signale bez izobli\u010denja izme\u0111u grafi\u010dke kartice prijenosnog ra\u010dunala i Full HD zaslona.<\/p>\n","protected":false},"featured_media":17950,"template":"","meta":[],"product_brand":[],"product_cat":[55],"product_tag":[52],"class_list":{"0":"post-17917","1":"product","2":"type-product","3":"status-publish","4":"has-post-thumbnail","6":"product_cat-cables","7":"product_tag-dell","9":"first","10":"instock","11":"taxable","12":"shipping-taxable","13":"purchasable","14":"product-type-simple"},"_links":{"self":[{"href":"https:\/\/boreait.com\/hr\/wp-json\/wp\/v2\/product\/17917","targetHints":{"allow":["GET"]}}],"collection":[{"href":"https:\/\/boreait.com\/hr\/wp-json\/wp\/v2\/product"}],"about":[{"href":"https:\/\/boreait.com\/hr\/wp-json\/wp\/v2\/types\/product"}],"wp:featuredmedia":[{"embeddable":true,"href":"https:\/\/boreait.com\/hr\/wp-json\/wp\/v2\/media\/17950"}],"wp:attachment":[{"href":"https:\/\/boreait.com\/hr\/wp-json\/wp\/v2\/media?parent=17917"}],"wp:term":[{"taxonomy":"product_brand","embeddable":true,"href":"https:\/\/boreait.com\/hr\/wp-json\/wp\/v2\/product_brand?post=17917"},{"taxonomy":"product_cat","embeddable":true,"href":"https:\/\/boreait.com\/hr\/wp-json\/wp\/v2\/product_cat?post=17917"},{"taxonomy":"product_tag","embeddable":true,"href":"https:\/\/boreait.com\/hr\/wp-json\/wp\/v2\/product_tag?post=17917"}],"curies":[{"name":"wp","href":"https:\/\/api.w.org\/{rel}","templated":true}]}}