{"id":17916,"date":"2025-07-25T10:42:50","date_gmt":"2025-07-25T10:42:50","guid":{"rendered":"https:\/\/boreait.com\/hr\/?post_type=product&#038;p=17916"},"modified":"2025-07-25T10:42:56","modified_gmt":"2025-07-25T10:42:56","slug":"rabljeni-originalni-set-sarki-za-lcd-zaslon-prijenosnog-racunala-dell-precision-7710","status":"publish","type":"product","link":"https:\/\/boreait.com\/hr\/product\/rabljeni-originalni-set-sarki-za-lcd-zaslon-prijenosnog-racunala-dell-precision-7710\/","title":{"rendered":"Rabljeni originalni set \u0161arki za LCD zaslon prijenosnog ra\u010dunala Dell Precision 7710"},"content":{"rendered":"<p>PN: GJN0G<\/p>\n<p>Rabljeni set \u0161arki za LCD zaslon prijenosnog ra\u010dunala Genuine Dell Precision 7710 je zamjenski dio za mehanizam \u0161arki koji povezuje LCD zaslon prijenosnog ra\u010dunala s njegovim tijelom. Ove su \u0161arke originalni dijelovi tvrtke Dell i posebno su dizajnirane za kori\u0161tenje s modelom Precision 7710. Rabljeni su, ali jo\u0161 uvijek u dobrom stanju i potpuno funkcionalni. Zamjenom o\u0161te\u0107enih ili slomljenih \u0161arki ovim setom korisnici mogu vratiti zaslon svog prijenosnog ra\u010dunala u ispravno stanje i u\u017eivati u glatkom i stabilnom radu.<\/p>\n","protected":false},"excerpt":{"rendered":"<p>O\u017eivite zaslon svog prijenosnog ra\u010dunala Dell Precision 7710 s ovim autenti\u010dnim i potpuno funkcionalnim setom rabljenih \u0161arki LCD zaslona dizajniranih za nesmetan i stabilan rad.<\/p>\n","protected":false},"featured_media":17948,"template":"","meta":[],"product_brand":[],"product_cat":[54],"product_tag":[52],"class_list":{"0":"post-17916","1":"product","2":"type-product","3":"status-publish","4":"has-post-thumbnail","6":"product_cat-screen-hinge","7":"product_tag-dell","9":"first","10":"instock","11":"taxable","12":"shipping-taxable","13":"purchasable","14":"product-type-simple"},"_links":{"self":[{"href":"https:\/\/boreait.com\/hr\/wp-json\/wp\/v2\/product\/17916","targetHints":{"allow":["GET"]}}],"collection":[{"href":"https:\/\/boreait.com\/hr\/wp-json\/wp\/v2\/product"}],"about":[{"href":"https:\/\/boreait.com\/hr\/wp-json\/wp\/v2\/types\/product"}],"wp:featuredmedia":[{"embeddable":true,"href":"https:\/\/boreait.com\/hr\/wp-json\/wp\/v2\/media\/17948"}],"wp:attachment":[{"href":"https:\/\/boreait.com\/hr\/wp-json\/wp\/v2\/media?parent=17916"}],"wp:term":[{"taxonomy":"product_brand","embeddable":true,"href":"https:\/\/boreait.com\/hr\/wp-json\/wp\/v2\/product_brand?post=17916"},{"taxonomy":"product_cat","embeddable":true,"href":"https:\/\/boreait.com\/hr\/wp-json\/wp\/v2\/product_cat?post=17916"},{"taxonomy":"product_tag","embeddable":true,"href":"https:\/\/boreait.com\/hr\/wp-json\/wp\/v2\/product_tag?post=17916"}],"curies":[{"name":"wp","href":"https:\/\/api.w.org\/{rel}","templated":true}]}}