{"id":17915,"date":"2025-07-25T10:42:50","date_gmt":"2025-07-25T10:42:50","guid":{"rendered":"https:\/\/boreait.com\/hr\/?post_type=product&#038;p=17915"},"modified":"2025-07-25T10:42:55","modified_gmt":"2025-07-25T10:42:55","slug":"zvucnik-za-prijenosno-racunalo-dell-precision-17-7710","status":"publish","type":"product","link":"https:\/\/boreait.com\/hr\/product\/zvucnik-za-prijenosno-racunalo-dell-precision-17-7710\/","title":{"rendered":"Zvu\u010dnik za prijenosno ra\u010dunalo DELL Precision 17 7710"},"content":{"rendered":"<p>PN: GFGE2<\/p>\n<p>Zvu\u010dnik prijenosnog ra\u010dunala za DELL Precision 17 7710 je audiosustav visoke vjernosti koji pru\u017ea impresivnu kvalitetu zvuka za profesionalne i zabavne svrhe. Opremljen naprednim audio drajverima i poja\u010dalima, ovaj zvu\u010dnik proizvodi o\u0161tar i jasan zvuk s bogatim basom i visokim visokim tonom, omogu\u0107uju\u0107i vam da u\u017eivate u glazbi, videu i konferencijskim pozivima s jasno\u0107om i dubinom.<\/p>\n<p>Zvu\u010dnik je inteligentno dizajniran za optimizaciju audio izlaza prema sadr\u017eaju koji se reproducira, bilo da se radi o glazbi, glasu ili videu. Tako\u0111er podr\u017eava niz audio formata, uklju\u010duju\u0107i zvuk visoke razlu\u010divosti, Dolby Atmos i Waves MaxxAudio Pro, osiguravaju\u0107i da do\u017eivite najbolju mogu\u0107u kvalitetu zvuka u raznim aplikacijama i medijima.<\/p>\n<p>Sa svojim elegantnim i izdr\u017eljivim dizajnom, zvu\u010dnik za prijenosno ra\u010dunalo DELL Precision 17 7710 napravljen je da traje i izdr\u017ei zahtjeve profesionalne uporabe. To je bitna komponenta za svakoga tko zahtijeva visokokvalitetni zvuk za rad ili zabavu, a zasigurno \u0107e pobolj\u0161ati va\u0161e cjelokupno korisni\u010dko iskustvo.<\/p>\n","protected":false},"excerpt":{"rendered":"<p>Zvu\u010dnik za prijenosno ra\u010dunalo DELL Precision 17 7710 je audiosustav visokih performansi koji proizvodi o\u0161tar, impresivan zvuk s bogatim basovima i visokim tonovima. Njegov inteligentni dizajn optimizira audio izlaz za glazbu, glas i video, a njegova elegantna, izdr\u017eljiva izrada \u010dini ga pouzdanim izborom za profesionalnu i zabavnu upotrebu.<\/p>\n","protected":false},"featured_media":17946,"template":"","meta":[],"product_brand":[],"product_cat":[53],"product_tag":[52],"class_list":{"0":"post-17915","1":"product","2":"type-product","3":"status-publish","4":"has-post-thumbnail","6":"product_cat-laptop-speakers","7":"product_tag-dell","9":"first","10":"instock","11":"taxable","12":"shipping-taxable","13":"purchasable","14":"product-type-simple"},"_links":{"self":[{"href":"https:\/\/boreait.com\/hr\/wp-json\/wp\/v2\/product\/17915","targetHints":{"allow":["GET"]}}],"collection":[{"href":"https:\/\/boreait.com\/hr\/wp-json\/wp\/v2\/product"}],"about":[{"href":"https:\/\/boreait.com\/hr\/wp-json\/wp\/v2\/types\/product"}],"wp:featuredmedia":[{"embeddable":true,"href":"https:\/\/boreait.com\/hr\/wp-json\/wp\/v2\/media\/17946"}],"wp:attachment":[{"href":"https:\/\/boreait.com\/hr\/wp-json\/wp\/v2\/media?parent=17915"}],"wp:term":[{"taxonomy":"product_brand","embeddable":true,"href":"https:\/\/boreait.com\/hr\/wp-json\/wp\/v2\/product_brand?post=17915"},{"taxonomy":"product_cat","embeddable":true,"href":"https:\/\/boreait.com\/hr\/wp-json\/wp\/v2\/product_cat?post=17915"},{"taxonomy":"product_tag","embeddable":true,"href":"https:\/\/boreait.com\/hr\/wp-json\/wp\/v2\/product_tag?post=17915"}],"curies":[{"name":"wp","href":"https:\/\/api.w.org\/{rel}","templated":true}]}}