{"id":17914,"date":"2025-07-25T10:42:50","date_gmt":"2025-07-25T10:42:50","guid":{"rendered":"https:\/\/boreait.com\/hr\/?post_type=product&#038;p=17914"},"modified":"2025-07-25T10:42:53","modified_gmt":"2025-07-25T10:42:53","slug":"dell-precision-7710-m7710-kuciste-za-prijenosno-racunalo","status":"publish","type":"product","link":"https:\/\/boreait.com\/hr\/product\/dell-precision-7710-m7710-kuciste-za-prijenosno-racunalo\/","title":{"rendered":"DELL Precision 7710 M7710 Ku\u0107i\u0161te za prijenosno ra\u010dunalo"},"content":{"rendered":"<p>Ku\u0107i\u0161te Dell Precision 7710 (M7710) dizajnirano je da bude i izdr\u017eljivo i moderno, s elegantnim i modernim izgledom koji \u0107e zasigurno impresionirati. Prijenosno ra\u010dunalo izra\u0111eno je od visokokvalitetnih materijala, uklju\u010duju\u0107i oja\u010danu leguru magnezija, koja pru\u017ea izvrsnu \u010dvrsto\u0107u i izdr\u017eljivost, a tako\u0111er odr\u017eava prijenosno ra\u010dunalo relativno laganim.<\/p>\n<p>Ku\u0107i\u0161te Precision 7710 tako\u0111er je projektirano da izdr\u017ei surovost svakodnevne upotrebe, s robusnim dizajnom koji mo\u017ee izdr\u017eati padove, udarce i druge vrste fizi\u010dkog zlostavljanja. To ga \u010dini idealnim izborom za profesionalce koji trebaju prijenosno ra\u010dunalo koje mo\u017ee podnijeti zahtjeve u\u017eurbanog radnog okru\u017eenja.<\/p>\n<p>Osim toga, ku\u0107i\u0161te Precision 7710 vrlo je prilagodljivo, s rasponom boja i zavr\u0161nih opcija dostupnih kako bi odgovarale va\u0161em individualnom stilu i preferencijama. Bilo da preferirate klasi\u010dnu srebrnu zavr\u0161nu obradu ili ne\u0161to hrabrije i \u0161arenije, mo\u017eete prona\u0107i prijenosno ra\u010dunalo Dell Precision 7710 koje odgovara va\u0161im potrebama i ukusu.<\/p>\n","protected":false},"excerpt":{"rendered":"<p>Ku\u0107i\u0161te prijenosnog ra\u010dunala Dell Precision 7710 (M7710) elegantna je i izdr\u017eljiva konstrukcija izra\u0111ena od oja\u010dane legure magnezija, koja pru\u017ea izvrsnu \u010dvrsto\u0107u i za\u0161titu dok prijenosno ra\u010dunalo ostaje lagano. Prilagodljiv je s nizom boja i zavr\u0161nih opcija koje odgovaraju va\u0161em stilu i preferencijama.<\/p>\n","protected":false},"featured_media":17944,"template":"","meta":[],"product_brand":[],"product_cat":[51],"product_tag":[52],"class_list":{"0":"post-17914","1":"product","2":"type-product","3":"status-publish","4":"has-post-thumbnail","6":"product_cat-laptop-housing","7":"product_tag-dell","9":"first","10":"instock","11":"taxable","12":"shipping-taxable","13":"purchasable","14":"product-type-simple"},"_links":{"self":[{"href":"https:\/\/boreait.com\/hr\/wp-json\/wp\/v2\/product\/17914","targetHints":{"allow":["GET"]}}],"collection":[{"href":"https:\/\/boreait.com\/hr\/wp-json\/wp\/v2\/product"}],"about":[{"href":"https:\/\/boreait.com\/hr\/wp-json\/wp\/v2\/types\/product"}],"wp:featuredmedia":[{"embeddable":true,"href":"https:\/\/boreait.com\/hr\/wp-json\/wp\/v2\/media\/17944"}],"wp:attachment":[{"href":"https:\/\/boreait.com\/hr\/wp-json\/wp\/v2\/media?parent=17914"}],"wp:term":[{"taxonomy":"product_brand","embeddable":true,"href":"https:\/\/boreait.com\/hr\/wp-json\/wp\/v2\/product_brand?post=17914"},{"taxonomy":"product_cat","embeddable":true,"href":"https:\/\/boreait.com\/hr\/wp-json\/wp\/v2\/product_cat?post=17914"},{"taxonomy":"product_tag","embeddable":true,"href":"https:\/\/boreait.com\/hr\/wp-json\/wp\/v2\/product_tag?post=17914"}],"curies":[{"name":"wp","href":"https:\/\/api.w.org\/{rel}","templated":true}]}}