{"id":28708,"date":"2025-07-29T07:50:28","date_gmt":"2025-07-29T07:50:28","guid":{"rendered":"https:\/\/boreait.com\/hr\/?page_id=28708"},"modified":"2025-07-29T07:50:32","modified_gmt":"2025-07-29T07:50:32","slug":"stanje-nasih-proizvoda","status":"publish","type":"page","link":"https:\/\/boreait.com\/hr\/stanje-nasih-proizvoda\/","title":{"rendered":"Stanje na\u0161ih proizvoda"},"content":{"rendered":"\n<p>Ako nije druga\u010dije navedeno u naslovu i\/ili opisu, proizvodi u na\u0161oj trgovini su rabljeni, o\u010di\u0161\u0107eni i testirani.<\/p>\n","protected":false},"excerpt":{"rendered":"<p>Ako nije druga\u010dije navedeno u naslovu i\/ili opisu, proizvodi u na\u0161oj trgovini su rabljeni, o\u010di\u0161\u0107eni i testirani.<\/p>\n","protected":false},"author":1,"featured_media":0,"parent":0,"menu_order":0,"comment_status":"closed","ping_status":"closed","template":"","meta":{"footnotes":""},"class_list":["post-28708","page","type-page","status-publish","hentry"],"_links":{"self":[{"href":"https:\/\/boreait.com\/hr\/wp-json\/wp\/v2\/pages\/28708","targetHints":{"allow":["GET"]}}],"collection":[{"href":"https:\/\/boreait.com\/hr\/wp-json\/wp\/v2\/pages"}],"about":[{"href":"https:\/\/boreait.com\/hr\/wp-json\/wp\/v2\/types\/page"}],"author":[{"embeddable":true,"href":"https:\/\/boreait.com\/hr\/wp-json\/wp\/v2\/users\/1"}],"replies":[{"embeddable":true,"href":"https:\/\/boreait.com\/hr\/wp-json\/wp\/v2\/comments?post=28708"}],"version-history":[{"count":1,"href":"https:\/\/boreait.com\/hr\/wp-json\/wp\/v2\/pages\/28708\/revisions"}],"predecessor-version":[{"id":28709,"href":"https:\/\/boreait.com\/hr\/wp-json\/wp\/v2\/pages\/28708\/revisions\/28709"}],"wp:attachment":[{"href":"https:\/\/boreait.com\/hr\/wp-json\/wp\/v2\/media?parent=28708"}],"curies":[{"name":"wp","href":"https:\/\/api.w.org\/{rel}","templated":true}]}}