{"id":9972,"date":"2025-09-15T15:08:33","date_gmt":"2025-09-15T13:08:33","guid":{"rendered":"https:\/\/boreait.com\/fr\/?post_type=product&#038;p=9972"},"modified":"2026-01-14T09:59:13","modified_gmt":"2026-01-14T08:59:13","slug":"module-de-memoire-ram-pour-ordinateur-portable-samsung-4-go-pc3l-12800-ddr3-1600-mhz-204-broches-4-go","status":"publish","type":"product","link":"https:\/\/boreait.com\/fr\/produit\/module-de-memoire-ram-pour-ordinateur-portable-samsung-4-go-pc3l-12800-ddr3-1600-mhz-204-broches-4-go\/","title":{"rendered":"Module de m\u00e9moire RAM pour ordinateur portable Samsung 4 Go PC3L-12800 DDR3-1600 MHz 204 broches 4 Go"},"content":{"rendered":"<div class=\"flex-1 overflow-hidden\">\n<div class=\"react-scroll-to-bottom--css-kihzf-79elbk h-full dark:bg-gray-800\">\n<div class=\"react-scroll-to-bottom--css-kihzf-1n7m0yu\">\n<div class=\"flex flex-col text-sm dark:bg-gray-800\">\n<div class=\"group final-completion w-full text-token-text-primary border-b border-black\/10 gizmo:border-0 dark:border-gray-900\/50 gizmo:dark:border-0 bg-gray-50 gizmo:bg-transparent dark:bg-[#444654] gizmo:dark:bg-transparent\" data-testid=\"conversation-turn-13\">\n<div class=\"p-4 justifier-centrer texte-base md:gap-6 md:py-6 m-auto\">\n<div class=\"flex flex-1 gap-4 texte-base mx-auto md:gap-6 gizmo:gap-3 gizmo:md:px-5 gizmo:lg:px-1 gizmo:xl:px-5 md:max-w-2xl lg:max-w-[38rem] gizmo:md:max-w-3xl gizmo:lg:max-w-[40rem] gizmo:xl:max-w-[48rem] xl:max-w-3xl }\">\n<div class=\"relative flex w-[calc(100%-50px)] flex-col gizmo:w-full lg:w-[calc(100%-115px)] agent-turn\">\n<div class=\"flex-col gap-1 md:gap-3\">\n<div class=\"flex flex-grow flex-col gap-3 max-w-full\">\n<div class=\"min-h-[20px] flex flex-col items-start gap-3 whitespace-pre-wrap break-words overflow-x-auto\">\n<div class=\"markdown prose w-full break-words dark:prose-invert dark\">\n<p>Am\u00e9liorez la m\u00e9moire de votre ordinateur portable avec le module RAM Samsung 4 Go PC3L-12800 DDR3-1600 MHz 204 broches. Ce module m\u00e9moire fiable et performant est con\u00e7u pour am\u00e9liorer consid\u00e9rablement les performances de votre ordinateur portable, vous permettant de g\u00e9rer facilement plusieurs t\u00e2ches et applications. <\/p>\n<p>Principales caract\u00e9ristiques\u00a0:<\/p>\n<ul>\n<li>Type\u00a0: DDR3 SODIMM<\/li>\n<li>Capacit\u00e9\u00a0: 4\u00a0Go<\/li>\n<li>Vitesse\u00a0: 1\u00a0600\u00a0MHz (PC3L-12800)<\/li>\n<li>Broches\u00a0: 204\u00a0broches<\/li>\n<li>Tension\u00a0: 1,35\u00a0V (basse tension)<\/li>\n<li>Compatibilit\u00e9\u00a0: Con\u00e7u pour les ordinateurs portables et les notebooks<\/li>\n<\/ul>\n<p>Avec une capacit\u00e9 de 4\u00a0Go, ce module RAM est adapt\u00e9 \u00e0 diverses t\u00e2ches informatiques, de l&rsquo;utilisation quotidienne aux jeux l\u00e9gers et \u00e0 la cr\u00e9ation de contenu. Il est id\u00e9al pour mettre \u00e0 niveau la m\u00e9moire de votre ordinateur portable afin de r\u00e9pondre aux exigences des logiciels et applications modernes.<\/p>\n<p>Dites adieu aux temps de chargement lents et aux ralentissements du syst\u00e8me. Ce module RAM Samsung fonctionne \u00e0 une fr\u00e9quence de 1\u00a0600\u00a0MHz, garantissant un fonctionnement fluide et efficace de votre ordinateur portable. De plus, sa conception basse tension (1,35 V) permet d&rsquo;\u00e9conomiser l&rsquo;\u00e9nergie, ce qui en fait un choix plus \u00e9cologique.<\/p>\n<p>Veuillez noter que cette annonce inclut de vraies photos du module RAM Samsung 4 Go PC3L-12800 DDR3-1600 MHz 204 broches, et qu&rsquo;aucune instruction d&rsquo;installation n&rsquo;est fournie. Pour toute question ou information compl\u00e9mentaire, n&rsquo;h\u00e9sitez pas \u00e0 nous contacter. Optimisez les performances de votre ordinateur portable avec ce module RAM Samsung et b\u00e9n\u00e9ficiez d&rsquo;un multit\u00e2che et d&rsquo;une r\u00e9activit\u00e9 am\u00e9lior\u00e9s. <\/p>\n<\/div>\n<\/div>\n<\/div>\n<div class=\"flex justify-between empty:hidden gizmo:justify-start gizmo:gap-3 lg:block\">\n<div class=\"text-gray-400 flex self-end lg:self-center justify-center gizmo:lg:justify-start mt-2 gizmo:mt-0 visible lg:gap-1 lg:absolute lg:top-0 lg:translate-x-full lg:right-0 lg:mt-0 lg:pl-2 gap-2 md:gap-3\">\n<div class=\"flex gap-1 gizmo:gap-3\"><\/div>\n<\/div>\n<\/div>\n<\/div>\n<\/div>\n<\/div>\n<\/div>\n<div class=\"h-32 md:h-48 flex-shrink-0\"><\/div>\n<\/div>\n<\/div>\n<\/div>\n<\/div>\n<div class=\"w-full pt-2 border-t md:border-t-0 dark:border-white\/20 md:border-transparent md:dark:border-transparent md:pl-2 md:w-[calc(100%-.5rem)] absolute bottom-0 left-0 md:bg-vert-light-gradient bg-white dark:bg-gray-800 md:!bg-transparent dark:md:bg-vert-dark-gradient\">\n<div class=\"relative flex h-full flex-1 items-stretch md:flex-col\">\n<div>\n<div class=\"h-full flex ml-1 md:w-full md:m-auto md:mb-4 gap-0 md:gap-2 justifier-centre\"><\/div>\n<\/div>\n<\/div>\n<\/div>\n","protected":false},"excerpt":{"rendered":"<p>Am\u00e9liorez les performances de votre ordinateur portable avec le module RAM Samsung 4 Go PC3L-12800 DDR3-1600 MHz 204 broches. Cette mise \u00e0 niveau m\u00e9moire de haute qualit\u00e9 est con\u00e7ue pour optimiser la vitesse et les capacit\u00e9s multit\u00e2ches de votre ordinateur portable. Avec une capacit\u00e9 de 4 Go, elle offre une m\u00e9moire suffisante pour vos applications et t\u00e2ches, ce qui en fait un excellent choix pour la mise \u00e0 niveau de votre ordinateur portable. Profitez de temps de chargement plus rapides et d&rsquo;un fonctionnement plus fluide gr\u00e2ce \u00e0 ce module RAM Samsung.<\/p>\n","protected":false},"featured_media":10039,"template":"","meta":[],"product_brand":[],"product_cat":[73,72],"product_tag":[],"class_list":{"0":"post-9972","1":"product","2":"type-product","3":"status-publish","4":"has-post-thumbnail","6":"product_cat-ddr3-ddr3l","7":"product_cat-ram-memory","9":"first","10":"instock","11":"taxable","12":"shipping-taxable","13":"purchasable","14":"product-type-simple"},"_links":{"self":[{"href":"https:\/\/boreait.com\/fr\/wp-json\/wp\/v2\/product\/9972","targetHints":{"allow":["GET"]}}],"collection":[{"href":"https:\/\/boreait.com\/fr\/wp-json\/wp\/v2\/product"}],"about":[{"href":"https:\/\/boreait.com\/fr\/wp-json\/wp\/v2\/types\/product"}],"wp:featuredmedia":[{"embeddable":true,"href":"https:\/\/boreait.com\/fr\/wp-json\/wp\/v2\/media\/10039"}],"wp:attachment":[{"href":"https:\/\/boreait.com\/fr\/wp-json\/wp\/v2\/media?parent=9972"}],"wp:term":[{"taxonomy":"product_brand","embeddable":true,"href":"https:\/\/boreait.com\/fr\/wp-json\/wp\/v2\/product_brand?post=9972"},{"taxonomy":"product_cat","embeddable":true,"href":"https:\/\/boreait.com\/fr\/wp-json\/wp\/v2\/product_cat?post=9972"},{"taxonomy":"product_tag","embeddable":true,"href":"https:\/\/boreait.com\/fr\/wp-json\/wp\/v2\/product_tag?post=9972"}],"curies":[{"name":"wp","href":"https:\/\/api.w.org\/{rel}","templated":true}]}}