{"id":9953,"date":"2025-09-15T15:08:08","date_gmt":"2025-09-15T13:08:08","guid":{"rendered":"https:\/\/boreait.com\/fr\/?post_type=product&#038;p=9953"},"modified":"2025-09-15T15:09:34","modified_gmt":"2025-09-15T13:09:34","slug":"carte-bluetooth-toshiba-eytfxcs-pa3608u-1btm-dorigine-remplacement-dorigine","status":"publish","type":"product","link":"https:\/\/boreait.com\/fr\/produit\/carte-bluetooth-toshiba-eytfxcs-pa3608u-1btm-dorigine-remplacement-dorigine\/","title":{"rendered":"Carte Bluetooth Toshiba EYTFXCS PA3608U-1BTM d&rsquo;origine &#8211; Remplacement d&rsquo;origine"},"content":{"rendered":"<p>La CARTE BLUETOOTH Toshiba EYTFXCS PA3608U-1BTM d&rsquo;origine est une carte de remplacement con\u00e7ue pour am\u00e9liorer la connectivit\u00e9 de votre ordinateur portable. Que vous souhaitiez remplacer une carte Bluetooth d\u00e9fectueuse ou mettre \u00e0 niveau votre ordinateur portable, cette carte Toshiba est le choix id\u00e9al.<\/p>\n<p>Caract\u00e9ristiques principales\u00a0:<\/p>\n<ul>\n<li>Pi\u00e8ce de rechange Toshiba d&rsquo;origine<\/li>\n<li>Connectivit\u00e9 Bluetooth fiable<\/li>\n<li>Mod\u00e8le\u00a0: EYTFXCS PA3608U-1BTM<\/li>\n<\/ul>\n<p>Cette carte Bluetooth assure des connexions sans fil fluides, facilitant ainsi le couplage de votre ordinateur portable avec divers appareils compatibles Bluetooth. Des \u00e9couteurs et enceintes aux smartphones et p\u00e9riph\u00e9riques, profitez d&rsquo;une exp\u00e9rience sans fil fluide.<\/p>\n<p>Veuillez noter que cette annonce pr\u00e9sente des photos r\u00e9elles du produit et qu&rsquo;aucune instruction d&rsquo;installation n&rsquo;est fournie. Pour toute question ou information compl\u00e9mentaire, n&rsquo;h\u00e9sitez pas \u00e0 nous contacter. Am\u00e9liorez la connectivit\u00e9 de votre ordinateur portable avec la CARTE BLUETOOTH Toshiba EYTFXCS PA3608U-1BTM d&rsquo;origine et profitez des avantages d&rsquo;une technologie Bluetooth fiable.<\/p>\n","protected":false},"excerpt":{"rendered":"<p>Am\u00e9liorez la connectivit\u00e9 de votre ordinateur portable avec la CARTE BLUETOOTH Toshiba EYTFXCS PA3608U-1BTM d&rsquo;origine. Cette carte de remplacement d&rsquo;origine est con\u00e7ue pour am\u00e9liorer la connectivit\u00e9 de votre ordinateur portable. Que vous ayez besoin de remplacer une carte Bluetooth d\u00e9fectueuse ou de mettre \u00e0 niveau votre syst\u00e8me, cette carte Toshiba est la solution id\u00e9ale. Profitez de connexions sans fil fluides gr\u00e2ce \u00e0 ce composant de haute qualit\u00e9.<\/p>\n","protected":false},"featured_media":10019,"template":"","meta":[],"product_brand":[],"product_cat":[63],"product_tag":[],"class_list":{"0":"post-9953","1":"product","2":"type-product","3":"status-publish","4":"has-post-thumbnail","6":"product_cat-motherboards-board-parts","8":"first","9":"instock","10":"taxable","11":"shipping-taxable","12":"purchasable","13":"product-type-simple"},"_links":{"self":[{"href":"https:\/\/boreait.com\/fr\/wp-json\/wp\/v2\/product\/9953","targetHints":{"allow":["GET"]}}],"collection":[{"href":"https:\/\/boreait.com\/fr\/wp-json\/wp\/v2\/product"}],"about":[{"href":"https:\/\/boreait.com\/fr\/wp-json\/wp\/v2\/types\/product"}],"wp:featuredmedia":[{"embeddable":true,"href":"https:\/\/boreait.com\/fr\/wp-json\/wp\/v2\/media\/10019"}],"wp:attachment":[{"href":"https:\/\/boreait.com\/fr\/wp-json\/wp\/v2\/media?parent=9953"}],"wp:term":[{"taxonomy":"product_brand","embeddable":true,"href":"https:\/\/boreait.com\/fr\/wp-json\/wp\/v2\/product_brand?post=9953"},{"taxonomy":"product_cat","embeddable":true,"href":"https:\/\/boreait.com\/fr\/wp-json\/wp\/v2\/product_cat?post=9953"},{"taxonomy":"product_tag","embeddable":true,"href":"https:\/\/boreait.com\/fr\/wp-json\/wp\/v2\/product_tag?post=9953"}],"curies":[{"name":"wp","href":"https:\/\/api.w.org\/{rel}","templated":true}]}}