{"id":9922,"date":"2025-09-15T15:07:40","date_gmt":"2025-09-15T13:07:40","guid":{"rendered":"https:\/\/boreait.com\/fr\/?post_type=product&#038;p=9922"},"modified":"2025-09-15T15:08:37","modified_gmt":"2025-09-15T13:08:37","slug":"cable-de-capteur-de-temperature-de-boitier-56-broches-dorigine-pour-lenovo-thinkcentre-m700-m800-04x2767","status":"publish","type":"product","link":"https:\/\/boreait.com\/fr\/produit\/cable-de-capteur-de-temperature-de-boitier-56-broches-dorigine-pour-lenovo-thinkcentre-m700-m800-04x2767\/","title":{"rendered":"C\u00e2ble de capteur de temp\u00e9rature de bo\u00eetier 56 broches d&rsquo;origine pour Lenovo ThinkCentre M700 M800 04X2767"},"content":{"rendered":"<p>B\u00e9n\u00e9ficiez d&rsquo;une tranquillit\u00e9 d&rsquo;esprit et de performances accrues gr\u00e2ce au c\u00e2ble de capteur de temp\u00e9rature 56 broches pour bo\u00eetier Lenovo ThinkCentre M700 M800 (r\u00e9f\u00e9rence\u00a0: 04X2767). Ce c\u00e2ble essentiel est con\u00e7u pour fonctionner parfaitement avec votre ordinateur de bureau Lenovo ThinkCentre M800, garantissant un fonctionnement optimal \u00e0 la temp\u00e9rature id\u00e9ale et des performances optimales.<\/p>\n<p>Principales caract\u00e9ristiques\u00a0:<\/p>\n<ul>\n<li>R\u00e9f\u00e9rence\u00a0: 04X2767<\/li>\n<li>Compatibilit\u00e9\u00a0: Lenovo ThinkCentre M700 et M800<\/li>\n<li>C\u00e2ble 56 broches pour une surveillance pr\u00e9cise de la temp\u00e9rature<\/li>\n<li>\u00c9vite la surchauffe et garantit la fiabilit\u00e9 de votre ordinateur de bureau<\/li>\n<\/ul>\n<p>Ce c\u00e2ble de capteur de temp\u00e9rature est un composant Lenovo d&rsquo;origine, fabriqu\u00e9 selon les normes les plus strictes. Il garantit que votre ordinateur de bureau restera froid m\u00eame en cas de charges de travail intenses ou d&rsquo;utilisation prolong\u00e9e. C&rsquo;est un \u00e9l\u00e9ment essentiel pour maintenir des performances optimales et assurer la long\u00e9vit\u00e9 de votre ordinateur de bureau.<\/p>\n<p>Veuillez noter que cette annonce inclut de vraies photos du c\u00e2ble de capteur de temp\u00e9rature de bo\u00eetier 56 broches d&rsquo;origine pour Lenovo ThinkCentre M700 M800 (r\u00e9f\u00e9rence\u00a0: 04X2767). Aucune instruction d&rsquo;installation n&rsquo;est fournie, mais si vous avez des questions ou besoin d&rsquo;aide, n&rsquo;h\u00e9sitez pas \u00e0 nous contacter. Investissez dans ce c\u00e2ble Lenovo d&rsquo;origine et assurez le fonctionnement optimal de votre ThinkCentre M800.<\/p>\n","protected":false},"excerpt":{"rendered":"<p>Am\u00e9liorez les performances et la fiabilit\u00e9 de votre Lenovo ThinkCentre M700 et M800 gr\u00e2ce \u00e0 ce c\u00e2ble de capteur de temp\u00e9rature pour bo\u00eetier Lenovo d&rsquo;origine (r\u00e9f\u00e9rence\u00a0: 04X2767). Ce composant essentiel maintient votre ordinateur \u00e0 la bonne temp\u00e9rature, pr\u00e9venant ainsi la surchauffe et garantissant des performances optimales.<\/p>\n","protected":false},"featured_media":9974,"template":"","meta":[],"product_brand":[],"product_cat":[56],"product_tag":[62],"class_list":{"0":"post-9922","1":"product","2":"type-product","3":"status-publish","4":"has-post-thumbnail","6":"product_cat-cables","7":"product_tag-lenovo","9":"first","10":"instock","11":"taxable","12":"shipping-taxable","13":"purchasable","14":"product-type-simple"},"_links":{"self":[{"href":"https:\/\/boreait.com\/fr\/wp-json\/wp\/v2\/product\/9922","targetHints":{"allow":["GET"]}}],"collection":[{"href":"https:\/\/boreait.com\/fr\/wp-json\/wp\/v2\/product"}],"about":[{"href":"https:\/\/boreait.com\/fr\/wp-json\/wp\/v2\/types\/product"}],"wp:featuredmedia":[{"embeddable":true,"href":"https:\/\/boreait.com\/fr\/wp-json\/wp\/v2\/media\/9974"}],"wp:attachment":[{"href":"https:\/\/boreait.com\/fr\/wp-json\/wp\/v2\/media?parent=9922"}],"wp:term":[{"taxonomy":"product_brand","embeddable":true,"href":"https:\/\/boreait.com\/fr\/wp-json\/wp\/v2\/product_brand?post=9922"},{"taxonomy":"product_cat","embeddable":true,"href":"https:\/\/boreait.com\/fr\/wp-json\/wp\/v2\/product_cat?post=9922"},{"taxonomy":"product_tag","embeddable":true,"href":"https:\/\/boreait.com\/fr\/wp-json\/wp\/v2\/product_tag?post=9922"}],"curies":[{"name":"wp","href":"https:\/\/api.w.org\/{rel}","templated":true}]}}