{"id":9894,"date":"2025-09-15T15:06:56","date_gmt":"2025-09-15T13:06:56","guid":{"rendered":"https:\/\/boreait.com\/fr\/?post_type=product&#038;p=9894"},"modified":"2026-01-12T10:23:54","modified_gmt":"2026-01-12T09:23:54","slug":"ventilateur-sans-balais-hp-compaq-aub0912vh-dc-12-v-060-a-refroidissement-efficace-pour-votre-systeme","status":"publish","type":"product","link":"https:\/\/boreait.com\/fr\/produit\/ventilateur-sans-balais-hp-compaq-aub0912vh-dc-12-v-060-a-refroidissement-efficace-pour-votre-systeme\/","title":{"rendered":"Ventilateur sans balais HP Compaq AUB0912VH DC 12 V 0,60 A &#8211; Refroidissement efficace pour votre syst\u00e8me"},"content":{"rendered":"<p>Le ventilateur CC sans balais HP Compaq AUB0912VH est la solution id\u00e9ale pour maintenir une temp\u00e9rature de fonctionnement id\u00e9ale pour votre syst\u00e8me. Avec une puissance nominale de 12 V CC de 0,60 A, ce ventilateur est con\u00e7u pour assurer un refroidissement efficace et constant afin d&rsquo;\u00e9viter la surchauffe et les ralentissements du syst\u00e8me.<\/p>\n<p>Principales caract\u00e9ristiques\u00a0:<\/p>\n<ul>\n<li>Type de ventilateur\u00a0: Ventilateur CC sans balais<\/li>\n<li>Tension\u00a0: 12 V<\/li>\n<li>Amp\u00e9rage\u00a0: 0,60 A<\/li>\n<li>Favorise une circulation d&rsquo;air et un refroidissement optimaux<\/li>\n<li>Am\u00e9liore les performances et la long\u00e9vit\u00e9 du syst\u00e8me<\/li>\n<\/ul>\n<p>Ce ventilateur HP Compaq est un choix fiable pour remplacer ou mettre \u00e0 niveau la solution de refroidissement de votre syst\u00e8me. Que vous construisiez un nouveau syst\u00e8me ou que vous remplaciez un ventilateur us\u00e9, vous pouvez compter sur lui pour maintenir votre mat\u00e9riel au frais dans des conditions difficiles.<br \/>\nVeuillez noter que cette annonce inclut des photos du ventilateur CC sans balais HP Compaq AUB0912VH et qu&rsquo;elle n&rsquo;est pas accompagn\u00e9e d&rsquo;instructions d&rsquo;installation. Pour toute question ou information compl\u00e9mentaire, n&rsquo;h\u00e9sitez pas \u00e0 nous contacter. Am\u00e9liorez les capacit\u00e9s de refroidissement de votre syst\u00e8me et garantissez des performances optimales avec ce ventilateur HP Compaq.<\/p>\n","protected":false},"excerpt":{"rendered":"<p>Am\u00e9liorez l&rsquo;efficacit\u00e9 du refroidissement de votre syst\u00e8me avec le ventilateur CC sans balais HP Compaq AUB0912VH. Ce ventilateur de haute qualit\u00e9, d&rsquo;une puissance nominale de 12 V CC de 0,60 A, est con\u00e7u pour maintenir votre syst\u00e8me \u00e0 des temp\u00e9ratures optimales et garantir des performances fiables. Gardez votre mat\u00e9riel au frais et prolongez sa dur\u00e9e de vie avec ce ventilateur HP Compaq.<\/p>\n","protected":false},"featured_media":9959,"template":"","meta":[],"product_brand":[],"product_cat":[69],"product_tag":[],"class_list":{"0":"post-9894","1":"product","2":"type-product","3":"status-publish","4":"has-post-thumbnail","6":"product_cat-cpu-fans-heatsinks","8":"first","9":"instock","10":"taxable","11":"shipping-taxable","12":"purchasable","13":"product-type-simple"},"_links":{"self":[{"href":"https:\/\/boreait.com\/fr\/wp-json\/wp\/v2\/product\/9894","targetHints":{"allow":["GET"]}}],"collection":[{"href":"https:\/\/boreait.com\/fr\/wp-json\/wp\/v2\/product"}],"about":[{"href":"https:\/\/boreait.com\/fr\/wp-json\/wp\/v2\/types\/product"}],"wp:featuredmedia":[{"embeddable":true,"href":"https:\/\/boreait.com\/fr\/wp-json\/wp\/v2\/media\/9959"}],"wp:attachment":[{"href":"https:\/\/boreait.com\/fr\/wp-json\/wp\/v2\/media?parent=9894"}],"wp:term":[{"taxonomy":"product_brand","embeddable":true,"href":"https:\/\/boreait.com\/fr\/wp-json\/wp\/v2\/product_brand?post=9894"},{"taxonomy":"product_cat","embeddable":true,"href":"https:\/\/boreait.com\/fr\/wp-json\/wp\/v2\/product_cat?post=9894"},{"taxonomy":"product_tag","embeddable":true,"href":"https:\/\/boreait.com\/fr\/wp-json\/wp\/v2\/product_tag?post=9894"}],"curies":[{"name":"wp","href":"https:\/\/api.w.org\/{rel}","templated":true}]}}