{"id":9859,"date":"2025-09-15T15:06:09","date_gmt":"2025-09-15T13:06:09","guid":{"rendered":"https:\/\/boreait.com\/fr\/?post_type=product&#038;p=9859"},"modified":"2025-10-01T13:06:14","modified_gmt":"2025-10-01T11:06:14","slug":"cable-de-charge-dalimentation-secteur-pour-ordinateur-portable-dell-latitude-14-rugged-5414-7404-tdp-105hsr2-d-102-j-pieces-dorigine-pour-ordinateur-portable-remplacement-de-haute-qualite","status":"publish","type":"product","link":"https:\/\/boreait.com\/fr\/produit\/cable-de-charge-dalimentation-secteur-pour-ordinateur-portable-dell-latitude-14-rugged-5414-7404-tdp-105hsr2-d-102-j-pieces-dorigine-pour-ordinateur-portable-remplacement-de-haute-qualite\/","title":{"rendered":"C\u00e2ble de charge d&rsquo;alimentation secteur pour ordinateur portable Dell Latitude 14 Rugged 5414 7404 TDP-105HSR2-D-102-J &#8211; Pi\u00e8ces d&rsquo;origine pour ordinateur portable &#8211; Remplacement de haute qualit\u00e9"},"content":{"rendered":"<p>Am\u00e9liorez les capacit\u00e9s de charge de votre ordinateur portable Dell Latitude 14 Rugged 5414 ou 7404 gr\u00e2ce \u00e0 ce c\u00e2ble de charge d&rsquo;alimentation CC de remplacement authentique. Con\u00e7u pour r\u00e9pondre aux normes \u00e9lev\u00e9es des ordinateurs portables Dell, ce c\u00e2ble est la solution id\u00e9ale pour garantir une alimentation et des fonctionnalit\u00e9s ininterrompues. R\u00e9f\u00e9rence\u00a0: TDP-105HSR2-D-<wbr \/>102-J<\/p>\n<p>Principales caract\u00e9ristiques\u00a0:<\/p>\n<p>&#8211; Compatibilit\u00e9\u00a0: Ce c\u00e2ble de charge d&rsquo;alimentation CC est sp\u00e9cialement con\u00e7u pour les ordinateurs portables Dell Latitude 14 Rugged 5414 et 7404, garantissant un ajustement parfait.<\/p>\n<p>&#8211; Qualit\u00e9 authentique\u00a0: Fabriqu\u00e9 \u00e0 partir de mat\u00e9riaux de haute qualit\u00e9, ce c\u00e2ble est con\u00e7u pour durer, garantissant une charge constante et fiable.<\/p>\n<p>&#8211; Alimentez votre ordinateur portable\u00a0: Ne laissez pas un c\u00e2ble de charge d\u00e9fectueux perturber votre productivit\u00e9. Assurez-vous que votre ordinateur portable Dell Latitude reste charg\u00e9 et pr\u00eat \u00e0 fonctionner.<\/p>\n<p>&#8211; Durabilit\u00e9 \u00e0 toute \u00e9preuve\u00a0: Tout comme votre Dell Latitude, ce c\u00e2ble de charge est con\u00e7u pour r\u00e9sister aux conditions les plus difficiles, ce qui en fait un compagnon fiable pour une utilisation en ext\u00e9rieur ou dans des conditions difficiles.<\/p>\n<p>Investissez dans cette pi\u00e8ce d&rsquo;origine pour ordinateur portable et gardez votre Dell Latitude 14 Rugged 5414 ou 7404 pr\u00eat \u00e0 l&#8217;emploi. Les images du produit r\u00e9el pr\u00e9sent\u00e9es dans la liste correspondent au c\u00e2ble que vous recevrez, garantissant un achat transparent et fiable. Pour toute question ou besoin d&rsquo;aide pour l&rsquo;installation, n&rsquo;h\u00e9sitez pas \u00e0 nous contacter\u00a0; nous sommes l\u00e0 pour vous aider.<\/p>\n","protected":false},"excerpt":{"rendered":"<p>Mettez \u00e0 niveau ou remplacez votre c\u00e2ble de charge d&rsquo;alimentation secteur Dell Latitude 14 Rugged 5414 7404 par ce c\u00e2ble d&rsquo;origine. Ce c\u00e2ble de remplacement de haute qualit\u00e9 est con\u00e7u pour une charge fiable, garantissant que votre ordinateur portable reste aliment\u00e9 et pr\u00eat \u00e0 l&#8217;emploi. Son installation facile garantit un remplacement sans probl\u00e8me. Remettez votre Dell Latitude en marche gr\u00e2ce \u00e0 ce c\u00e2ble de charge durable.<\/p>\n","protected":false},"featured_media":9919,"template":"","meta":[],"product_brand":[],"product_cat":[56],"product_tag":[53],"class_list":{"0":"post-9859","1":"product","2":"type-product","3":"status-publish","4":"has-post-thumbnail","6":"product_cat-cables","7":"product_tag-dell","9":"first","10":"instock","11":"taxable","12":"shipping-taxable","13":"purchasable","14":"product-type-simple"},"_links":{"self":[{"href":"https:\/\/boreait.com\/fr\/wp-json\/wp\/v2\/product\/9859","targetHints":{"allow":["GET"]}}],"collection":[{"href":"https:\/\/boreait.com\/fr\/wp-json\/wp\/v2\/product"}],"about":[{"href":"https:\/\/boreait.com\/fr\/wp-json\/wp\/v2\/types\/product"}],"wp:featuredmedia":[{"embeddable":true,"href":"https:\/\/boreait.com\/fr\/wp-json\/wp\/v2\/media\/9919"}],"wp:attachment":[{"href":"https:\/\/boreait.com\/fr\/wp-json\/wp\/v2\/media?parent=9859"}],"wp:term":[{"taxonomy":"product_brand","embeddable":true,"href":"https:\/\/boreait.com\/fr\/wp-json\/wp\/v2\/product_brand?post=9859"},{"taxonomy":"product_cat","embeddable":true,"href":"https:\/\/boreait.com\/fr\/wp-json\/wp\/v2\/product_cat?post=9859"},{"taxonomy":"product_tag","embeddable":true,"href":"https:\/\/boreait.com\/fr\/wp-json\/wp\/v2\/product_tag?post=9859"}],"curies":[{"name":"wp","href":"https:\/\/api.w.org\/{rel}","templated":true}]}}