{"id":9857,"date":"2025-09-15T15:06:09","date_gmt":"2025-09-15T13:06:09","guid":{"rendered":"https:\/\/boreait.com\/fr\/?post_type=product&#038;p=9857"},"modified":"2026-01-14T09:38:39","modified_gmt":"2026-01-14T08:38:39","slug":"lecteur-de-carte-express-robuste-fn7t6-0fn7t6-pour-dell-latitude-5404-7404-pieces-dorigine-pour-ordinateur-portable","status":"publish","type":"product","link":"https:\/\/boreait.com\/fr\/produit\/lecteur-de-carte-express-robuste-fn7t6-0fn7t6-pour-dell-latitude-5404-7404-pieces-dorigine-pour-ordinateur-portable\/","title":{"rendered":"Lecteur de carte Express robuste FN7T6 0FN7T6 pour Dell Latitude 5404 7404 &#8211; Pi\u00e8ces d&rsquo;origine pour ordinateur portable"},"content":{"rendered":"<p>Am\u00e9liorez les fonctionnalit\u00e9s de votre ordinateur portable Dell Latitude 5404 ou 7404 Rugged avec le lecteur de carte Express Card FN7T6 0FN7T6 de remplacement d&rsquo;origine. Con\u00e7u pour s&rsquo;adapter parfaitement \u00e0 votre ordinateur portable robuste, ce lecteur de carte de haute qualit\u00e9 garantit une installation simple et une mise \u00e0 niveau fluide. Que votre lecteur de carte actuel soit d\u00e9fectueux ou que vous souhaitiez \u00e9tendre les capacit\u00e9s de votre ordinateur portable, ce composant est la solution id\u00e9ale.<\/p>\n<p>**Caract\u00e9ristiques principales\u00a0:**<\/p>\n<p>&#8211; Compatibilit\u00e9\u00a0: Con\u00e7u pour s&rsquo;adapter aux ordinateurs portables Dell Latitude 5404 et 7404 Rugged, il garantit un ajustement s\u00fbr et pr\u00e9cis.<\/p>\n<p>&#8211; Qualit\u00e9 authentique\u00a0: Fabriqu\u00e9 \u00e0 partir de mat\u00e9riaux de premi\u00e8re qualit\u00e9 pour garantir durabilit\u00e9, long\u00e9vit\u00e9 et transfert de donn\u00e9es fiable.<\/p>\n<p>&#8211; \u00c9largissez vos possibilit\u00e9s\u00a0: Le lecteur de carte Express Card vous permet d&rsquo;ajouter facilement de nouvelles fonctionnalit\u00e9s \u00e0 votre ordinateur portable robuste, le rendant encore plus polyvalent.<\/p>\n<p>&#8211; Maintenez votre ordinateur portable en bon \u00e9tat de marche\u00a0: Assurez-vous que votre ordinateur portable Dell Latitude Rugged continue de fonctionner au mieux de ses performances en le rempla\u00e7ant par des pi\u00e8ces d&rsquo;origine.<\/p>\n<p>Lorsque vous commandez chez nous, vous pouvez \u00eatre s\u00fbr que les images de nos produits sont bien celles que vous recevrez. La transparence et la satisfaction client sont notre priorit\u00e9. Pour toute question ou assistance concernant l&rsquo;installation, n&rsquo;h\u00e9sitez pas \u00e0 nous contacter. Nous sommes l\u00e0 pour vous aider.<\/p>\n","protected":false},"excerpt":{"rendered":"<p>Mettez \u00e0 niveau ou remplacez le lecteur de carte Express Card de votre ordinateur portable Dell Latitude 5404 ou 7404 Rugged avec cette pi\u00e8ce d&rsquo;origine. B\u00e9n\u00e9ficiez d&rsquo;un transfert de donn\u00e9es optimis\u00e9 et \u00e9tendez les capacit\u00e9s de votre ordinateur portable. Ce lecteur de carte de haute qualit\u00e9 est facile \u00e0 installer, garantissant une mise \u00e0 niveau fluide. Commandez-le d\u00e8s maintenant pour optimiser les performances de votre ordinateur portable durci.<\/p>\n","protected":false},"featured_media":9917,"template":"","meta":[],"product_brand":[],"product_cat":[63],"product_tag":[53],"class_list":{"0":"post-9857","1":"product","2":"type-product","3":"status-publish","4":"has-post-thumbnail","6":"product_cat-motherboards-board-parts","7":"product_tag-dell","9":"first","10":"instock","11":"taxable","12":"shipping-taxable","13":"purchasable","14":"product-type-simple"},"_links":{"self":[{"href":"https:\/\/boreait.com\/fr\/wp-json\/wp\/v2\/product\/9857","targetHints":{"allow":["GET"]}}],"collection":[{"href":"https:\/\/boreait.com\/fr\/wp-json\/wp\/v2\/product"}],"about":[{"href":"https:\/\/boreait.com\/fr\/wp-json\/wp\/v2\/types\/product"}],"wp:featuredmedia":[{"embeddable":true,"href":"https:\/\/boreait.com\/fr\/wp-json\/wp\/v2\/media\/9917"}],"wp:attachment":[{"href":"https:\/\/boreait.com\/fr\/wp-json\/wp\/v2\/media?parent=9857"}],"wp:term":[{"taxonomy":"product_brand","embeddable":true,"href":"https:\/\/boreait.com\/fr\/wp-json\/wp\/v2\/product_brand?post=9857"},{"taxonomy":"product_cat","embeddable":true,"href":"https:\/\/boreait.com\/fr\/wp-json\/wp\/v2\/product_cat?post=9857"},{"taxonomy":"product_tag","embeddable":true,"href":"https:\/\/boreait.com\/fr\/wp-json\/wp\/v2\/product_tag?post=9857"}],"curies":[{"name":"wp","href":"https:\/\/api.w.org\/{rel}","templated":true}]}}