{"id":9793,"date":"2025-09-15T15:04:25","date_gmt":"2025-09-15T13:04:25","guid":{"rendered":"https:\/\/boreait.com\/fr\/?post_type=product&#038;p=9793"},"modified":"2025-09-15T15:06:16","modified_gmt":"2025-09-15T13:06:16","slug":"couvercle-decran-superieur-fujitsu-siemens-amilo-pro-v2030d-avec-cable-lcd","status":"publish","type":"product","link":"https:\/\/boreait.com\/fr\/produit\/couvercle-decran-superieur-fujitsu-siemens-amilo-pro-v2030d-avec-cable-lcd\/","title":{"rendered":"Couvercle d&rsquo;\u00e9cran sup\u00e9rieur Fujitsu Siemens AMILO Pro V2030D avec c\u00e2ble LCD"},"content":{"rendered":"<p>Am\u00e9liorez l&rsquo;apparence et la protection de votre ordinateur portable Fujitsu Siemens AMILO Pro V2030D gr\u00e2ce au cache d&rsquo;\u00e9cran Fujitsu Siemens AMILO Pro V2030D avec c\u00e2ble LCD. Con\u00e7u pour am\u00e9liorer l&rsquo;esth\u00e9tique et la durabilit\u00e9 de votre ordinateur portable, ce cache d&rsquo;\u00e9cran d&rsquo;origine offre un design \u00e9l\u00e9gant et une protection renforc\u00e9e.<\/p>\n<p>Fabriqu\u00e9 par Fujitsu Siemens, une marque r\u00e9put\u00e9e dans le domaine des technologies informatiques, le cache d&rsquo;\u00e9cran AMILO Pro V2030D s&rsquo;adapte parfaitement \u00e0 votre ordinateur portable. \u00c9l\u00e9ment essentiel prot\u00e9geant l&rsquo;\u00e9cran de votre ordinateur portable, ce cache ajoute une touche d&rsquo;\u00e9l\u00e9gance et le prot\u00e8ge \u00e9galement des rayures et des chocs mineurs.<\/p>\n<p>Le cache sup\u00e9rieur est con\u00e7u avec pr\u00e9cision pour assurer un ajustement parfait et s\u00e9curis\u00e9, pr\u00e9servant ainsi l&rsquo;int\u00e9grit\u00e9 du design de votre ordinateur portable. Son aspect \u00e9l\u00e9gant et professionnel rehausse l&rsquo;apparence g\u00e9n\u00e9rale de votre ordinateur portable, le rendant id\u00e9al pour un usage professionnel comme personnel. <\/p>\n<p>L&rsquo;installation est simple gr\u00e2ce \u00e0 la conception OEM qui s&rsquo;adapte parfaitement aux composants d&rsquo;origine de votre ordinateur portable. En choisissant des pi\u00e8ces Fujitsu Siemens authentiques, vous investissez dans la qualit\u00e9, la durabilit\u00e9 et l&rsquo;esth\u00e9tique de votre ordinateur portable.<\/p>\n<p>Am\u00e9liorez l&rsquo;apparence et la protection de votre ordinateur portable avec le cache d&rsquo;\u00e9cran Fujitsu Siemens AMILO Pro V2030D. Profitez d&rsquo;un look moderne et \u00e9l\u00e9gant tout en prot\u00e9geant l&rsquo;\u00e9cran de votre ordinateur portable de l&rsquo;usure quotidienne.<\/p>\n<p>Veuillez v\u00e9rifier la compatibilit\u00e9 avec votre mod\u00e8le d&rsquo;ordinateur portable avant d&rsquo;effectuer votre achat.<\/p>\n","protected":false},"excerpt":{"rendered":"<p>Am\u00e9liorez l&rsquo;apparence et la protection de votre ordinateur portable Fujitsu Siemens AMILO Pro V2030D gr\u00e2ce au cache \u00e9cran Fujitsu Siemens AMILO Pro V2030D. Sublimez l&rsquo;apparence de votre ordinateur portable et prot\u00e9gez son \u00e9cran gr\u00e2ce \u00e0 ce cache d&rsquo;origine.<\/p>\n","protected":false},"featured_media":9864,"template":"","meta":[],"product_brand":[],"product_cat":[52],"product_tag":[64],"class_list":{"0":"post-9793","1":"product","2":"type-product","3":"status-publish","4":"has-post-thumbnail","6":"product_cat-laptop-housing","7":"product_tag-fujitsu","9":"first","10":"instock","11":"taxable","12":"shipping-taxable","13":"purchasable","14":"product-type-simple"},"_links":{"self":[{"href":"https:\/\/boreait.com\/fr\/wp-json\/wp\/v2\/product\/9793","targetHints":{"allow":["GET"]}}],"collection":[{"href":"https:\/\/boreait.com\/fr\/wp-json\/wp\/v2\/product"}],"about":[{"href":"https:\/\/boreait.com\/fr\/wp-json\/wp\/v2\/types\/product"}],"wp:featuredmedia":[{"embeddable":true,"href":"https:\/\/boreait.com\/fr\/wp-json\/wp\/v2\/media\/9864"}],"wp:attachment":[{"href":"https:\/\/boreait.com\/fr\/wp-json\/wp\/v2\/media?parent=9793"}],"wp:term":[{"taxonomy":"product_brand","embeddable":true,"href":"https:\/\/boreait.com\/fr\/wp-json\/wp\/v2\/product_brand?post=9793"},{"taxonomy":"product_cat","embeddable":true,"href":"https:\/\/boreait.com\/fr\/wp-json\/wp\/v2\/product_cat?post=9793"},{"taxonomy":"product_tag","embeddable":true,"href":"https:\/\/boreait.com\/fr\/wp-json\/wp\/v2\/product_tag?post=9793"}],"curies":[{"name":"wp","href":"https:\/\/api.w.org\/{rel}","templated":true}]}}