{"id":9722,"date":"2025-09-15T15:02:45","date_gmt":"2025-09-15T13:02:45","guid":{"rendered":"https:\/\/boreait.com\/fr\/?post_type=product&#038;p=9722"},"modified":"2026-01-12T08:18:06","modified_gmt":"2026-01-12T07:18:06","slug":"hys64t256020edl-3s-c-2-go-2rx8-pc2-5300s-555-12-f0-qimonda-2-go-pc2-5300-ddr2-667","status":"publish","type":"product","link":"https:\/\/boreait.com\/fr\/produit\/hys64t256020edl-3s-c-2-go-2rx8-pc2-5300s-555-12-f0-qimonda-2-go-pc2-5300-ddr2-667\/","title":{"rendered":"HYS64T256020EDL-3S-C 2 Go 2RX8 PC2-5300S-555-12-F0 Qimonda 2 Go PC2-5300 DDR2-667"},"content":{"rendered":"<p>Am\u00e9liorez les performances de votre ordinateur avec le module m\u00e9moire HYS64T256020EDL-3S-C 2 Go PC2-5300 DDR2-667 de Qimonda. Con\u00e7u pour optimiser la vitesse et la r\u00e9activit\u00e9 de votre syst\u00e8me, ce module m\u00e9moire d&rsquo;origine est id\u00e9al pour moderniser votre ordinateur de bureau ou portable.<\/p>\n<p>Fabriqu\u00e9 par Qimonda, une r\u00e9f\u00e9rence en mati\u00e8re de technologie m\u00e9moire, le module m\u00e9moire HYS64T256020EDL-3S-C offre des performances fiables et performantes. Avec une capacit\u00e9 de 2 Go et une vitesse DDR2-667, ce module offre l&rsquo;espace m\u00e9moire et la vitesse n\u00e9cessaires \u00e0 l&rsquo;ex\u00e9cution de plusieurs applications, au multit\u00e2che et \u00e0 l&rsquo;am\u00e9lioration de l&rsquo;efficacit\u00e9 globale du syst\u00e8me.<\/p>\n<p>L&rsquo;installation est simple, car ce module est au format DDR2 standard, ce qui le rend compatible avec une large gamme de syst\u00e8mes. Ins\u00e9rez-le simplement dans un emplacement m\u00e9moire disponible et vous b\u00e9n\u00e9ficierez d&rsquo;une am\u00e9lioration imm\u00e9diate des performances de votre ordinateur.<\/p>\n<p>Mettez \u00e0 niveau la m\u00e9moire de votre syst\u00e8me avec le module m\u00e9moire HYS64T256020EDL-3S-C 2 Go PC2-5300 DDR2-667 de Qimonda. Profitez d&rsquo;un chargement plus rapide des applications, d&rsquo;un multit\u00e2che plus fluide et d&rsquo;une exp\u00e9rience informatique globalement am\u00e9lior\u00e9e.<\/p>\n<p>Veuillez v\u00e9rifier la compatibilit\u00e9 avec votre mod\u00e8le d&rsquo;ordinateur avant d&rsquo;effectuer votre achat.<\/p>\n","protected":false},"excerpt":{"rendered":"<p>Am\u00e9liorez les performances de votre ordinateur avec le module m\u00e9moire HYS64T256020EDL-3S-C 2 Go DDR2-667 de Qimonda. Boostez votre vitesse et vos capacit\u00e9s multit\u00e2ches gr\u00e2ce \u00e0 cette v\u00e9ritable mise \u00e0 niveau m\u00e9moire.<\/p>\n","protected":false},"featured_media":9785,"template":"","meta":[],"product_brand":[],"product_cat":[77,72],"product_tag":[],"class_list":{"0":"post-9722","1":"product","2":"type-product","3":"status-publish","4":"has-post-thumbnail","6":"product_cat-ddr2","7":"product_cat-ram-memory","9":"first","10":"instock","11":"taxable","12":"shipping-taxable","13":"purchasable","14":"product-type-simple"},"_links":{"self":[{"href":"https:\/\/boreait.com\/fr\/wp-json\/wp\/v2\/product\/9722","targetHints":{"allow":["GET"]}}],"collection":[{"href":"https:\/\/boreait.com\/fr\/wp-json\/wp\/v2\/product"}],"about":[{"href":"https:\/\/boreait.com\/fr\/wp-json\/wp\/v2\/types\/product"}],"wp:featuredmedia":[{"embeddable":true,"href":"https:\/\/boreait.com\/fr\/wp-json\/wp\/v2\/media\/9785"}],"wp:attachment":[{"href":"https:\/\/boreait.com\/fr\/wp-json\/wp\/v2\/media?parent=9722"}],"wp:term":[{"taxonomy":"product_brand","embeddable":true,"href":"https:\/\/boreait.com\/fr\/wp-json\/wp\/v2\/product_brand?post=9722"},{"taxonomy":"product_cat","embeddable":true,"href":"https:\/\/boreait.com\/fr\/wp-json\/wp\/v2\/product_cat?post=9722"},{"taxonomy":"product_tag","embeddable":true,"href":"https:\/\/boreait.com\/fr\/wp-json\/wp\/v2\/product_tag?post=9722"}],"curies":[{"name":"wp","href":"https:\/\/api.w.org\/{rel}","templated":true}]}}