{"id":9706,"date":"2025-09-15T15:02:21","date_gmt":"2025-09-15T13:02:21","guid":{"rendered":"https:\/\/boreait.com\/fr\/?post_type=product&#038;p=9706"},"modified":"2025-09-15T15:03:47","modified_gmt":"2025-09-15T13:03:47","slug":"charnieres-decran-hp-compaq-6820s","status":"publish","type":"product","link":"https:\/\/boreait.com\/fr\/produit\/charnieres-decran-hp-compaq-6820s\/","title":{"rendered":"Charni\u00e8res d&rsquo;\u00e9cran HP Compaq 6820s"},"content":{"rendered":"<p>Am\u00e9liorez la durabilit\u00e9 et les fonctionnalit\u00e9s de votre ordinateur portable HP Compaq 6820s gr\u00e2ce aux charni\u00e8res d&rsquo;\u00e9cran HP Compaq 6820s. Con\u00e7ues pour offrir un maintien optimal de l&rsquo;\u00e9cran de votre ordinateur portable, ces charni\u00e8res d&rsquo;\u00e9cran d&rsquo;origine offrent une construction robuste et une int\u00e9gration parfaite pour une exp\u00e9rience informatique am\u00e9lior\u00e9e.<\/p>\n<p>Fabriqu\u00e9es par HP, une marque de confiance en mati\u00e8re de technologies informatiques, les charni\u00e8res d&rsquo;\u00e9cran HP Compaq 6820s garantissent des performances fiables et une longue dur\u00e9e de vie. Composants essentiels de votre ordinateur portable, ces charni\u00e8res jouent un r\u00f4le essentiel dans la connexion et le maintien de l&rsquo;\u00e9cran, vous permettant d&rsquo;ouvrir et de fermer votre ordinateur portable en toute simplicit\u00e9.<\/p>\n<p>Que vous soyez un professionnel utilisant votre ordinateur portable pour le travail ou un \u00e9tudiant ayant besoin d&rsquo;un appareil fiable pour ses \u00e9tudes, ces charni\u00e8res d&rsquo;\u00e9cran vous offrent le soutien essentiel dont vous avez besoin. Elles sont con\u00e7ues pour r\u00e9sister aux rigueurs d&rsquo;une utilisation quotidienne, garantissant que l&rsquo;\u00e9cran de votre ordinateur portable reste bien en place.<\/p>\n<p>L&rsquo;installation est simple gr\u00e2ce \u00e0 la conception OEM qui s&rsquo;aligne sur les composants d&rsquo;origine de votre ordinateur portable. En choisissant des pi\u00e8ces HP authentiques, vous investissez dans la qualit\u00e9 et la fiabilit\u00e9 du support d&rsquo;\u00e9cran de votre ordinateur portable.<\/p>\n<p>Am\u00e9liorez le support d&rsquo;\u00e9cran de votre ordinateur portable avec les charni\u00e8res d&rsquo;\u00e9cran HP Compaq 6820s. B\u00e9n\u00e9ficiez d&rsquo;une durabilit\u00e9 et de fonctionnalit\u00e9s accrues, et d&rsquo;une tranquillit\u00e9 d&rsquo;esprit assur\u00e9e\u00a0: l&rsquo;\u00e9cran de votre ordinateur portable est solidement fix\u00e9. Am\u00e9liorez votre exp\u00e9rience informatique gr\u00e2ce \u00e0 ces charni\u00e8res d&rsquo;\u00e9cran fiables et efficaces.<\/p>\n<p>Veuillez v\u00e9rifier la compatibilit\u00e9 avec votre mod\u00e8le d&rsquo;ordinateur portable avant d&rsquo;effectuer un achat.<\/p>\n","protected":false},"excerpt":{"rendered":"<p>Optimisez votre ordinateur portable HP Compaq 6820s avec les charni\u00e8res d&rsquo;\u00e9cran HP Compaq 6820s. Am\u00e9liorez le support, la durabilit\u00e9 et les fonctionnalit\u00e9s de l&rsquo;\u00e9cran pour une exp\u00e9rience informatique optimis\u00e9e.<\/p>\n","protected":false},"featured_media":9770,"template":"","meta":[],"product_brand":[],"product_cat":[55],"product_tag":[61],"class_list":{"0":"post-9706","1":"product","2":"type-product","3":"status-publish","4":"has-post-thumbnail","6":"product_cat-screen-hinge","7":"product_tag-hp","9":"first","10":"instock","11":"taxable","12":"shipping-taxable","13":"purchasable","14":"product-type-simple"},"_links":{"self":[{"href":"https:\/\/boreait.com\/fr\/wp-json\/wp\/v2\/product\/9706","targetHints":{"allow":["GET"]}}],"collection":[{"href":"https:\/\/boreait.com\/fr\/wp-json\/wp\/v2\/product"}],"about":[{"href":"https:\/\/boreait.com\/fr\/wp-json\/wp\/v2\/types\/product"}],"wp:featuredmedia":[{"embeddable":true,"href":"https:\/\/boreait.com\/fr\/wp-json\/wp\/v2\/media\/9770"}],"wp:attachment":[{"href":"https:\/\/boreait.com\/fr\/wp-json\/wp\/v2\/media?parent=9706"}],"wp:term":[{"taxonomy":"product_brand","embeddable":true,"href":"https:\/\/boreait.com\/fr\/wp-json\/wp\/v2\/product_brand?post=9706"},{"taxonomy":"product_cat","embeddable":true,"href":"https:\/\/boreait.com\/fr\/wp-json\/wp\/v2\/product_cat?post=9706"},{"taxonomy":"product_tag","embeddable":true,"href":"https:\/\/boreait.com\/fr\/wp-json\/wp\/v2\/product_tag?post=9706"}],"curies":[{"name":"wp","href":"https:\/\/api.w.org\/{rel}","templated":true}]}}