{"id":9671,"date":"2025-09-15T15:01:33","date_gmt":"2025-09-15T13:01:33","guid":{"rendered":"https:\/\/boreait.com\/fr\/?post_type=product&#038;p=9671"},"modified":"2025-09-15T15:02:53","modified_gmt":"2025-09-15T13:02:53","slug":"charnieres-decran-hp-probook-4540s-4545s-34-45j03-34-45j04","status":"publish","type":"product","link":"https:\/\/boreait.com\/fr\/produit\/charnieres-decran-hp-probook-4540s-4545s-34-45j03-34-45j04\/","title":{"rendered":"Charni\u00e8res d&rsquo;\u00e9cran HP Probook 4540s 4545S 34.45J03, 34.45J04"},"content":{"rendered":"<p>Am\u00e9liorez les fonctionnalit\u00e9s et la durabilit\u00e9 de votre ordinateur portable HP ProBook 4540s 4545S 34.45J03, 34.45J04 gr\u00e2ce \u00e0 ces charni\u00e8res d&rsquo;\u00e9cran de haute qualit\u00e9. Con\u00e7ues pour offrir un maintien fiable et un mouvement fluide, ces charni\u00e8res garantissent une ouverture et une fermeture stables et pr\u00e9cises de l&rsquo;\u00e9cran de votre ordinateur portable.<\/p>\n<p>Con\u00e7ues pour garantir compatibilit\u00e9 et long\u00e9vit\u00e9, ces charni\u00e8res d&rsquo;\u00e9cran pour HP ProBook 4540s 4545S sont des pi\u00e8ces de rechange d&rsquo;origine OEM, con\u00e7ues pour s&rsquo;int\u00e9grer parfaitement \u00e0 votre ordinateur portable. Que vous soyez un professionnel utilisant votre ordinateur portable pour le travail ou un \u00e9tudiant l&rsquo;utilisant pour ses \u00e9tudes, ces charni\u00e8res sont essentielles pour pr\u00e9server l&rsquo;int\u00e9grit\u00e9 structurelle de votre appareil.<\/p>\n<p>L&rsquo;installation de ces charni\u00e8res est simple, gr\u00e2ce \u00e0 leur conception pr\u00e9cise, identique aux composants d&rsquo;origine de votre HP ProBook 4540s.<\/p>\n<p>Changez les charni\u00e8res d&rsquo;\u00e9cran de votre ordinateur portable d\u00e8s aujourd&rsquo;hui pour garantir des performances fiables et durables. Ces charni\u00e8res sont id\u00e9ales pour les utilisateurs recherchant une stabilit\u00e9 et une long\u00e9vit\u00e9 accrues de l&rsquo;\u00e9cran de leur HP ProBook 4540s 4545S.<\/p>\n<p>Veuillez v\u00e9rifier la compatibilit\u00e9 avec votre mod\u00e8le d&rsquo;ordinateur portable avant d&rsquo;effectuer un achat.<\/p>\n","protected":false},"excerpt":{"rendered":"<p>Am\u00e9liorez votre ordinateur portable HP ProBook 4540s 4545S avec ces charni\u00e8res d&rsquo;\u00e9cran OEM d&rsquo;origine. Profitez d&rsquo;un mouvement d&rsquo;\u00e9cran fluide et stable pour une fonctionnalit\u00e9 et une durabilit\u00e9 am\u00e9lior\u00e9es.<\/p>\n","protected":false},"featured_media":9731,"template":"","meta":[],"product_brand":[],"product_cat":[55],"product_tag":[61],"class_list":{"0":"post-9671","1":"product","2":"type-product","3":"status-publish","4":"has-post-thumbnail","6":"product_cat-screen-hinge","7":"product_tag-hp","9":"first","10":"instock","11":"taxable","12":"shipping-taxable","13":"purchasable","14":"product-type-simple"},"_links":{"self":[{"href":"https:\/\/boreait.com\/fr\/wp-json\/wp\/v2\/product\/9671","targetHints":{"allow":["GET"]}}],"collection":[{"href":"https:\/\/boreait.com\/fr\/wp-json\/wp\/v2\/product"}],"about":[{"href":"https:\/\/boreait.com\/fr\/wp-json\/wp\/v2\/types\/product"}],"wp:featuredmedia":[{"embeddable":true,"href":"https:\/\/boreait.com\/fr\/wp-json\/wp\/v2\/media\/9731"}],"wp:attachment":[{"href":"https:\/\/boreait.com\/fr\/wp-json\/wp\/v2\/media?parent=9671"}],"wp:term":[{"taxonomy":"product_brand","embeddable":true,"href":"https:\/\/boreait.com\/fr\/wp-json\/wp\/v2\/product_brand?post=9671"},{"taxonomy":"product_cat","embeddable":true,"href":"https:\/\/boreait.com\/fr\/wp-json\/wp\/v2\/product_cat?post=9671"},{"taxonomy":"product_tag","embeddable":true,"href":"https:\/\/boreait.com\/fr\/wp-json\/wp\/v2\/product_tag?post=9671"}],"curies":[{"name":"wp","href":"https:\/\/api.w.org\/{rel}","templated":true}]}}