{"id":9631,"date":"2025-09-15T15:00:14","date_gmt":"2025-09-15T13:00:14","guid":{"rendered":"https:\/\/boreait.com\/fr\/?post_type=product&#038;p=9631"},"modified":"2026-01-14T09:37:33","modified_gmt":"2026-01-14T08:37:33","slug":"haut-parleurs-04x4889-pour-lenovo-thinkpad-l540","status":"publish","type":"product","link":"https:\/\/boreait.com\/fr\/produit\/haut-parleurs-04x4889-pour-lenovo-thinkpad-l540\/","title":{"rendered":"Haut-parleurs 04X4889 pour Lenovo Thinkpad L540"},"content":{"rendered":"<div class=\"group w-full text-token-text-primary border-b border-black\/10 gizmo:border-0 dark:border-gray-900\/50 gizmo:dark:border-0 bg-gray-50 gizmo:bg-transparent dark:bg-[#444654] gizmo:dark:bg-transparent\" data-testid=\"conversation-turn-55\">\n<div class=\"p-4 justify-center text-base md:gap-6 md:py-6 m-auto\">\n<div class=\"flex flex-1 gap-4 text-base mx-auto md:gap-6 gizmo:gap-3 gizmo:md:px-5 gizmo:lg:px-1 gizmo:xl:px-5 md:max-w-2xl lg:max-w-[38rem] gizmo:md:max-w-3xl gizmo:lg:max-w-[40rem] gizmo:xl:max-w-[48rem] xl:max-w-3xl }\">\n<div class=\"relative flex w-[calc(100%-50px)] flex-col gap-1 gizmo:w-full md:gap-3 lg:w-[calc(100%-115px)] agent-turn\">\n<div class=\"flex flex-grow flex-col gap-3 max-w-full\">\n<div class=\"min-h-[20px] flex flex-col items-start gap-3 overflow-x-auto whitespace-pre-wrap break-words\">\n<div class=\"markdown prose w-full break-words dark:prose-invert light\">\n<p>Haut-parleurs 04X4889 pour Lenovo Thinkpad L540 &#8211; Am\u00e9liorez votre exp\u00e9rience audio\u00a0:<\/p>\n<p>Profitez d&rsquo;une clart\u00e9 audio sup\u00e9rieure et d&rsquo;une gamme sonore dynamique gr\u00e2ce aux haut-parleurs 04X4889, con\u00e7us exclusivement pour le Lenovo Thinkpad L540. Ces composants d&rsquo;origine garantissent compatibilit\u00e9, long\u00e9vit\u00e9 et une exp\u00e9rience audio immersive exceptionnelle.<\/p>\n<p><strong>Caract\u00e9ristiques principales<\/strong>\u00a0:<\/p>\n<ol>\n<li><strong>Produit Lenovo authentique<\/strong>\u00a0: En tant que pi\u00e8ce d&rsquo;origine Lenovo, ces haut-parleurs garantissent une compatibilit\u00e9 parfaite avec le Thinkpad L540, garantissant une int\u00e9gration fluide et des performances optimales.<\/li>\n<li><strong>Qualit\u00e9 sonore sup\u00e9rieure<\/strong>\u00a0: Que ce soit pour \u00e9couter de la musique, regarder des films ou passer des appels vid\u00e9o, profitez d&rsquo;un son clair, net et vibrant. Les haut-parleurs 04X4889 sont con\u00e7us pour offrir un profil sonore \u00e9quilibr\u00e9, amplifiant les aigus comme les graves.<\/li>\n<li><strong>Durabilit\u00e9<\/strong>\u00a0: Fabriqu\u00e9s avec des mat\u00e9riaux de qualit\u00e9 et une ing\u00e9nierie de pr\u00e9cision, ces haut-parleurs sont con\u00e7us pour durer et r\u00e9sister \u00e0 l&rsquo;usure quotidienne.<\/li>\n<li><strong>Installation facile<\/strong>\u00a0: Gr\u00e2ce \u00e0 leur ajustement parfait et \u00e0 leur conception sp\u00e9cifique pour le Thinkpad L540, l&rsquo;installation ou le remplacement des haut-parleurs est simple et vous permet de retrouver un son exceptionnel en un rien de temps.<\/li>\n<li><strong>Performances optimales<\/strong>\u00a0: Am\u00e9liorez les capacit\u00e9s audio de votre ordinateur portable avec des composants con\u00e7us pour offrir des performances optimales. Ne laissez pas une qualit\u00e9 sonore m\u00e9diocre g\u00e2cher votre exp\u00e9rience. Optez pour les haut-parleurs d&rsquo;origine 04X4889 et constatez la diff\u00e9rence.\n<\/ol>\n<p>Pour les utilisateurs de Thinkpad L540 qui privil\u00e9gient la qualit\u00e9 sonore et souhaitent profiter d&rsquo;une exp\u00e9rience audio enrichie, les haut-parleurs 04X4889 pour Lenovo Thinkpad L540 sont le choix id\u00e9al. Optimisez vos exp\u00e9riences multim\u00e9dias et b\u00e9n\u00e9ficiez d&rsquo;une qualit\u00e9 audio optimale. Choisissez l&rsquo;original, la qualit\u00e9 et laissez chaque note trouver sa place\u00a0! <\/p>\n<\/div>\n<\/div>\n<\/div>\n<div class=\"flex justify-between empty:hidden lg:block\">\n<div class=\"text-gray-400 flex self-end lg:self-center justify-center gizmo:lg:justify-start mt-2 gizmo:mt-0 visible lg:gap-1 lg:absolute lg:top-0 lg:translate-x-full lg:right-0 lg:mt-0 lg:pl-2 gap-2 md:gap-3\"><button class=\"flex ml-auto gizmo:ml-0 gap-2 items-center rounded-md p-1 text-xs gizmo:gap-1.5 gizmo:pl-0 dark:text-gray-400 dark:hover:bg-gray-700 dark:hover:text-gray-200 d\u00e9sactiv\u00e9\u00a0:\u00a0fonc\u00e9\u00a0:\u00a0survol\u00a0:\u00a0texte-gris-400 survol\u00a0:\u00a0arri\u00e8re-plan-gris-100 survol\u00a0:\u00a0texte-gris-700\"><\/button><\/p>\n<div class=\"flex gap-1 gizmo:gap-3\"><\/div>\n<\/div>\n<\/div>\n<\/div>\n<\/div>\n<\/div>\n","protected":false},"excerpt":{"rendered":"<p>Haut-parleurs 04X4889 : Composants audio d&rsquo;origine pour Lenovo Thinkpad L540, garantissant un son clair et net.<\/p>\n","protected":false},"featured_media":9699,"template":"","meta":[],"product_brand":[],"product_cat":[54],"product_tag":[62],"class_list":{"0":"post-9631","1":"product","2":"type-product","3":"status-publish","4":"has-post-thumbnail","6":"product_cat-laptop-speakers","7":"product_tag-lenovo","9":"first","10":"instock","11":"taxable","12":"shipping-taxable","13":"purchasable","14":"product-type-simple"},"_links":{"self":[{"href":"https:\/\/boreait.com\/fr\/wp-json\/wp\/v2\/product\/9631","targetHints":{"allow":["GET"]}}],"collection":[{"href":"https:\/\/boreait.com\/fr\/wp-json\/wp\/v2\/product"}],"about":[{"href":"https:\/\/boreait.com\/fr\/wp-json\/wp\/v2\/types\/product"}],"wp:featuredmedia":[{"embeddable":true,"href":"https:\/\/boreait.com\/fr\/wp-json\/wp\/v2\/media\/9699"}],"wp:attachment":[{"href":"https:\/\/boreait.com\/fr\/wp-json\/wp\/v2\/media?parent=9631"}],"wp:term":[{"taxonomy":"product_brand","embeddable":true,"href":"https:\/\/boreait.com\/fr\/wp-json\/wp\/v2\/product_brand?post=9631"},{"taxonomy":"product_cat","embeddable":true,"href":"https:\/\/boreait.com\/fr\/wp-json\/wp\/v2\/product_cat?post=9631"},{"taxonomy":"product_tag","embeddable":true,"href":"https:\/\/boreait.com\/fr\/wp-json\/wp\/v2\/product_tag?post=9631"}],"curies":[{"name":"wp","href":"https:\/\/api.w.org\/{rel}","templated":true}]}}