{"id":9627,"date":"2025-09-15T15:00:10","date_gmt":"2025-09-15T13:00:10","guid":{"rendered":"https:\/\/boreait.com\/fr\/?post_type=product&#038;p=9627"},"modified":"2025-09-15T15:01:55","modified_gmt":"2025-09-15T13:01:55","slug":"carte-de-connecteur-du-repose-poignets-pour-bouton-dalimentation-et-media-lenovo-thinkpad-x1-carbon-1re-generation","status":"publish","type":"product","link":"https:\/\/boreait.com\/fr\/produit\/carte-de-connecteur-du-repose-poignets-pour-bouton-dalimentation-et-media-lenovo-thinkpad-x1-carbon-1re-generation\/","title":{"rendered":"Carte de connecteur du repose-poignets pour bouton d&rsquo;alimentation et m\u00e9dia Lenovo ThinkPad X1 Carbon 1re g\u00e9n\u00e9ration"},"content":{"rendered":"<p>Optimisez les fonctionnalit\u00e9s de votre ordinateur portable Lenovo ThinkPad X1 Carbon 1re g\u00e9n\u00e9ration gr\u00e2ce \u00e0 la carte de connexion du repose-poignets pour boutons d&rsquo;alimentation et multim\u00e9dia. Con\u00e7ue pour optimiser les commandes d&rsquo;alimentation et multim\u00e9dia de votre ordinateur portable, cette carte de connexion d&rsquo;origine assure une int\u00e9gration fluide et une ergonomie optimis\u00e9e pour une exp\u00e9rience informatique optimis\u00e9e.<\/p>\n<p>Fabriqu\u00e9e par Lenovo, une marque de confiance en mati\u00e8re de technologies informatiques, la carte de connexion du repose-poignets pour boutons d&rsquo;alimentation et multim\u00e9dia est con\u00e7ue pour offrir des fonctionnalit\u00e9s fiables et efficaces. Composant essentiel des syst\u00e8mes internes de votre ordinateur portable, cette carte joue un r\u00f4le essentiel dans le renforcement de votre contr\u00f4le des fonctions d&rsquo;alimentation et de lecture multim\u00e9dia.<\/p>\n<p>Que vous ayez besoin d&rsquo;un acc\u00e8s rapide aux fonctions d&rsquo;alimentation ou d&rsquo;un contr\u00f4le multim\u00e9dia pratique, cette carte de connexion vous offre la commodit\u00e9 et l&rsquo;efficacit\u00e9 dont vous avez besoin. R\u00e9glez facilement le volume, la lecture, la pause ou le saut de contenu multim\u00e9dia, et g\u00e9rez facilement les options d&rsquo;alimentation.<\/p>\n<p>L&rsquo;installation est simple gr\u00e2ce \u00e0 la conception OEM qui s&rsquo;aligne sur les composants d&rsquo;origine de votre ordinateur portable. En choisissant des pi\u00e8ces Lenovo authentiques, vous investissez dans la qualit\u00e9 et la fiabilit\u00e9 des commandes d&rsquo;alimentation et multim\u00e9dia de votre ordinateur portable.<\/p>\n<p>Am\u00e9liorez les fonctionnalit\u00e9s de votre ordinateur portable avec la carte de connexion du repose-poignets pour le Lenovo ThinkPad X1 Carbon 1re g\u00e9n\u00e9ration. B\u00e9n\u00e9ficiez d&rsquo;un contr\u00f4le accru de l&rsquo;alimentation et de la lecture multim\u00e9dia, de fonctions simplifi\u00e9es et d&rsquo;une ergonomie am\u00e9lior\u00e9e sur votre X1 Carbon. Optimisez votre exp\u00e9rience informatique gr\u00e2ce \u00e0 cette carte de connexion fiable et performante.<\/p>\n<p>Veuillez v\u00e9rifier la compatibilit\u00e9 avec votre mod\u00e8le d&rsquo;ordinateur portable avant d&rsquo;effectuer votre achat.<\/p>\n","protected":false},"excerpt":{"rendered":"<p>Am\u00e9liorez les commandes d&rsquo;alimentation et multim\u00e9dia de votre Lenovo ThinkPad X1 Carbon 1re g\u00e9n\u00e9ration gr\u00e2ce \u00e0 la carte de connexion du bouton d&rsquo;alimentation et du repose-poignets. Profitez de fonctions simplifi\u00e9es et d&rsquo;un contr\u00f4le \u00e9tendu.<\/p>\n","protected":false},"featured_media":9685,"template":"","meta":[],"product_brand":[],"product_cat":[63],"product_tag":[],"class_list":{"0":"post-9627","1":"product","2":"type-product","3":"status-publish","4":"has-post-thumbnail","6":"product_cat-motherboards-board-parts","8":"first","9":"instock","10":"taxable","11":"shipping-taxable","12":"purchasable","13":"product-type-simple"},"_links":{"self":[{"href":"https:\/\/boreait.com\/fr\/wp-json\/wp\/v2\/product\/9627","targetHints":{"allow":["GET"]}}],"collection":[{"href":"https:\/\/boreait.com\/fr\/wp-json\/wp\/v2\/product"}],"about":[{"href":"https:\/\/boreait.com\/fr\/wp-json\/wp\/v2\/types\/product"}],"wp:featuredmedia":[{"embeddable":true,"href":"https:\/\/boreait.com\/fr\/wp-json\/wp\/v2\/media\/9685"}],"wp:attachment":[{"href":"https:\/\/boreait.com\/fr\/wp-json\/wp\/v2\/media?parent=9627"}],"wp:term":[{"taxonomy":"product_brand","embeddable":true,"href":"https:\/\/boreait.com\/fr\/wp-json\/wp\/v2\/product_brand?post=9627"},{"taxonomy":"product_cat","embeddable":true,"href":"https:\/\/boreait.com\/fr\/wp-json\/wp\/v2\/product_cat?post=9627"},{"taxonomy":"product_tag","embeddable":true,"href":"https:\/\/boreait.com\/fr\/wp-json\/wp\/v2\/product_tag?post=9627"}],"curies":[{"name":"wp","href":"https:\/\/api.w.org\/{rel}","templated":true}]}}