{"id":9626,"date":"2025-09-15T15:00:09","date_gmt":"2025-09-15T13:00:09","guid":{"rendered":"https:\/\/boreait.com\/fr\/?post_type=product&#038;p=9626"},"modified":"2026-01-14T09:36:44","modified_gmt":"2026-01-14T08:36:44","slug":"paire-de-charnieres-decran-gauche-et-droite-pour-ordinateur-portable-asus-x553-x553m-x553ma","status":"publish","type":"product","link":"https:\/\/boreait.com\/fr\/produit\/paire-de-charnieres-decran-gauche-et-droite-pour-ordinateur-portable-asus-x553-x553m-x553ma\/","title":{"rendered":"Paire de charni\u00e8res d&rsquo;\u00e9cran gauche et droite pour ordinateur portable ASUS X553 X553M X553MA"},"content":{"rendered":"<p>Am\u00e9liorez les charni\u00e8res de votre ordinateur portable ASUS avec le kit de charni\u00e8res gauche et droite ASUS SonicMaster. Ces charni\u00e8res de remplacement ASUS d&rsquo;origine sont con\u00e7ues pour restaurer les fonctionnalit\u00e9s et l&rsquo;esth\u00e9tique de votre ordinateur portable. Que vous ayez une charni\u00e8re cass\u00e9e ou que vous souhaitiez simplement rafra\u00eechir l&rsquo;apparence de votre ordinateur portable, ces charni\u00e8res sont la solution id\u00e9ale.<\/p>\n<p>Fabriqu\u00e9 par ASUS, une marque de confiance dans le domaine des technologies informatiques, le kit de charni\u00e8res gauche et droite SonicMaster assure une int\u00e9gration parfaite avec votre ordinateur portable. Ces charni\u00e8res sont sp\u00e9cialement con\u00e7ues pour les ordinateurs portables ASUS, garantissant un ajustement parfait et des performances fiables.<\/p>\n<p>L&rsquo;installation est simple gr\u00e2ce \u00e0 une conception pr\u00e9cise qui correspond aux composants d&rsquo;origine de votre ordinateur portable. En choisissant des pi\u00e8ces ASUS authentiques, vous investissez dans la qualit\u00e9 et la long\u00e9vit\u00e9 de votre ordinateur portable.<\/p>\n<p>Am\u00e9liorez votre ordinateur portable avec le kit de charni\u00e8res gauche et droite ASUS SonicMaster et retrouvez ses fonctionnalit\u00e9s et son esth\u00e9tique. Assurez-vous que les charni\u00e8res de votre ordinateur portable fonctionnent parfaitement et soient comme neuves.<\/p>\n","protected":false},"excerpt":{"rendered":"<p>Am\u00e9liorez les charni\u00e8res de votre ordinateur portable ASUS avec le jeu de charni\u00e8res gauche et droite ASUS SonicMaster. Retrouvez fonctionnalit\u00e9 et esth\u00e9tique gr\u00e2ce \u00e0 ces charni\u00e8res de rechange ASUS d&rsquo;origine.<\/p>\n","protected":false},"featured_media":9684,"template":"","meta":[],"product_brand":[],"product_cat":[55],"product_tag":[66],"class_list":{"0":"post-9626","1":"product","2":"type-product","3":"status-publish","4":"has-post-thumbnail","6":"product_cat-screen-hinge","7":"product_tag-asus","9":"first","10":"instock","11":"taxable","12":"shipping-taxable","13":"purchasable","14":"product-type-simple"},"_links":{"self":[{"href":"https:\/\/boreait.com\/fr\/wp-json\/wp\/v2\/product\/9626","targetHints":{"allow":["GET"]}}],"collection":[{"href":"https:\/\/boreait.com\/fr\/wp-json\/wp\/v2\/product"}],"about":[{"href":"https:\/\/boreait.com\/fr\/wp-json\/wp\/v2\/types\/product"}],"wp:featuredmedia":[{"embeddable":true,"href":"https:\/\/boreait.com\/fr\/wp-json\/wp\/v2\/media\/9684"}],"wp:attachment":[{"href":"https:\/\/boreait.com\/fr\/wp-json\/wp\/v2\/media?parent=9626"}],"wp:term":[{"taxonomy":"product_brand","embeddable":true,"href":"https:\/\/boreait.com\/fr\/wp-json\/wp\/v2\/product_brand?post=9626"},{"taxonomy":"product_cat","embeddable":true,"href":"https:\/\/boreait.com\/fr\/wp-json\/wp\/v2\/product_cat?post=9626"},{"taxonomy":"product_tag","embeddable":true,"href":"https:\/\/boreait.com\/fr\/wp-json\/wp\/v2\/product_tag?post=9626"}],"curies":[{"name":"wp","href":"https:\/\/api.w.org\/{rel}","templated":true}]}}