{"id":9604,"date":"2025-09-15T14:59:41","date_gmt":"2025-09-15T12:59:41","guid":{"rendered":"https:\/\/boreait.com\/fr\/?post_type=product&#038;p=9604"},"modified":"2025-09-15T15:01:17","modified_gmt":"2025-09-15T13:01:17","slug":"coque-inferieure-en-carbone-pour-lenovo-thinkpad-x1-30-4rq07-xxx","status":"publish","type":"product","link":"https:\/\/boreait.com\/fr\/produit\/coque-inferieure-en-carbone-pour-lenovo-thinkpad-x1-30-4rq07-xxx\/","title":{"rendered":"Coque inf\u00e9rieure en carbone pour Lenovo ThinkPad X1 &#8211; 30.4rq07.xxx"},"content":{"rendered":"<p>Am\u00e9liorez et prot\u00e9gez votre ordinateur portable Lenovo ThinkPad X1 Carbon avec la coque inf\u00e9rieure pour Lenovo ThinkPad X1 Carbon. Cette coque inf\u00e9rieure d&rsquo;origine est con\u00e7ue pour offrir un maintien s\u00fbr, une excellente protection et une esth\u00e9tique \u00e9l\u00e9gante \u00e0 votre ordinateur portable. R\u00e9f.\u00a0: 30.4rq07.xxx<\/p>\n<p>Fabriqu\u00e9e par Lenovo, une marque de confiance en mati\u00e8re de technologies informatiques, cette coque inf\u00e9rieure assure une int\u00e9gration parfaite avec votre ThinkPad X1 Carbon. Con\u00e7ue sur mesure pour s&rsquo;adapter aux dimensions de l&rsquo;ordinateur portable et conserver sa finesse, elle offre une protection essentielle.<\/p>\n<p>Fabriqu\u00e9e \u00e0 partir de mat\u00e9riaux durables, cette coque inf\u00e9rieure prot\u00e8ge votre ordinateur portable des rayures, des \u00e9raflures et des chocs mineurs. C&rsquo;est l&rsquo;accessoire id\u00e9al si vous \u00eates toujours en d\u00e9placement ou si vous souhaitez simplement pr\u00e9server l&rsquo;\u00e9tat impeccable de votre ordinateur portable.<\/p>\n<p>Sa conception pr\u00e9cise permet un acc\u00e8s facile \u00e0 tous les ports et fonctionnalit\u00e9s de votre ordinateur portable sans retirer la coque. De plus, elle est dot\u00e9e de pieds caoutchout\u00e9s pour une meilleure stabilit\u00e9 et une protection optimale.<\/p>\n<p>L&rsquo;installation est un jeu d&rsquo;enfant\u00a0: il suffit de clipser la coque inf\u00e9rieure sur votre Lenovo ThinkPad X1 Carbon et vous \u00eates pr\u00eat \u00e0 partir. Optimisez la protection de votre ordinateur portable, pr\u00e9servez son \u00e9l\u00e9gance et optimisez sa durabilit\u00e9 gr\u00e2ce \u00e0 cet accessoire Lenovo d&rsquo;origine.<\/p>\n<p>Am\u00e9liorez votre ordinateur portable avec la coque inf\u00e9rieure Lenovo ThinkPad X1 Carbon et assurez-vous qu&rsquo;il soit bien prot\u00e9g\u00e9 et entretenu avec \u00e9l\u00e9gance.<\/p>\n<p>Veuillez v\u00e9rifier la compatibilit\u00e9 avec votre mod\u00e8le d&rsquo;ordinateur portable avant d&rsquo;effectuer un achat.<\/p>\n","protected":false},"excerpt":{"rendered":"<p>Prot\u00e9gez et sublimez votre ordinateur portable Lenovo ThinkPad X1 Carbon avec la coque inf\u00e9rieure d&rsquo;origine Lenovo ThinkPad X1 Carbon. Facile \u00e0 installer, elle offre une excellente protection tout en pr\u00e9servant l&rsquo;\u00e9l\u00e9gance de votre ordinateur.<\/p>\n","protected":false},"featured_media":9664,"template":"","meta":[],"product_brand":[],"product_cat":[52],"product_tag":[62],"class_list":{"0":"post-9604","1":"product","2":"type-product","3":"status-publish","4":"has-post-thumbnail","6":"product_cat-laptop-housing","7":"product_tag-lenovo","9":"first","10":"instock","11":"taxable","12":"shipping-taxable","13":"purchasable","14":"product-type-simple"},"_links":{"self":[{"href":"https:\/\/boreait.com\/fr\/wp-json\/wp\/v2\/product\/9604","targetHints":{"allow":["GET"]}}],"collection":[{"href":"https:\/\/boreait.com\/fr\/wp-json\/wp\/v2\/product"}],"about":[{"href":"https:\/\/boreait.com\/fr\/wp-json\/wp\/v2\/types\/product"}],"wp:featuredmedia":[{"embeddable":true,"href":"https:\/\/boreait.com\/fr\/wp-json\/wp\/v2\/media\/9664"}],"wp:attachment":[{"href":"https:\/\/boreait.com\/fr\/wp-json\/wp\/v2\/media?parent=9604"}],"wp:term":[{"taxonomy":"product_brand","embeddable":true,"href":"https:\/\/boreait.com\/fr\/wp-json\/wp\/v2\/product_brand?post=9604"},{"taxonomy":"product_cat","embeddable":true,"href":"https:\/\/boreait.com\/fr\/wp-json\/wp\/v2\/product_cat?post=9604"},{"taxonomy":"product_tag","embeddable":true,"href":"https:\/\/boreait.com\/fr\/wp-json\/wp\/v2\/product_tag?post=9604"}],"curies":[{"name":"wp","href":"https:\/\/api.w.org\/{rel}","templated":true}]}}