{"id":9568,"date":"2025-09-15T14:58:53","date_gmt":"2025-09-15T12:58:53","guid":{"rendered":"https:\/\/boreait.com\/fr\/?post_type=product&#038;p=9568"},"modified":"2025-09-15T15:00:27","modified_gmt":"2025-09-15T13:00:27","slug":"haut-parleur-pour-ordinateur-portable-hp-compaq-cq610-cq615-cq620-cq625-605792-001-570286-001-hp-625","status":"publish","type":"product","link":"https:\/\/boreait.com\/fr\/produit\/haut-parleur-pour-ordinateur-portable-hp-compaq-cq610-cq615-cq620-cq625-605792-001-570286-001-hp-625\/","title":{"rendered":"Haut-parleur pour ordinateur portable HP COMPAQ CQ610 CQ615 CQ620 CQ625 605792-001 570286-001 HP 625"},"content":{"rendered":"<p>Am\u00e9liorez votre exp\u00e9rience audio avec le haut-parleur HP 625. Con\u00e7u pour am\u00e9liorer la qualit\u00e9 et la clart\u00e9 du son, ce haut-parleur HP authentique est le compl\u00e9ment id\u00e9al pour votre ordinateur portable ou de bureau. Fabriqu\u00e9 avec pr\u00e9cision par HP, une marque de confiance en mati\u00e8re de technologie informatique, ce haut-parleur garantit une int\u00e9gration parfaite avec votre appareil pour des performances audio am\u00e9lior\u00e9es.<\/p>\n<p>Que vous regardiez des films, \u00e9coutiez de la musique ou participiez \u00e0 des visioconf\u00e9rences, le haut-parleur HP 625 offre une qualit\u00e9 sonore exceptionnelle. Sa conception de pr\u00e9cision vous garantit une clart\u00e9 cristalline, rendant vos exp\u00e9riences multim\u00e9dias et de communication plus immersives.<\/p>\n<p>L&rsquo;installation est un jeu d&rsquo;enfant gr\u00e2ce \u00e0 sa conception conviviale qui s&rsquo;adapte parfaitement \u00e0 votre ordinateur portable ou de bureau. En choisissant des composants HP authentiques, vous investissez dans la qualit\u00e9 et la fiabilit\u00e9 de votre exp\u00e9rience audio.<\/p>\n<p>Am\u00e9liorez les capacit\u00e9s audio de votre ordinateur portable ou de bureau avec le haut-parleur HP 625. Profitez d&rsquo;une qualit\u00e9 sonore am\u00e9lior\u00e9e et am\u00e9liorez vos exp\u00e9riences audio. Plongez dans un monde de son clair et vibrant avec ce haut-parleur fiable et efficace. <\/p>\n<p>Veuillez v\u00e9rifier la compatibilit\u00e9 avec votre mod\u00e8le d&rsquo;ordinateur portable ou de bureau avant d&rsquo;effectuer un achat.<\/p>\n","protected":false},"excerpt":{"rendered":"<p>Am\u00e9liorez votre exp\u00e9rience audio avec le haut-parleur HP 625. Profitez d&rsquo;une qualit\u00e9 sonore et d&rsquo;une clart\u00e9 am\u00e9lior\u00e9es pour vos films, votre musique et vos visioconf\u00e9rences.<\/p>\n","protected":false},"featured_media":9637,"template":"","meta":[],"product_brand":[],"product_cat":[54],"product_tag":[61],"class_list":{"0":"post-9568","1":"product","2":"type-product","3":"status-publish","4":"has-post-thumbnail","6":"product_cat-laptop-speakers","7":"product_tag-hp","9":"first","10":"instock","11":"taxable","12":"shipping-taxable","13":"purchasable","14":"product-type-simple"},"_links":{"self":[{"href":"https:\/\/boreait.com\/fr\/wp-json\/wp\/v2\/product\/9568","targetHints":{"allow":["GET"]}}],"collection":[{"href":"https:\/\/boreait.com\/fr\/wp-json\/wp\/v2\/product"}],"about":[{"href":"https:\/\/boreait.com\/fr\/wp-json\/wp\/v2\/types\/product"}],"wp:featuredmedia":[{"embeddable":true,"href":"https:\/\/boreait.com\/fr\/wp-json\/wp\/v2\/media\/9637"}],"wp:attachment":[{"href":"https:\/\/boreait.com\/fr\/wp-json\/wp\/v2\/media?parent=9568"}],"wp:term":[{"taxonomy":"product_brand","embeddable":true,"href":"https:\/\/boreait.com\/fr\/wp-json\/wp\/v2\/product_brand?post=9568"},{"taxonomy":"product_cat","embeddable":true,"href":"https:\/\/boreait.com\/fr\/wp-json\/wp\/v2\/product_cat?post=9568"},{"taxonomy":"product_tag","embeddable":true,"href":"https:\/\/boreait.com\/fr\/wp-json\/wp\/v2\/product_tag?post=9568"}],"curies":[{"name":"wp","href":"https:\/\/api.w.org\/{rel}","templated":true}]}}