{"id":9546,"date":"2025-09-15T14:58:30","date_gmt":"2025-09-15T12:58:30","guid":{"rendered":"https:\/\/boreait.com\/fr\/?post_type=product&#038;p=9546"},"modified":"2026-01-09T14:19:52","modified_gmt":"2026-01-09T13:19:52","slug":"ensemble-de-charnieres-gauche-et-droite-lenovo-pour-thinkpad-t440p-04x5426-04x5425","status":"publish","type":"product","link":"https:\/\/boreait.com\/fr\/produit\/ensemble-de-charnieres-gauche-et-droite-lenovo-pour-thinkpad-t440p-04x5426-04x5425\/","title":{"rendered":"Ensemble de charni\u00e8res gauche et droite Lenovo pour ThinkPad T440P 04X5426 04X5425"},"content":{"rendered":"<p>Am\u00e9liorez la durabilit\u00e9 et la fonctionnalit\u00e9 de votre <span role=\"heading\" aria-level=\"3\">Kit de charni\u00e8res Lenovo G et D pour ThinkPad T440P 04X5426 04X5425<\/span>.<\/p>\n<p>Ce kit de charni\u00e8res d&rsquo;origine est con\u00e7u pour offrir un support fiable \u00e0 l&rsquo;\u00e9cran de votre ordinateur portable, garantissant une ouverture et une fermeture fluides tout en maintenant un alignement optimal.<\/p>\n<p>Fabriqu\u00e9es par Lenovo, leader reconnu en mati\u00e8re de technologies informatiques, les charni\u00e8res gauche et droite pour ThinkPad sont con\u00e7ues pour une int\u00e9gration parfaite avec votre ordinateur portable. Ces charni\u00e8res jouent un r\u00f4le crucial dans le maintien de l&rsquo;int\u00e9grit\u00e9 structurelle de votre ordinateur portable, emp\u00eachant l&rsquo;\u00e9cran de vaciller et assurant une connexion s\u00e9curis\u00e9e entre l&rsquo;\u00e9cran et la base.<\/p>\n<p>Que vous soyez un professionnel utilisant votre ordinateur portable pour le travail ou un \u00e9tudiant l&rsquo;utilisant pour ses \u00e9tudes, ces charni\u00e8res offrent la stabilit\u00e9 et la r\u00e9sistance n\u00e9cessaires \u00e0 une utilisation quotidienne. Elles sont sp\u00e9cialement con\u00e7ues pour s&rsquo;adapter aux composants d&rsquo;origine de votre ordinateur portable ThinkPad, facilitant ainsi son installation. <\/p>\n<p>Am\u00e9liorez les charni\u00e8res de votre ordinateur portable avec les charni\u00e8res gauche et droite Lenovo ThinkPad d&rsquo;origine et profitez d&rsquo;une connexion d&rsquo;\u00e9cran plus robuste et plus fiable. Pr\u00e9servez l&rsquo;apparence et le fonctionnement optimal de votre ordinateur portable gr\u00e2ce \u00e0 ces charni\u00e8res fiables.<\/p>\n<p>Veuillez v\u00e9rifier la compatibilit\u00e9 avec votre mod\u00e8le d&rsquo;ordinateur portable avant d&rsquo;effectuer un achat.<\/p>\n","protected":false},"excerpt":{"rendered":"<p>Am\u00e9liorez la durabilit\u00e9 et les fonctionnalit\u00e9s de votre ordinateur portable Lenovo ThinkPad avec le jeu de charni\u00e8res gauche et droite Lenovo pour ThinkPad T440P 04X5426 04X5425. Ces charni\u00e8res d&rsquo;origine assurent une connexion s\u00e9curis\u00e9e de l&rsquo;\u00e9cran pour une ouverture et une fermeture en douceur.<\/p>\n","protected":false},"featured_media":9615,"template":"","meta":[],"product_brand":[],"product_cat":[55],"product_tag":[62],"class_list":{"0":"post-9546","1":"product","2":"type-product","3":"status-publish","4":"has-post-thumbnail","6":"product_cat-screen-hinge","7":"product_tag-lenovo","9":"first","10":"instock","11":"taxable","12":"shipping-taxable","13":"purchasable","14":"product-type-simple"},"_links":{"self":[{"href":"https:\/\/boreait.com\/fr\/wp-json\/wp\/v2\/product\/9546","targetHints":{"allow":["GET"]}}],"collection":[{"href":"https:\/\/boreait.com\/fr\/wp-json\/wp\/v2\/product"}],"about":[{"href":"https:\/\/boreait.com\/fr\/wp-json\/wp\/v2\/types\/product"}],"wp:featuredmedia":[{"embeddable":true,"href":"https:\/\/boreait.com\/fr\/wp-json\/wp\/v2\/media\/9615"}],"wp:attachment":[{"href":"https:\/\/boreait.com\/fr\/wp-json\/wp\/v2\/media?parent=9546"}],"wp:term":[{"taxonomy":"product_brand","embeddable":true,"href":"https:\/\/boreait.com\/fr\/wp-json\/wp\/v2\/product_brand?post=9546"},{"taxonomy":"product_cat","embeddable":true,"href":"https:\/\/boreait.com\/fr\/wp-json\/wp\/v2\/product_cat?post=9546"},{"taxonomy":"product_tag","embeddable":true,"href":"https:\/\/boreait.com\/fr\/wp-json\/wp\/v2\/product_tag?post=9546"}],"curies":[{"name":"wp","href":"https:\/\/api.w.org\/{rel}","templated":true}]}}