{"id":9526,"date":"2025-09-15T14:58:07","date_gmt":"2025-09-15T12:58:07","guid":{"rendered":"https:\/\/boreait.com\/fr\/?post_type=product&#038;p=9526"},"modified":"2026-01-09T14:09:15","modified_gmt":"2026-01-09T13:09:15","slug":"clavier-qwerty-uk-pour-toshiba-a200-a210-m200-m206-kfrsba124a-pk130180340-gris-gravure-slo","status":"publish","type":"product","link":"https:\/\/boreait.com\/fr\/produit\/clavier-qwerty-uk-pour-toshiba-a200-a210-m200-m206-kfrsba124a-pk130180340-gris-gravure-slo\/","title":{"rendered":"Clavier QWERTY UK pour Toshiba A200, A210, M200, M206, KFRSBA124A, PK130180340, gris (gravure SLO)"},"content":{"rendered":"<p>Am\u00e9liorez le clavier de votre ordinateur portable Toshiba A200, A210, M200 ou M206 avec le clavier QWERTY UK (avec gravure en slov\u00e8ne) Toshiba A200 A210 M200 M206 (r\u00e9f\u00e9rence\u00a0: KFRSBA124A, mod\u00e8le\u00a0: PK130180340) dans une \u00e9l\u00e9gante finition grise. Ce clavier de remplacement d&rsquo;origine est con\u00e7u pour vous offrir une exp\u00e9rience de frappe fluide, id\u00e9ale pour le travail comme pour les loisirs.<\/p>\n<p>Con\u00e7u avec pr\u00e9cision par Toshiba, une marque de confiance en mati\u00e8re de technologie informatique, ce clavier QWERTY UK garantit un ajustement parfait et des performances fiables sur vos ordinateurs portables compatibles. Sa disposition confortable des touches et son retour tactile facilitent la saisie, que vous r\u00e9digiez des documents, envoyiez des e-mails ou discutiez avec vos amis.<\/p>\n<p>La finition grise ajoute une touche de sophistication \u00e0 votre ordinateur portable tout en lui conservant un aspect \u00e9pur\u00e9 et professionnel. De plus, la disposition QWERTY UK est id\u00e9ale pour les utilisateurs habitu\u00e9s \u00e0 ce standard, garantissant une transition en douceur vers votre nouveau clavier.<\/p>\n<p>L&rsquo;installation est simple gr\u00e2ce \u00e0 la conception OEM qui s&rsquo;aligne sur les composants d&rsquo;origine de votre ordinateur portable Toshiba. En choisissant des pi\u00e8ces Toshiba authentiques, vous investissez dans la qualit\u00e9, la durabilit\u00e9 et la fiabilit\u00e9 du clavier de votre ordinateur portable.<\/p>\n<p>Am\u00e9liorez votre exp\u00e9rience de frappe avec le clavier QWERTY UK Toshiba A200 A210 M200 M206 dans une \u00e9l\u00e9gante finition grise. Profitez d&rsquo;une frappe confortable et efficace pour tous vos besoins informatiques, que ce soit au travail ou dans vos loisirs. Am\u00e9liorez l&rsquo;esth\u00e9tique et les fonctionnalit\u00e9s de votre ordinateur portable avec ce clavier de remplacement fiable et efficace.<\/p>\n","protected":false},"excerpt":{"rendered":"<p>Am\u00e9liorez le clavier de votre ordinateur portable Toshiba A200, A210, M200 ou M206 avec le clavier QWERTY UK Toshiba A200, A210, M200 et M206 (r\u00e9f\u00e9rence\u00a0: KFRSBA124A, mod\u00e8le\u00a0: PK130180340) en gris \u00e9l\u00e9gant. Profitez d&rsquo;une frappe confortable pour le travail comme pour les loisirs.<\/p>\n","protected":false},"featured_media":9593,"template":"","meta":[],"product_brand":[],"product_cat":[71],"product_tag":[70],"class_list":{"0":"post-9526","1":"product","2":"type-product","3":"status-publish","4":"has-post-thumbnail","6":"product_cat-laptop-keyboard","7":"product_tag-toshiba","9":"first","10":"instock","11":"taxable","12":"shipping-taxable","13":"purchasable","14":"product-type-simple"},"_links":{"self":[{"href":"https:\/\/boreait.com\/fr\/wp-json\/wp\/v2\/product\/9526","targetHints":{"allow":["GET"]}}],"collection":[{"href":"https:\/\/boreait.com\/fr\/wp-json\/wp\/v2\/product"}],"about":[{"href":"https:\/\/boreait.com\/fr\/wp-json\/wp\/v2\/types\/product"}],"wp:featuredmedia":[{"embeddable":true,"href":"https:\/\/boreait.com\/fr\/wp-json\/wp\/v2\/media\/9593"}],"wp:attachment":[{"href":"https:\/\/boreait.com\/fr\/wp-json\/wp\/v2\/media?parent=9526"}],"wp:term":[{"taxonomy":"product_brand","embeddable":true,"href":"https:\/\/boreait.com\/fr\/wp-json\/wp\/v2\/product_brand?post=9526"},{"taxonomy":"product_cat","embeddable":true,"href":"https:\/\/boreait.com\/fr\/wp-json\/wp\/v2\/product_cat?post=9526"},{"taxonomy":"product_tag","embeddable":true,"href":"https:\/\/boreait.com\/fr\/wp-json\/wp\/v2\/product_tag?post=9526"}],"curies":[{"name":"wp","href":"https:\/\/api.w.org\/{rel}","templated":true}]}}