{"id":9525,"date":"2025-09-15T14:58:07","date_gmt":"2025-09-15T12:58:07","guid":{"rendered":"https:\/\/boreait.com\/fr\/?post_type=product&#038;p=9525"},"modified":"2026-01-15T07:43:11","modified_gmt":"2026-01-15T06:43:11","slug":"nouveau-ssd-nvme-lexar-nm610-250-go-m-2-pcie","status":"publish","type":"product","link":"https:\/\/boreait.com\/fr\/produit\/nouveau-ssd-nvme-lexar-nm610-250-go-m-2-pcie\/","title":{"rendered":"NOUVEAU SSD NVME Lexar NM610 250 Go M.2 PCIE"},"content":{"rendered":"<p>\u00c0 la recherche de la prochaine r\u00e9volution en mati\u00e8re de composants pour ordinateurs portables\u00a0? Le SSD Lexar NM610 M.2 NVME 250\u00a0Go pourrait bien \u00eatre la solution. Con\u00e7u non seulement pour suivre l&rsquo;\u00e8re num\u00e9rique, il vous propulse au-del\u00e0. Voici pourquoi ce SSD devrait figurer sur votre liste\u00a0:<\/p>\n<ul>\n<li><strong>Performances exceptionnelles<\/strong>\u00a0: Plus besoin de perdre du temps \u00e0 attendre le transfert des fichiers ou le chargement des applications. Avec des vitesses de lecture s\u00e9quentielle allant jusqu&rsquo;\u00e0 2\u00a0100 Mo\/s, vous ex\u00e9cuterez vos t\u00e2ches \u00e0 une vitesse fulgurante.<\/li>\n<li><strong>Am\u00e9liorez votre exp\u00e9rience<\/strong>\u00a0: \u00c9quip\u00e9 de la technologie PCIe Gen3x4 NVMe 1.3 et int\u00e9gr\u00e9 \u00e0 la m\u00e9moire Flash NAND 3D, ce SSD garantit une exp\u00e9rience informatique fluide et efficace, de la mise sous tension \u00e0 l&rsquo;arr\u00eat.<\/li>\n<li><strong>Oubliez le SATA<\/strong>\u00a0: Passez au Lexar NM610 et profitez d&rsquo;une vitesse jusqu&rsquo;\u00e0 3,5 fois sup\u00e9rieure \u00e0 celle des SSD SATA standard. Ressentez le changement dans tous les aspects de votre informatique, des d\u00e9marrages plus rapides aux temps de chargement des logiciels plus courts.<\/li>\n<li><strong>Con\u00e7u pour durer<\/strong>\u00a0: Oubliez les soucis de disques durs traditionnels. Le SSD NM610, d\u00e9pourvu de pi\u00e8ces mobiles, est non seulement moins sujet aux pannes, mais il r\u00e9siste \u00e9galement aux chocs et aux vibrations, offrant ainsi robustesse et compacit\u00e9.<\/li>\n<li><strong>Efficacit\u00e9 \u00e9nerg\u00e9tique<\/strong>\u00a0: Profitez d&rsquo;une autonomie prolong\u00e9e gr\u00e2ce \u00e0 sa consommation d&rsquo;\u00e9nergie r\u00e9duite et \u00e0 son refroidissement, ce qui lui conf\u00e8re une longueur d&rsquo;avance sur les disques durs.<\/li>\n<li><strong>Sp\u00e9cifications en bref<\/strong>\u00a0:\n<ul>\n<li>Format\u00a0: M.2 2280<\/li>\n<li>Interface\u00a0: PCIe Gen3x4<\/li>\n<li>Temp\u00e9rature de fonctionnement\u00a0: 0 \u00b0C \u00e0 70 \u00b0C<\/li>\n<li>Dimensions\u00a0: 80 mm x 22 mm x 2,25 mm<\/li>\n<li>Poids\u00a0: seulement 9 g<\/li>\n<li>R\u00e9silience\u00a0: R\u00e9sistant aux chocs jusqu&rsquo;\u00e0 1\u00a0500 g et aux vibrations de 10 \u00e0 2\u00a0000 Hz<\/li>\n<li>Flash NAND\u00a0: NAND 3D avanc\u00e9e<\/li>\n<li>Long\u00e9vit\u00e9\u00a0: Avec un MTBF de 1\u00a0500\u00a0000 heures, il est con\u00e7u pour durer.<\/li>\n<\/ul>\n<\/li>\n<\/ul>\n<p>En mati\u00e8re de composants pour ordinateur portable, le SSD Lexar NM610 M.2 NVME 250\u00a0Go se distingue par sa performance exceptionnelle, alliant vitesse, fiabilit\u00e9 et efficacit\u00e9. Plus qu&rsquo;une simple solution de stockage, il s&rsquo;agit d&rsquo;une mise \u00e0 niveau qui transforme votre exp\u00e9rience informatique.<\/p>\n","protected":false},"excerpt":{"rendered":"<p>Am\u00e9liorez la performance de votre ordinateur portable avec le SSD Lexar NM610 M.2 NVMe\u00a0! Profitez de temps de chargement ultra-rapides, de d\u00e9marrages efficaces et de transferts rapides, avec des vitesses de lecture allant jusqu&rsquo;\u00e0 2\u00a0100\u00a0Mo\/s. Dot\u00e9 de la technologie NAND 3D de pointe, il constitue une excellente mise \u00e0 niveau pour tout ordinateur portable ou PC\u00a0!<\/p>\n","protected":false},"featured_media":9592,"template":"","meta":[],"product_brand":[],"product_cat":[67,68],"product_tag":[],"class_list":{"0":"post-9525","1":"product","2":"type-product","3":"status-publish","4":"has-post-thumbnail","6":"product_cat-ssd-hdd-drives","7":"product_cat-nvme","9":"first","10":"instock","11":"taxable","12":"shipping-taxable","13":"purchasable","14":"product-type-simple"},"_links":{"self":[{"href":"https:\/\/boreait.com\/fr\/wp-json\/wp\/v2\/product\/9525","targetHints":{"allow":["GET"]}}],"collection":[{"href":"https:\/\/boreait.com\/fr\/wp-json\/wp\/v2\/product"}],"about":[{"href":"https:\/\/boreait.com\/fr\/wp-json\/wp\/v2\/types\/product"}],"wp:featuredmedia":[{"embeddable":true,"href":"https:\/\/boreait.com\/fr\/wp-json\/wp\/v2\/media\/9592"}],"wp:attachment":[{"href":"https:\/\/boreait.com\/fr\/wp-json\/wp\/v2\/media?parent=9525"}],"wp:term":[{"taxonomy":"product_brand","embeddable":true,"href":"https:\/\/boreait.com\/fr\/wp-json\/wp\/v2\/product_brand?post=9525"},{"taxonomy":"product_cat","embeddable":true,"href":"https:\/\/boreait.com\/fr\/wp-json\/wp\/v2\/product_cat?post=9525"},{"taxonomy":"product_tag","embeddable":true,"href":"https:\/\/boreait.com\/fr\/wp-json\/wp\/v2\/product_tag?post=9525"}],"curies":[{"name":"wp","href":"https:\/\/api.w.org\/{rel}","templated":true}]}}