{"id":9507,"date":"2025-09-15T14:57:45","date_gmt":"2025-09-15T12:57:45","guid":{"rendered":"https:\/\/boreait.com\/fr\/?post_type=product&#038;p=9507"},"modified":"2025-09-15T14:59:04","modified_gmt":"2025-09-15T12:59:04","slug":"2-x-memoire-ram-samsung-m470t2953ez3-ce6-1-go-ddr2-667-mhz-pc2-5300-sodimm-pour-ordinateur-portable","status":"publish","type":"product","link":"https:\/\/boreait.com\/fr\/produit\/2-x-memoire-ram-samsung-m470t2953ez3-ce6-1-go-ddr2-667-mhz-pc2-5300-sodimm-pour-ordinateur-portable\/","title":{"rendered":"2 x M\u00c9MOIRE RAM Samsung M470T2953EZ3-CE6 1 Go DDR2 667 MHz PC2-5300 SODIMM pour ordinateur portable"},"content":{"rendered":"<p>Lot de 2\u00a0!<\/p>\n<p>Le module m\u00e9moire M470T2953EZ3-CE6 de 1\u00a0Go\u00a0: la rencontre entre performance et efficacit\u00e9\u00a0:<\/p>\n<p>Dans le monde informatique, la performance optimale repose sur la qualit\u00e9 des composants, et la RAM joue un r\u00f4le essentiel. D\u00e9couvrez le module m\u00e9moire M470T2953EZ3-CE6 de 1\u00a0Go, con\u00e7u pour optimiser les capacit\u00e9s de votre appareil, vous garantissant des temps de r\u00e9ponse rapides et un multit\u00e2che efficace. <\/p>\n<p><strong>Caract\u00e9ristiques principales<\/strong>\u00a0:<\/p>\n<ol>\n<li><strong>Une capacit\u00e9 fiable<\/strong>\u00a0: Avec une m\u00e9moire de 1\u00a0Go, ce module offre un espace suffisant pour g\u00e9rer plusieurs applications simultan\u00e9ment, r\u00e9duisant ainsi les latences et garantissant un fonctionnement plus fluide.<\/li>\n<li><strong>La polyvalence \u00e0 son meilleur<\/strong>\u00a0: Que vous mettiez \u00e0 niveau un ancien ordinateur portable ou que vous am\u00e9lioriez une station de travail robuste, le M470T2953EZ3-CE6 s&rsquo;int\u00e8gre parfaitement et est compatible avec une large gamme d&rsquo;appareils.<\/li>\n<li><strong>Qualit\u00e9 et durabilit\u00e9<\/strong>\u00a0: Fabriqu\u00e9 avec pr\u00e9cision et con\u00e7u pour durer, ce module m\u00e9moire vous garantit non seulement des performances rapides, mais aussi une fiabilit\u00e9 \u00e0 l&rsquo;\u00e9preuve du temps.<\/li>\n<li><strong>Facilit\u00e9 d&rsquo;installation<\/strong>\u00a0: Fini les configurations fastidieuses. Ce module est con\u00e7u pour une installation rapide et sans tracas, vous permettant de vous consacrer \u00e0 vos t\u00e2ches les plus importantes en un rien de temps.\n<\/ol>\n<p>Dans le monde num\u00e9rique en constante \u00e9volution, garder une longueur d&rsquo;avance est primordial. Le module m\u00e9moire M470T2953EZ3-CE6 de 1 Go est plus qu&rsquo;un simple composant\u00a0; c&rsquo;est un engagement pour une productivit\u00e9 accrue et des exp\u00e9riences informatiques plus fluides. Investissez dans la qualit\u00e9, la rapidit\u00e9 et l&rsquo;efficacit\u00e9. Mettez \u00e0 niveau d\u00e8s maintenant\u00a0!<\/p>\n","protected":false},"excerpt":{"rendered":"<p>2 x M470T2953EZ3-CE6 : Am\u00e9liorez les performances de votre appareil avec ce module de m\u00e9moire de 1 Go, garantissant un multit\u00e2che plus fluide et une puissance de calcul am\u00e9lior\u00e9e.<\/p>\n","protected":false},"featured_media":9574,"template":"","meta":[],"product_brand":[],"product_cat":[72],"product_tag":[],"class_list":{"0":"post-9507","1":"product","2":"type-product","3":"status-publish","4":"has-post-thumbnail","6":"product_cat-ram-memory","8":"first","9":"instock","10":"taxable","11":"shipping-taxable","12":"purchasable","13":"product-type-simple"},"_links":{"self":[{"href":"https:\/\/boreait.com\/fr\/wp-json\/wp\/v2\/product\/9507","targetHints":{"allow":["GET"]}}],"collection":[{"href":"https:\/\/boreait.com\/fr\/wp-json\/wp\/v2\/product"}],"about":[{"href":"https:\/\/boreait.com\/fr\/wp-json\/wp\/v2\/types\/product"}],"wp:featuredmedia":[{"embeddable":true,"href":"https:\/\/boreait.com\/fr\/wp-json\/wp\/v2\/media\/9574"}],"wp:attachment":[{"href":"https:\/\/boreait.com\/fr\/wp-json\/wp\/v2\/media?parent=9507"}],"wp:term":[{"taxonomy":"product_brand","embeddable":true,"href":"https:\/\/boreait.com\/fr\/wp-json\/wp\/v2\/product_brand?post=9507"},{"taxonomy":"product_cat","embeddable":true,"href":"https:\/\/boreait.com\/fr\/wp-json\/wp\/v2\/product_cat?post=9507"},{"taxonomy":"product_tag","embeddable":true,"href":"https:\/\/boreait.com\/fr\/wp-json\/wp\/v2\/product_tag?post=9507"}],"curies":[{"name":"wp","href":"https:\/\/api.w.org\/{rel}","templated":true}]}}