{"id":9438,"date":"2025-09-15T14:56:36","date_gmt":"2025-09-15T12:56:36","guid":{"rendered":"https:\/\/boreait.com\/fr\/?post_type=product&#038;p=9438"},"modified":"2026-01-09T13:54:06","modified_gmt":"2026-01-09T12:54:06","slug":"processeur-intel-celeron-m-540-sla2f-186-ghz-533-mhz-1-mo-lf80537","status":"publish","type":"product","link":"https:\/\/boreait.com\/fr\/produit\/processeur-intel-celeron-m-540-sla2f-186-ghz-533-mhz-1-mo-lf80537\/","title":{"rendered":"Processeur Intel Celeron\u00ae M 540 SLA2F 1,86 GHz 533 MHz 1 Mo LF80537"},"content":{"rendered":"<p>Am\u00e9liorez les performances de votre ordinateur avec le processeur Intel Celeron\u00ae M 540 SLA2F. Con\u00e7u pour offrir une puissance de traitement fiable, ce processeur optimise les capacit\u00e9s de votre syst\u00e8me, ce qui en fait le choix id\u00e9al pour diverses t\u00e2ches informatiques.<\/p>\n<p>Le processeur Intel Celeron\u00ae M 540 offre une fr\u00e9quence d&rsquo;horloge de 1,86 GHz et une vitesse de bus frontal de 533 MHz, pour un multit\u00e2che efficace et des performances r\u00e9actives. Avec 1 Mo de cache, ce processeur offre un acc\u00e8s rapide aux donn\u00e9es fr\u00e9quemment utilis\u00e9es, am\u00e9liorant ainsi sa vitesse et sa r\u00e9activit\u00e9.<\/p>\n<p>Que vous naviguiez sur le Web, travailliez sur des documents ou profitiez de contenu multim\u00e9dia, le processeur Intel Celeron\u00ae M 540 vous garantit une exp\u00e9rience informatique fluide et efficace. \u00c9quipez votre ordinateur portable ou de bureau de ce processeur pour b\u00e9n\u00e9ficier de performances am\u00e9lior\u00e9es et d&rsquo;une ex\u00e9cution plus rapide des t\u00e2ches.<\/p>\n<p>L&rsquo;installation est simple, \u00e0 condition de disposer d&rsquo;un syst\u00e8me compatible. Assurez-vous que votre carte m\u00e8re prend en charge le processeur SLA2F avant de proc\u00e9der \u00e0 la mise \u00e0 niveau. En choisissant le processeur Intel Celeron\u00ae M 540, vous investissez dans un processeur fiable et performant qui donnera un nouveau souffle \u00e0 votre ordinateur.<\/p>\n<p>Am\u00e9liorez les performances de votre ordinateur avec le processeur Intel Celeron\u00ae M 540 SLA2F. Profitez de vitesses de traitement plus rapides et de capacit\u00e9s multit\u00e2ches am\u00e9lior\u00e9es pour une exp\u00e9rience informatique plus r\u00e9active.<\/p>\n","protected":false},"excerpt":{"rendered":"<p>Am\u00e9liorez les performances de votre ordinateur avec le processeur Intel Celeron\u00ae M 540 SLA2F. Dot\u00e9 d&rsquo;une fr\u00e9quence d&rsquo;horloge de 1,86 GHz et d&rsquo;un cache de 1 Mo, il offre une puissance de traitement accrue pour diverses t\u00e2ches informatiques.<\/p>\n","protected":false},"featured_media":9515,"template":"","meta":[],"product_brand":[],"product_cat":[75],"product_tag":[],"class_list":{"0":"post-9438","1":"product","2":"type-product","3":"status-publish","4":"has-post-thumbnail","6":"product_cat-processors-cpu","8":"first","9":"instock","10":"taxable","11":"shipping-taxable","12":"purchasable","13":"product-type-simple"},"_links":{"self":[{"href":"https:\/\/boreait.com\/fr\/wp-json\/wp\/v2\/product\/9438","targetHints":{"allow":["GET"]}}],"collection":[{"href":"https:\/\/boreait.com\/fr\/wp-json\/wp\/v2\/product"}],"about":[{"href":"https:\/\/boreait.com\/fr\/wp-json\/wp\/v2\/types\/product"}],"wp:featuredmedia":[{"embeddable":true,"href":"https:\/\/boreait.com\/fr\/wp-json\/wp\/v2\/media\/9515"}],"wp:attachment":[{"href":"https:\/\/boreait.com\/fr\/wp-json\/wp\/v2\/media?parent=9438"}],"wp:term":[{"taxonomy":"product_brand","embeddable":true,"href":"https:\/\/boreait.com\/fr\/wp-json\/wp\/v2\/product_brand?post=9438"},{"taxonomy":"product_cat","embeddable":true,"href":"https:\/\/boreait.com\/fr\/wp-json\/wp\/v2\/product_cat?post=9438"},{"taxonomy":"product_tag","embeddable":true,"href":"https:\/\/boreait.com\/fr\/wp-json\/wp\/v2\/product_tag?post=9438"}],"curies":[{"name":"wp","href":"https:\/\/api.w.org\/{rel}","templated":true}]}}